{"id":92056,"date":"2017-07-02T00:56:09","date_gmt":"2017-07-02T00:56:09","guid":{"rendered":"http:\/\/www.ceramictiles.com\/srbija\/product\/projekt-plocice-cinca-arquitectos-victorian-green\/"},"modified":"2026-01-02T00:02:53","modified_gmt":"2026-01-02T00:02:53","slug":"projekt-plocice-cinca-arquitectos-victorian-green","status":"publish","type":"product","link":"https:\/\/www.keramika.com\/srbija\/projekt-plocice-cinca-arquitectos-victorian-green\/","title":{"rendered":"Projekt plo\u010dice Cinca Arquitectos Victorian Green"},"content":{"rendered":"<p>Plo\u010dica na sliki je 20&#215;20 cm. Plo\u010dice dolaze iz Portugala, koja je poznata po kvalitetnoj keramiki. Ova plo\u010dica je debela 7 mm i zato je izuzetno izdr\u017eljiva. Umesto 3098,1 RSD \u0161to je redovna maloprodajna cena keramike, u na\u0161oj online prodavnici, je mo\u017eete dobiti za samo 2478,25 RSD. Plo\u010dice zelene boje, su letos izuzetno tre\u017eene.<\/p>\n<p>Kliknite na ime serije za sve plo\u010dice u toj seriji: <a class=\"pdfcatal\" href=\"\/\/www.ceramictiles.com\/pdf\/cinca\/catalogue_cinca_arquitectos.pdf\" onclick=\"recordOutboundLink(this, 'E-mail', 'Description PDF');return false;\">Cinca Arquitectos<\/a><\/p>\n<p>Da bi naru\u010dili model iz PDF kataloga ove serije, molimo vas, da nas kontaktirate na: <a href=\"mailto:zo_mi@ceramictiles.com\" onclick=\"recordOutboundLink(this, 'E-mail', 'Description mail');return false;\">zo_mi@ceramictiles.com<\/a> ili nas pozovite na: For exact offer, PLS send us quantity and product you need with delivery address..<\/p>\n<p>Technical description: <br \/>  W 20&#215;20 ; 15&#215;15 <br \/>Arquitectos Cinza Nuvem ; Arquitectos Fr\u00e9sia ; Arquitectos Creme ; Arquitectos P\u00e9rola ; Arquitectos Rosa Baby ; Arquitectos Rosa P\u00e9tala ; Arquitectos Cinza P\u00e9rola ; Arquitectos Jasmim ; Arquitectos Areia ; Arquitectos Marfim ; Arquitectos Rosa Champagne ; Arquitectos Rosa Aurora ; Arquitectos Cinza Prata ; Arquitectos Amarelo \u00cdndio ; Arquitectos Bege Bahamas ; Arquitectos Bege Calahari ; Arquitectos Salm\u00e3o ; Arquitectos Orqu\u00eddea ; Arquitectos Cinza A\u00e7o ; Arquitectos Tangerina ; Arquitectos \u00c2mbar ; Arquitectos S\u00e2ndalo ; Arquitectos Burgundy ; Arquitectos P\u00farpura ; Arquitectos Cinza Profundo ; Arquitectos Camel ; Arquitectos Conhaque ; Arquitectos Moca ; Arquitectos Branco ; Arquitectos Amarelo ; Arquitectos Coral ; Arquitectos Cobalto ; Arquitectos Preto ; Arquitectos Azur ; Arquitectos Azul Celeste ; Arquitectos Azul Caribe ; Arquitectos Azul Cristal ; Arquitectos Verde Oceano ; Arquitectos Verde Mar ; Arquitectos Verde Maio ;<\/p>\n","protected":false},"excerpt":{"rendered":"<p>Plo\u010dica na sliki je 20&#215;20 cm. Plo\u010dice dolaze iz Portugala, koja je poznata po kvalitetnoj keramiki. Ova plo\u010dica je debela 7 mm i zato je izuzetno izdr\u017eljiva. Umesto 3098,1 RSD \u0161to je redovna maloprodajna cena keramike, u na\u0161oj online prodavnici, je mo\u017eete dobiti za samo 2478,25 RSD. Plo\u010dice zelene boje, su letos izuzetno tre\u017eene. Kliknite [&hellip;]<\/p>\n","protected":false},"featured_media":92057,"template":"","meta":[],"product_cat":[999968,200,999,290,250],"product_tag":[],"_links":{"self":[{"href":"https:\/\/www.keramika.com\/srbija\/wp-json\/wp\/v2\/product\/92056"}],"collection":[{"href":"https:\/\/www.keramika.com\/srbija\/wp-json\/wp\/v2\/product"}],"about":[{"href":"https:\/\/www.keramika.com\/srbija\/wp-json\/wp\/v2\/types\/product"}],"wp:featuredmedia":[{"embeddable":true,"href":"https:\/\/www.keramika.com\/srbija\/wp-json\/wp\/v2\/media\/92057"}],"wp:attachment":[{"href":"https:\/\/www.keramika.com\/srbija\/wp-json\/wp\/v2\/media?parent=92056"}],"wp:term":[{"taxonomy":"product_cat","embeddable":true,"href":"https:\/\/www.keramika.com\/srbija\/wp-json\/wp\/v2\/product_cat?post=92056"},{"taxonomy":"product_tag","embeddable":true,"href":"https:\/\/www.keramika.com\/srbija\/wp-json\/wp\/v2\/product_tag?post=92056"}],"curies":[{"name":"wp","href":"https:\/\/api.w.org\/{rel}","templated":true}]}}