{"id":92048,"date":"2017-07-02T00:54:56","date_gmt":"2017-07-02T00:54:56","guid":{"rendered":"http:\/\/www.ceramictiles.com\/srbija\/product\/projekt-plocice-cinca-adamastor-beige\/"},"modified":"2026-01-02T00:02:52","modified_gmt":"2026-01-02T00:02:52","slug":"projekt-plocice-cinca-adamastor-beige","status":"publish","type":"product","link":"https:\/\/www.keramika.com\/srbija\/projekt-plocice-cinca-adamastor-beige\/","title":{"rendered":"Projekt plo\u010dice Cinca Adamastor Beige"},"content":{"rendered":"<p>U maloprodaji bi morali za tu plo\u010dicu platiti 4593,1 RSD, online cena je samo 3674,25 RSD. Dimenzije ovih plo\u010dica su 50&#215;50 cm. Cinca Adamastor Beige dolazi iz Portugala, koja je poznata po vrlo visokoj kvaliteta keramike u svetu. Ove be\u017e kerami\u010dke plo\u010dice, obogatit \u0107e svaki prostor. Plo\u010dica je debela 10 mm, \u0161to je ubraja u tvrde plo\u010dice.<\/p>\n<p>Kliknite na ime serije za sve plo\u010dice u toj seriji: <a class=\"pdfcatal\" href=\"\/\/www.ceramictiles.com\/pdf\/cinca\/catalogue_cinca_adamastor.pdf\" onclick=\"recordOutboundLink(this, 'E-mail', 'Description PDF');return false;\">Cinca Adamastor<\/a><\/p>\n<p>Da bi naru\u010dili model iz PDF kataloga ove serije, molimo vas, da nas kontaktirate na: <a href=\"mailto:zo_mi@ceramictiles.com\" onclick=\"recordOutboundLink(this, 'E-mail', 'Description mail');return false;\">zo_mi@ceramictiles.com<\/a> ili nas pozovite na: For exact offer, PLS send us quantity and product you need with delivery address..<\/p>\n<p>Technical description: <br \/>  F 49&#215;99 ; 49&#215;49 ; 12&#215;49 ; 50&#215;50 <br \/>Adamastor Bege ; Adamastor Bronze ; Adamastor Castanho ; Adamastor Cinza ; Adamastor Antracite ; Adamastor Preto ;<\/p>\n","protected":false},"excerpt":{"rendered":"<p>U maloprodaji bi morali za tu plo\u010dicu platiti 4593,1 RSD, online cena je samo 3674,25 RSD. Dimenzije ovih plo\u010dica su 50&#215;50 cm. Cinca Adamastor Beige dolazi iz Portugala, koja je poznata po vrlo visokoj kvaliteta keramike u svetu. Ove be\u017e kerami\u010dke plo\u010dice, obogatit \u0107e svaki prostor. Plo\u010dica je debela 10 mm, \u0161to je ubraja u [&hellip;]<\/p>\n","protected":false},"featured_media":92049,"template":"","meta":[],"product_cat":[999968,200,220,240,999,250],"product_tag":[],"_links":{"self":[{"href":"https:\/\/www.keramika.com\/srbija\/wp-json\/wp\/v2\/product\/92048"}],"collection":[{"href":"https:\/\/www.keramika.com\/srbija\/wp-json\/wp\/v2\/product"}],"about":[{"href":"https:\/\/www.keramika.com\/srbija\/wp-json\/wp\/v2\/types\/product"}],"wp:featuredmedia":[{"embeddable":true,"href":"https:\/\/www.keramika.com\/srbija\/wp-json\/wp\/v2\/media\/92049"}],"wp:attachment":[{"href":"https:\/\/www.keramika.com\/srbija\/wp-json\/wp\/v2\/media?parent=92048"}],"wp:term":[{"taxonomy":"product_cat","embeddable":true,"href":"https:\/\/www.keramika.com\/srbija\/wp-json\/wp\/v2\/product_cat?post=92048"},{"taxonomy":"product_tag","embeddable":true,"href":"https:\/\/www.keramika.com\/srbija\/wp-json\/wp\/v2\/product_tag?post=92048"}],"curies":[{"name":"wp","href":"https:\/\/api.w.org\/{rel}","templated":true}]}}