{"id":91858,"date":"2019-06-11T00:31:29","date_gmt":"2019-06-11T00:31:29","guid":{"rendered":"http:\/\/www.ceramictiles.com\/srbija\/product\/slavina-za-bide-aple\/"},"modified":"2019-06-24T07:56:39","modified_gmt":"2019-06-24T07:56:39","slug":"radite-sa-nama","status":"publish","type":"product","link":"https:\/\/www.keramika.com\/srbija\/radite-sa-nama\/","title":{"rendered":"Radite sa nama"},"content":{"rendered":"<p>Dobrodo\u0161li u sekciju \u201eRadite sa nama\u201c e-Ceramica.<\/p>\n<p>Kontinuirano tra\u017eimo lokalne agente ili prodava\u010de.<br \/>\nPrihvatljiva su i privatna lica i kompanije. Jedini uslov je prodaja.<br \/>\nPo\u0161aljite nam svoje predloge na <em><strong><a href=\"mailto:zo_mi@ceramictiles.com\">mail za kontakt.<\/a><\/strong><\/em><\/p>\n<p><strong>Ekskluzva za proizvod &#8211; koraci:<\/strong><\/p>\n<p>1-Odaberite bilo koji predstavljeni proizvod iz <em><strong><a href=\"https:\/\/www.keramika.com\/srbija\/proizvodzaci\/\">Keramika &#8211; Srbija<\/a><\/strong><\/em> ili bilo kojeg proizvoda iz bilo kog kataloga <em><strong><a href=\"https:\/\/www.keramika.com\/srbija\/katalozi\/\">PDF katalozi<\/a><\/strong><\/em> i dobijate neto cene.<\/p>\n<p>2-Za 1 paletu mese\u010dno, imat c\u0301e te ekskluzvu u Srbiji za proizvod koji kupujete.<\/p>\n<p>3-Na stranici za va\u0161 proizvod za Srbiju, mi c\u0301emo dodati va\u0161e podatke (kontakt osoba, po\u0161ta, javna cijena\u2026 tako da ko god pogleda, kontaktirac\u0301e vas direktno.<\/p>\n<p>Prakti\u010dno &#8222;Prodajemo va\u0161e proizvode besplatno &#8222;, na va\u0161 ra\u010dun, kroz <a href=\"https:\/\/www.keramika.com\/srbija\/\">Keramika.com<\/a> , <a href=\"http:\/\/www.sanitarnakeramika.com\/\">Sanitarna keramika<\/a> , <a href=\"http:\/\/www.keramickeplocice.net\/\">Kerami\u010dke plo\u010dice net<\/a> i <a href=\"http:\/\/www.mosaictiles.com\/\">Mozaik plo\u010dice<\/a><\/p>\n<p><strong>Ekskluziva za va\u0161 grad &#8211; koraci:<\/strong><\/p>\n<p>&#8211; Naru\u010dite i kupite uzorak ( ili uzorke ) koje \u017eelite imati u svojoj radnji. Vrednost na fakturi za uzorke, vam se kroz 3% popusta za marketing vrati, tako da su uzorci, prakti\u010dno besplatini.<br \/>\n&#8211; Uzorci vam se dostave do Beograda ( tro\u0161kove carinskog postupka i eventualne dostave do va\u0161e adrese pla\u0107ate \u0161pediteru ) ili na va\u0161u adresu.<\/p>\n<p>\u0160ta dobijate :<\/p>\n<p>&#8211; Podatci o va\u0161oj radnji,vama i svim uzorcima koje imate se objave na sajtu. Imate dostup do neto cena za sve proizvode sa sajta.<br \/>\n&#8211; Sve kupce iz va\u0161eg grada vi servisirate. Postupak dobave je isti kao kod uzoraka.<\/p>\n<p>Ekskluzivu zadr\u017eavate tako dugo, dok svaki mesec ne\u0161to kupite od nas ( za Beograd je obavezan promet u dogovorenoj vrednosti na mese\u010dnom nivou )<\/p>\n<p>Po\u0161aljite nam svoje predloge na <em><strong><a href=\"mailto:zo_mi@ceramictiles.com\">mail za kontakt.<\/a><\/strong><\/em><\/p>\n<p><strong>e-Ceramica veleprodaja<\/strong><\/p>\n<p>Svi proizvodi su proizvedeni u EU sa EUR1 potvrdom<br \/>\nNeto cene za 1 paletu.<br \/>\nPla\u0107anje po predra\u010dunu.<br \/>\nIncoterms : EXW ( mo\u017eemo vam dati i ponudu sa prevozom do Beograda ).<\/p>\n<p>U koliko se odlu\u010dite i kupite bilo koji od slede\u0107ih poroivoda, mi \u0107e mo ga odstraniti iz veleprodaje i objavite kao va\u0161 ekskluzivni proizvod u Srbiji sa va\u0161im podatcima i cenom. Prodajemo ga samo vama !<br \/>\n<a href=\"mailto:zo_mi@ceramictiles.com\"><strong>Zahtjev za predra\u010dun<\/strong><\/a><\/p>\n<p>[vc_row][vc_column width=&#8220;1\/3&#8243;][vc_single_image source=&#8220;external_link&#8220; onclick=&#8220;link_image&#8220; custom_src=&#8220;https:\/\/www.ceramictiles.com\/images\/mosavit\/bruma_azul_piscina.jpg&#8220; el_class=&#8220;eheight&#8220;]<br \/>\n[vc_column_text]<strong><br \/>\n14,24 \u20ac\/m2 <\/strong><br \/>\nStaklene\u00a0mozaik plo\u010dice<br \/>\nMozaik plo\u010dice za bazene. Upotreba za pod i zid. Pakovanje 2m2\/box &#8211; 126 m2\/paleta &#8211; 1134 kg paleta<br \/>\n<a href=\"mailto:zo_mi@ceramictiles.com\">Zahtjev za ponudu<\/a>[\/vc_column_text][vc_separator color=&#8220;black&#8220; border_width=&#8220;2&#8243;]<br \/>\n[\/vc_column][vc_column width=&#8220;1\/3&#8243;][vc_single_image source=&#8220;external_link&#8220; onclick=&#8220;link_image&#8220; custom_src=&#8220;https:\/\/www.ceramictiles.com\/images\/nofer\/wash_basin.jpg&#8220; el_class=&#8220;eheight&#8220;]<br \/>\n[vc_column_text]<strong><br \/>\n24,50 \u20ac\/kom Inox umivaonik <\/strong><br \/>\n<a class=\"pdfcatal\" href=\"http:\/\/www.ceramictiles.com\/pdf\/catalogue_nofer.pdf\"> PDF katalog sa cenama<\/a><br \/>\nOprema za javne objekte i kupatila. Proizveden iz AISI 304 inox \u010delika. FI 405 mm &#8211; 20 kom\/pal.<br \/>\n<a href=\"mailto:zo_mi@ceramictiles.com\">Zahtjev za ponudu<\/a>[\/vc_column_text][vc_separator color=&#8220;black&#8220; border_width=&#8220;2&#8243;]<br \/>\n[\/vc_column][vc_column width=&#8220;1\/3&#8243;][vc_single_image source=&#8220;external_link&#8220; onclick=&#8220;link_image&#8220; custom_src=&#8220;https:\/\/www.ceramictiles.com\/images\/sanindusa\/107150.jpg&#8220; el_class=&#8220;eheight&#8220;]<br \/>\n[vc_column_text]<strong><br \/>\n40,52 \u20ac Tu\u0161 kada<\/strong><br \/>\n<a class=\"pdfcatal\" href=\"http:\/\/www.ceramictiles.com\/pdf\/catalogue_sanindusa.pdf\"> PDF katalog proizvoda i cene<\/a><br \/>\nKerami\u010dka od sne\u017eno belog porecalana za anti bakteriskom za\u0161titom. Dimenizija 700x700x80mm .<br \/>\n<a href=\"mailto:zo_mi@ceramictiles.com\">Zahtjev za ponudu<\/a>[\/vc_column_text][vc_separator color=&#8220;black&#8220; border_width=&#8220;2&#8243;]<br \/>\n[\/vc_column][vc_column width=&#8220;1\/3&#8243;][vc_single_image source=&#8220;external_link&#8220; onclick=&#8220;link_image&#8220; custom_src=&#8220;https:\/\/www.ceramictiles.com\/images\/e-ceramica\/metro_10x20_blanco.jpg&#8220; el_class=&#8220;eheight&#8220;]<br \/>\n[vc_column_text]<strong><br \/>\n8,84 \u20ac\/m2 Metro plo\u010dice<\/strong><br \/>\nBele plo\u010dice biselado za kuhinje. Dimenizija 10x20x7,5 cm. Pakovanje 1 m2\/12,7 kg &#8211; 1 pal.\/96 m2\/1225 kg.<br \/>\nGlazirani porcelan visoki sijaj<br \/>\n<a href=\"mailto:zo_mi@ceramictiles.com\">Zahtjev za ponudu<\/a>[\/vc_column_text][vc_separator color=&#8220;black&#8220; border_width=&#8220;2&#8243;]<br \/>\n[\/vc_column][vc_column width=&#8220;1\/3&#8243;][vc_single_image source=&#8220;external_link&#8220; onclick=&#8220;link_image&#8220; custom_src=&#8220;https:\/\/www.ceramictiles.com\/images\/grestejo\/1_15x24_ref_12706_peca_base_vermelho2.jpg&#8220; el_class=&#8220;eheight&#8220;]<br \/>\n[vc_column_text]<strong><br \/>\n8,72 \u20ac\/m2 Klinker plo\u010dice<\/strong><br \/>\n<a class=\"pdfcatal\" href=\"https:\/\/www.ceramictiles.com\/pdf\/catalogue_grestejo.pdf\"> PDF katalog dimenzije i boje<\/a><br \/>\nDimenizija 24x24x1,5 cm. Pakovanje 1 m2\/29 kg &#8211; 1 pal.\/48 m2\/1388 kg.Klinker je za indistriske objekte.<br \/>\n<a href=\"mailto:zo_mi@ceramictiles.com\">Zahtjev za ponudu<\/a>[\/vc_column_text][vc_separator color=&#8220;black&#8220; border_width=&#8220;2&#8243;]<br \/>\n[\/vc_column][vc_column width=&#8220;1\/3&#8243;][vc_single_image source=&#8220;external_link&#8220; onclick=&#8220;link_image&#8220; custom_src=&#8220;https:\/\/www.ceramictiles.com\/images\/e-ceramica\/white_tiles_20x20.jpg&#8220; el_class=&#8220;eheight&#8220;]<br \/>\n[vc_column_text]<strong><br \/>\n3,56 \u20ac\/m2 Bele kerami\u010dke plo\u010dice<\/strong><br \/>\n<a class=\"pdfcatal\" href=\"http:\/\/www.ceramictiles.com\/pdf\/e-ceramica\/ceramic_tiles_catalogue.pdf\"> PDF katalog dimenzije i boje<\/a><br \/>\nSijajne ili mat.Dimenizija 20x20x8 cm. Pakovanje 1 m2\/13,5 kg &#8211; 1 pal.\/96 m2\/1284kg.<br \/>\n<a href=\"mailto:zo_mi@ceramictiles.com\">Zahtjev za ponudu<\/a>[\/vc_column_text][vc_separator color=&#8220;black&#8220; border_width=&#8220;2&#8243;]<br \/>\n[\/vc_column][vc_column width=&#8220;1\/3&#8243;][vc_single_image source=&#8220;external_link&#8220; onclick=&#8220;link_image&#8220; custom_src=&#8220;https:\/\/www.ceramictiles.com\/images\/e-ceramica\/23x120_atelier_beige.jpg&#8220; el_class=&#8220;eheight&#8220;]<br \/>\n[vc_column_text]<strong><br \/>\n4,12 \u20ac\/m2 Kerami\u010dke plo\u010dice beige<\/strong><br \/>\n<a class=\"pdfcatal\" href=\"http:\/\/www.ceramictiles.com\/pdf\/e-ceramica\/ceramic_tiles_catalogue.pdf\"> PDF katalog dimenzije i boje<\/a><br \/>\nImitacija dreveta. Dimenizija 15,4&#215;60. Opcija su granitne plo\u010dice dimenzija: 33&#215;120; 24&#215;88; 15,3&#215;58,9 ; 22,5&#215;119,5 i 23,3&#215;120.<br \/>\n<a href=\"mailto:zo_mi@ceramictiles.com\">Zahtjev za ponudu<\/a>[\/vc_column_text][vc_separator color=&#8220;black&#8220; border_width=&#8220;2&#8243;]<br \/>\n[\/vc_column][vc_column width=&#8220;1\/3&#8243;][vc_single_image source=&#8220;external_link&#8220; onclick=&#8220;link_image&#8220; custom_src=&#8220;https:\/\/www.ceramictiles.com\/images\/e-ceramica\/23x120_atelier_gris.jpg&#8220; el_class=&#8220;eheight&#8220;]<br \/>\n[vc_column_text]<strong><br \/>\n4,12 \u20ac\/m2 Kerami\u010dke plo\u010dice gris<\/strong><br \/>\n<a class=\"pdfcatal\" href=\"http:\/\/www.ceramictiles.com\/pdf\/e-ceramica\/ceramic_tiles_catalogue.pdf\"> PDF katalog dimenzije i boje<\/a><br \/>\nImitacija dreveta. Dimenizija 15,4&#215;60. Opcija su granitne plo\u010dice dimenzija: 33&#215;120; 24&#215;88; 15,3&#215;58,9 ; 22,5&#215;119,5 i 23,3&#215;120.<br \/>\n<a href=\"mailto:zo_mi@ceramictiles.com\">Zahtjev za ponudu<\/a>[\/vc_column_text][vc_separator color=&#8220;black&#8220; border_width=&#8220;2&#8243;]<br \/>\n[\/vc_column][vc_column width=&#8220;1\/3&#8243;][vc_single_image source=&#8220;external_link&#8220; onclick=&#8220;link_image&#8220; custom_src=&#8220;https:\/\/www.ceramictiles.com\/images\/e-ceramica\/23x120_atelier_taupe.jpg&#8220; el_class=&#8220;eheight&#8220;]<br \/>\n[vc_column_text]<strong><br \/>\n4,12 \u20ac\/m2 Kerami\u010dke plo\u010dice taupe<\/strong><br \/>\n<a class=\"pdfcatal\" href=\"http:\/\/www.ceramictiles.com\/pdf\/e-ceramica\/ceramic_tiles_catalogue.pdf\"> PDF katalog dimenzije i boje<\/a><br \/>\nImitacija dreveta. Dimenizija 15,4&#215;60. Opcija su granitne plo\u010dice dimenzija: 33&#215;120; 24&#215;88; 15,3&#215;58,9 ; 22,5&#215;119,5 i 23,3&#215;120.<br \/>\n<a href=\"mailto:zo_mi@ceramictiles.com\">Zahtjev za ponudu<\/a>[\/vc_column_text][vc_separator color=&#8220;black&#8220; border_width=&#8220;2&#8243;]<br \/>\n[\/vc_column][vc_column width=&#8220;1\/3&#8243;][vc_single_image source=&#8220;external_link&#8220; onclick=&#8220;link_image&#8220; custom_src=&#8220;https:\/\/www.ceramictiles.com\/images\/e-ceramica\/23x120_atelier_blanco.jpg&#8220; el_class=&#8220;eheight&#8220;]<br \/>\n[vc_column_text]<strong><br \/>\n4,9 \u20ac\/m2 Granitne plo\u010dice blanco<\/strong><br \/>\n<a class=\"pdfcatal\" href=\"http:\/\/www.ceramictiles.com\/pdf\/e-ceramica\/ceramic_tiles_catalogue.pdf\"> PDF katalog dimenzije i boje<\/a><br \/>\nImitacija dreveta. Dimenizija 15,3&#215;58,9. Opcija su granitne plo\u010dice dimenzija: 24&#215;88 ; 22,5&#215;119,5 i 23,3&#215;120.<br \/>\n<a href=\"mailto:zo_mi@ceramictiles.com\">Zahtjev za ponudu<\/a>[\/vc_column_text][vc_separator color=&#8220;black&#8220; border_width=&#8220;2&#8243;]<br \/>\n[\/vc_column][vc_column width=&#8220;1\/3&#8243;][vc_single_image source=&#8220;external_link&#8220; onclick=&#8220;link_image&#8220; custom_src=&#8220;https:\/\/www.ceramictiles.com\/images\/e-ceramica\/23x120_atelier_natural.jpg&#8220; el_class=&#8220;eheight&#8220;]<br \/>\n[vc_column_text]<strong><br \/>\n4,9 \u20ac\/m2 Granitne plo\u010dice natural<\/strong><br \/>\n<a class=\"pdfcatal\" href=\"http:\/\/www.ceramictiles.com\/pdf\/e-ceramica\/ceramic_tiles_catalogue.pdf\"> PDF katalog dimenzije i boje<\/a><br \/>\nImitacija dreveta. Dimenizija 15,3&#215;58,9. Opcija su granitne plo\u010dice dimenzija: 24&#215;88 ; 22,5&#215;119,5 i 23,3&#215;120.<br \/>\n<a href=\"mailto:zo_mi@ceramictiles.com\">Zahtjev za ponudu<\/a>[\/vc_column_text][vc_separator color=&#8220;black&#8220; border_width=&#8220;2&#8243;]<br \/>\n[\/vc_column][vc_column width=&#8220;1\/3&#8243;][vc_single_image source=&#8220;external_link&#8220; onclick=&#8220;link_image&#8220; custom_src=&#8220;https:\/\/www.ceramictiles.com\/images\/e-ceramica\/23x120_atelier_wengue.jpg&#8220; el_class=&#8220;eheight&#8220;]<br \/>\n[vc_column_text]<strong><br \/>\n6,6 \u20ac\/m2 Granitne plo\u010dice wengue<\/strong><br \/>\n<a class=\"pdfcatal\" href=\"http:\/\/www.ceramictiles.com\/pdf\/e-ceramica\/ceramic_tiles_catalogue.pdf\"> PDF katalog dimenzije i boje<\/a><br \/>\nImitacija dreveta. Dimenizija 15,3&#215;58,9. Opcija su granitne plo\u010dice dimenzija: 33&#215;120.<br \/>\n<a href=\"mailto:zo_mi@ceramictiles.com\">Zahtjev za ponudu<\/a>[\/vc_column_text][vc_separator color=&#8220;black&#8220; border_width=&#8220;2&#8243;]<br \/>\n[\/vc_column][\/vc_row]<\/p>\n<p>\u0160ifra proizvoda: 6266<\/p>\n","protected":false},"excerpt":{"rendered":"<p>Dobrodo\u0161li u sekciju \u201eRadite sa nama\u201c e-Ceramica. Kontinuirano tra\u017eimo lokalne agente ili prodava\u010de. Prihvatljiva su i privatna lica i kompanije. Jedini uslov je prodaja. Po\u0161aljite nam svoje predloge na mail za kontakt. Ekskluzva za proizvod &#8211; koraci: 1-Odaberite bilo koji predstavljeni proizvod iz Keramika &#8211; Srbija ili bilo kojeg proizvoda iz bilo kog kataloga PDF [&hellip;]<\/p>\n","protected":false},"featured_media":99955,"template":"","meta":[],"product_cat":[99,200,100,500,400,999,300],"product_tag":[],"_links":{"self":[{"href":"https:\/\/www.keramika.com\/srbija\/wp-json\/wp\/v2\/product\/91858"}],"collection":[{"href":"https:\/\/www.keramika.com\/srbija\/wp-json\/wp\/v2\/product"}],"about":[{"href":"https:\/\/www.keramika.com\/srbija\/wp-json\/wp\/v2\/types\/product"}],"wp:featuredmedia":[{"embeddable":true,"href":"https:\/\/www.keramika.com\/srbija\/wp-json\/wp\/v2\/media\/99955"}],"wp:attachment":[{"href":"https:\/\/www.keramika.com\/srbija\/wp-json\/wp\/v2\/media?parent=91858"}],"wp:term":[{"taxonomy":"product_cat","embeddable":true,"href":"https:\/\/www.keramika.com\/srbija\/wp-json\/wp\/v2\/product_cat?post=91858"},{"taxonomy":"product_tag","embeddable":true,"href":"https:\/\/www.keramika.com\/srbija\/wp-json\/wp\/v2\/product_tag?post=91858"}],"curies":[{"name":"wp","href":"https:\/\/api.w.org\/{rel}","templated":true}]}}