{"id":91232,"date":"2017-07-02T23:14:32","date_gmt":"2017-07-02T23:14:32","guid":{"rendered":"http:\/\/www.ceramictiles.com\/srbija\/product\/pisoar-sa-poklopcom-jade\/"},"modified":"2026-01-02T00:01:01","modified_gmt":"2026-01-02T00:01:01","slug":"pisoar-sa-poklopcom-jade","status":"publish","type":"product","link":"https:\/\/www.keramika.com\/srbija\/pisoar-sa-poklopcom-jade\/","title":{"rendered":"Pisoar sa poklopcom Jade"},"content":{"rendered":"<p>Sa poklopcem i sifonom<br \/>\n\u0160ifra proizvoda: 104500<br \/>\nMaterijal: Vitreous China, lako \u010di\u0161c\u0301enje, dug \u017eivotni vek<br \/>\nDimenzija: 325x275x550<br \/>\nTe\u017eina: 12,8 kg<br \/>\nBoja : sne\u017eno bela<\/p>\n<p>Tehni\u010dki opis: \u0160ifra proizvoda: 104500<br \/>\n<a class=\"pdfcatal\" href=\"\/\/www.keramika.com\/pdf\/e-ceramica\/sanitary_ware_catalogue.pdf \">Sanitary Ware Catalogue <\/a><br \/><a class=\"pdfcatal\" href=\"\/\/www.keramika.com\/pdf\/e-ceramica\/handicaps_sanitary_ware_catalogue.pdf\">Handicaps Sanitary Ware Catalogue <\/a><br \/><a class=\"pdfcatal\" href=\"\/\/www.keramika.com\/pdf\/e-ceramica\/children's_sanitary_ware_catalogue.pdf\">Children&#8217;s Sanitary Ware Catalogue <\/a><br \/><a class=\"pdfcatal\" href=\"\/\/www.keramika.com\/pdf\/e-ceramica\/special_wash_basin_catalogue.pdf\">Special Wash Basin Catalogue <\/a><br \/><a class=\"pdfcatal\" href=\"\/\/www.keramika.com\/pdf\/e-ceramica\/shower_trays_catalogue.pdf\">Shower Trays Catalogue <\/a><br \/><a class=\"pdfcatal\" href=\"\/\/www.keramika.com\/pdf\/e-ceramica\/shower_doors&#038;cabins_catalogue.pdf\">Shower Doors&#038;Cabins Catalogue <\/a><br \/><a class=\"pdfcatal\" href=\"\/\/www.keramika.com\/pdf\/e-ceramica\/mixers.pdf\">Mixers <\/a><br \/><a class=\"pdfcatal\" href=\"\/\/www.keramika.com\/pdf\/e-ceramica\/bathroom_accessories_catalogue.pdf\">Bathroom Accessories Catalogue <\/a><br \/><a class=\"pdfcatal\" href=\"\/\/www.keramika.com\/pdf\/e-ceramica\/bathtubs_catalogue.pdf\">Bathtubs Catalogue <\/a><br \/><a class=\"pdfcatal\" href=\"\/\/www.keramika.com\/pdf\/e-ceramica\/hydromassage_catalogue.pdf\">Hydromassage Catalogue <\/a><br \/><a class=\"pdfcatal\" href=\"\/\/www.keramika.com\/pdf\/e-ceramica\/bathroom_furniture_catalogue.pdf\">Bathroom Furniture Catalogue<\/a><br \/><a class=\"pdfcatal\" href=\"\/\/www.keramika.com\/pdf\/e-ceramica\/inox_sanitary_ware.pdf\">Stainless steel sanitary ware catalogue <\/a><br ><\/p>\n","protected":false},"excerpt":{"rendered":"<p>Sa poklopcem i sifonom \u0160ifra proizvoda: 104500 Materijal: Vitreous China, lako \u010di\u0161c\u0301enje, dug \u017eivotni vek Dimenzija: 325x275x550 Te\u017eina: 12,8 kg Boja : sne\u017eno bela Tehni\u010dki opis: \u0160ifra proizvoda: 104500 Sanitary Ware Catalogue Handicaps Sanitary Ware Catalogue Children&#8217;s Sanitary Ware Catalogue Special Wash Basin Catalogue Shower Trays Catalogue Shower Doors&#038;Cabins Catalogue Mixers Bathroom Accessories Catalogue Bathtubs [&hellip;]<\/p>\n","protected":false},"featured_media":91233,"template":"","meta":[],"product_cat":[500,999,9991580,510,515,512],"product_tag":[],"_links":{"self":[{"href":"https:\/\/www.keramika.com\/srbija\/wp-json\/wp\/v2\/product\/91232"}],"collection":[{"href":"https:\/\/www.keramika.com\/srbija\/wp-json\/wp\/v2\/product"}],"about":[{"href":"https:\/\/www.keramika.com\/srbija\/wp-json\/wp\/v2\/types\/product"}],"wp:featuredmedia":[{"embeddable":true,"href":"https:\/\/www.keramika.com\/srbija\/wp-json\/wp\/v2\/media\/91233"}],"wp:attachment":[{"href":"https:\/\/www.keramika.com\/srbija\/wp-json\/wp\/v2\/media?parent=91232"}],"wp:term":[{"taxonomy":"product_cat","embeddable":true,"href":"https:\/\/www.keramika.com\/srbija\/wp-json\/wp\/v2\/product_cat?post=91232"},{"taxonomy":"product_tag","embeddable":true,"href":"https:\/\/www.keramika.com\/srbija\/wp-json\/wp\/v2\/product_tag?post=91232"}],"curies":[{"name":"wp","href":"https:\/\/api.w.org\/{rel}","templated":true}]}}