{"id":90962,"date":"2017-07-01T22:41:47","date_gmt":"2017-07-01T22:41:47","guid":{"rendered":"http:\/\/www.ceramictiles.com\/srbija\/product\/myr-york-crema\/"},"modified":"2026-01-01T00:03:12","modified_gmt":"2026-01-01T00:03:12","slug":"myr-york-crema","status":"publish","type":"product","link":"https:\/\/www.keramika.com\/srbija\/myr-york-crema\/","title":{"rendered":"Myr York Crema"},"content":{"rendered":"<p>Keramika je prekrasne be\u017e boje. U koliko \u017eelite neku drugu boju, pozovite nas i mi \u0107emo proveriti kod proizvo\u0111a\u010da. U maloprodaji bi morali za tu plo\u010dicu platiti 1935.45 RSD, online cena je samo 1549.05 RSD. \u0160irina i du\u017eina plo\u010dice su 45&#215;45 cm. Myr York Crema dolazi iz \u0160panije, koja je poznata po vrlo visokoj kvaliteta keramike u svetu. Ova plo\u010dica je debela 9 mm i zato je izuzetno izdr\u017eljiva.<\/p>\n<p>Kliknite na ime serije za sve plo\u010dice u toj seriji: <a class=\"pdfcatal\" href=\"\/\/www.ceramictiles.com\/pdf\/myr\/catalogue_ceramicasmyr_york.pdf\" onclick=\"recordOutboundLink(this, 'E-mail', 'Description PDF');return false;\">Ceramicas MYR York<\/a><\/p>\n<p>Da bi naru\u010dili model iz PDF kataloga ove serije, molimo vas, da nas kontaktirate na: <a href=\"mailto:zo_mi@ceramictiles.com\" onclick=\"recordOutboundLink(this, 'E-mail', 'Description mail');return false;\">zo_mi@ceramictiles.com<\/a> ili nas pozovite na: For exact offer, PLS send us quantity and product you need with delivery address..<\/p>\n","protected":false},"excerpt":{"rendered":"<p>Keramika je prekrasne be\u017e boje. U koliko \u017eelite neku drugu boju, pozovite nas i mi \u0107emo proveriti kod proizvo\u0111a\u010da. U maloprodaji bi morali za tu plo\u010dicu platiti 1935.45 RSD, online cena je samo 1549.05 RSD. \u0160irina i du\u017eina plo\u010dice su 45&#215;45 cm. Myr York Crema dolazi iz \u0160panije, koja je poznata po vrlo visokoj kvaliteta [&hellip;]<\/p>\n","protected":false},"featured_media":90963,"template":"","meta":[],"product_cat":[99910,200,220,999,250],"product_tag":[],"_links":{"self":[{"href":"https:\/\/www.keramika.com\/srbija\/wp-json\/wp\/v2\/product\/90962"}],"collection":[{"href":"https:\/\/www.keramika.com\/srbija\/wp-json\/wp\/v2\/product"}],"about":[{"href":"https:\/\/www.keramika.com\/srbija\/wp-json\/wp\/v2\/types\/product"}],"wp:featuredmedia":[{"embeddable":true,"href":"https:\/\/www.keramika.com\/srbija\/wp-json\/wp\/v2\/media\/90963"}],"wp:attachment":[{"href":"https:\/\/www.keramika.com\/srbija\/wp-json\/wp\/v2\/media?parent=90962"}],"wp:term":[{"taxonomy":"product_cat","embeddable":true,"href":"https:\/\/www.keramika.com\/srbija\/wp-json\/wp\/v2\/product_cat?post=90962"},{"taxonomy":"product_tag","embeddable":true,"href":"https:\/\/www.keramika.com\/srbija\/wp-json\/wp\/v2\/product_tag?post=90962"}],"curies":[{"name":"wp","href":"https:\/\/api.w.org\/{rel}","templated":true}]}}