{"id":90954,"date":"2017-07-01T22:40:29","date_gmt":"2017-07-01T22:40:29","guid":{"rendered":"http:\/\/www.ceramictiles.com\/srbija\/product\/myr-toledo-tabaco\/"},"modified":"2026-01-01T00:03:10","modified_gmt":"2026-01-01T00:03:10","slug":"myr-toledo-tabaco","status":"publish","type":"product","link":"https:\/\/www.keramika.com\/srbija\/myr-toledo-tabaco\/","title":{"rendered":"Myr Toledo Tabaco"},"content":{"rendered":"<p>Plo\u010dica je debela 9 mm, \u0161to je ubraja u tvrde plo\u010dice. U izboru plo\u010dica braon boje, ne mo\u017eete pogre\u0161iti. Veli\u010dina ove plo\u010dice je 45&#215;45 cm. Redovna cena, ovih plo\u010dica u maloprodaji je 1791.7 RSD. U na\u0161oj online trgovini, je mo\u017eete kupiti za 1434.05 RSD. plo\u010dica proizvo\u0111a\u010da Ceramicas MYR iz \u0160panije.<\/p>\n<p>Kliknite na ime serije za sve plo\u010dice u toj seriji: <a class=\"pdfcatal\" href=\"\/\/www.ceramictiles.com\/pdf\/myr\/catalogue_ceramicasmyr_toledo.pdf\" onclick=\"recordOutboundLink(this, 'E-mail', 'Description PDF');return false;\">Ceramicas MYR Toledo<\/a><\/p>\n<p>Da bi naru\u010dili model iz PDF kataloga ove serije, molimo vas, da nas kontaktirate na: <a href=\"mailto:zo_mi@ceramictiles.com\" onclick=\"recordOutboundLink(this, 'E-mail', 'Description mail');return false;\">zo_mi@ceramictiles.com<\/a> ili nas pozovite na: For exact offer, PLS send us quantity and product you need with delivery address..<\/p>\n","protected":false},"excerpt":{"rendered":"<p>Plo\u010dica je debela 9 mm, \u0161to je ubraja u tvrde plo\u010dice. U izboru plo\u010dica braon boje, ne mo\u017eete pogre\u0161iti. Veli\u010dina ove plo\u010dice je 45&#215;45 cm. Redovna cena, ovih plo\u010dica u maloprodaji je 1791.7 RSD. U na\u0161oj online trgovini, je mo\u017eete kupiti za 1434.05 RSD. plo\u010dica proizvo\u0111a\u010da Ceramicas MYR iz \u0160panije. Kliknite na ime serije za [&hellip;]<\/p>\n","protected":false},"featured_media":90955,"template":"","meta":[],"product_cat":[99910,200,230,240,999],"product_tag":[],"_links":{"self":[{"href":"https:\/\/www.keramika.com\/srbija\/wp-json\/wp\/v2\/product\/90954"}],"collection":[{"href":"https:\/\/www.keramika.com\/srbija\/wp-json\/wp\/v2\/product"}],"about":[{"href":"https:\/\/www.keramika.com\/srbija\/wp-json\/wp\/v2\/types\/product"}],"wp:featuredmedia":[{"embeddable":true,"href":"https:\/\/www.keramika.com\/srbija\/wp-json\/wp\/v2\/media\/90955"}],"wp:attachment":[{"href":"https:\/\/www.keramika.com\/srbija\/wp-json\/wp\/v2\/media?parent=90954"}],"wp:term":[{"taxonomy":"product_cat","embeddable":true,"href":"https:\/\/www.keramika.com\/srbija\/wp-json\/wp\/v2\/product_cat?post=90954"},{"taxonomy":"product_tag","embeddable":true,"href":"https:\/\/www.keramika.com\/srbija\/wp-json\/wp\/v2\/product_tag?post=90954"}],"curies":[{"name":"wp","href":"https:\/\/api.w.org\/{rel}","templated":true}]}}