{"id":90952,"date":"2017-07-01T22:40:08","date_gmt":"2017-07-01T22:40:08","guid":{"rendered":"http:\/\/www.ceramictiles.com\/srbija\/product\/myr-sabina-rojo\/"},"modified":"2026-01-01T00:03:10","modified_gmt":"2026-01-01T00:03:10","slug":"myr-sabina-rojo","status":"publish","type":"product","link":"https:\/\/www.keramika.com\/srbija\/myr-sabina-rojo\/","title":{"rendered":"Myr Sabina Rojo"},"content":{"rendered":"<p>Zbog ni\u017eih tro\u0161kova, online prodaje, Vi \u0107e te na na\u0161oj strani ove plo\u010de platiti samo 1857.25 RSD. 9 mm debljine je dovoljno za zahtevnije kupce. Ove plo\u010dice dolaze od proizvo\u0111a\u010da Ceramicas MYR, iz \u0160panije. Dimenzije ovih plo\u010dica su 25&#215;40 cm. Plo\u010dice braon boje, su letos izuzetno tre\u017eene.<\/p>\n<p>Kliknite na ime serije za sve plo\u010dice u toj seriji: <a class=\"pdfcatal\" href=\"\/\/www.ceramictiles.com\/pdf\/myr\/catalogue_ceramicasmyr_sabina.pdf\" onclick=\"recordOutboundLink(this, 'E-mail', 'Description PDF');return false;\">Ceramicas MYR Sabina<\/a><\/p>\n<p>Da bi naru\u010dili model iz PDF kataloga ove serije, molimo vas, da nas kontaktirate na: <a href=\"mailto:zo_mi@ceramictiles.com\" onclick=\"recordOutboundLink(this, 'E-mail', 'Description mail');return false;\">zo_mi@ceramictiles.com<\/a> ili nas pozovite na: For exact offer, PLS send us quantity and product you need with delivery address..<\/p>\n","protected":false},"excerpt":{"rendered":"<p>Zbog ni\u017eih tro\u0161kova, online prodaje, Vi \u0107e te na na\u0161oj strani ove plo\u010de platiti samo 1857.25 RSD. 9 mm debljine je dovoljno za zahtevnije kupce. Ove plo\u010dice dolaze od proizvo\u0111a\u010da Ceramicas MYR, iz \u0160panije. Dimenzije ovih plo\u010dica su 25&#215;40 cm. Plo\u010dice braon boje, su letos izuzetno tre\u017eene. Kliknite na ime serije za sve plo\u010dice u [&hellip;]<\/p>\n","protected":false},"featured_media":90953,"template":"","meta":[],"product_cat":[99910,200,220,999,250],"product_tag":[],"_links":{"self":[{"href":"https:\/\/www.keramika.com\/srbija\/wp-json\/wp\/v2\/product\/90952"}],"collection":[{"href":"https:\/\/www.keramika.com\/srbija\/wp-json\/wp\/v2\/product"}],"about":[{"href":"https:\/\/www.keramika.com\/srbija\/wp-json\/wp\/v2\/types\/product"}],"wp:featuredmedia":[{"embeddable":true,"href":"https:\/\/www.keramika.com\/srbija\/wp-json\/wp\/v2\/media\/90953"}],"wp:attachment":[{"href":"https:\/\/www.keramika.com\/srbija\/wp-json\/wp\/v2\/media?parent=90952"}],"wp:term":[{"taxonomy":"product_cat","embeddable":true,"href":"https:\/\/www.keramika.com\/srbija\/wp-json\/wp\/v2\/product_cat?post=90952"},{"taxonomy":"product_tag","embeddable":true,"href":"https:\/\/www.keramika.com\/srbija\/wp-json\/wp\/v2\/product_tag?post=90952"}],"curies":[{"name":"wp","href":"https:\/\/api.w.org\/{rel}","templated":true}]}}