{"id":90946,"date":"2017-07-01T22:39:10","date_gmt":"2017-07-01T22:39:10","guid":{"rendered":"http:\/\/www.ceramictiles.com\/srbija\/product\/myr-onice-caramelo\/"},"modified":"2026-01-01T00:03:09","modified_gmt":"2026-01-01T00:03:09","slug":"myr-onice-caramelo","status":"publish","type":"product","link":"https:\/\/www.keramika.com\/srbija\/myr-onice-caramelo\/","title":{"rendered":"Myr Onice Caramelo"},"content":{"rendered":"<p>Veli\u010dina ove plo\u010dice je 45&#215;45 cm. Myr Onice Caramelo je dostupna po vrlo povoljnim cenama 1434.05 RSD. Plo\u010dice dolaze iz \u0160panije, koja je poznata po kvalitetnoj keramiki. Ova plo\u010dica je debela 9 mm i zato je izuzetno izdr\u017eljiva. Plo\u010dice braon boje, su letos izuzetno tre\u017eene.<\/p>\n<p>Kliknite na ime serije za sve plo\u010dice u toj seriji: <a class=\"pdfcatal\" href=\"\/\/www.ceramictiles.com\/pdf\/myr\/catalogue_ceramicasmyr_onice.pdf\" onclick=\"recordOutboundLink(this, 'E-mail', 'Description PDF');return false;\">Ceramicas MYR Onice<\/a><\/p>\n<p>Da bi naru\u010dili model iz PDF kataloga ove serije, molimo vas, da nas kontaktirate na: <a href=\"mailto:zo_mi@ceramictiles.com\" onclick=\"recordOutboundLink(this, 'E-mail', 'Description mail');return false;\">zo_mi@ceramictiles.com<\/a> ili nas pozovite na: For exact offer, PLS send us quantity and product you need with delivery address..<\/p>\n","protected":false},"excerpt":{"rendered":"<p>Veli\u010dina ove plo\u010dice je 45&#215;45 cm. Myr Onice Caramelo je dostupna po vrlo povoljnim cenama 1434.05 RSD. Plo\u010dice dolaze iz \u0160panije, koja je poznata po kvalitetnoj keramiki. Ova plo\u010dica je debela 9 mm i zato je izuzetno izdr\u017eljiva. Plo\u010dice braon boje, su letos izuzetno tre\u017eene. Kliknite na ime serije za sve plo\u010dice u toj seriji: [&hellip;]<\/p>\n","protected":false},"featured_media":90947,"template":"","meta":[],"product_cat":[99910,200,230,240,999],"product_tag":[],"_links":{"self":[{"href":"https:\/\/www.keramika.com\/srbija\/wp-json\/wp\/v2\/product\/90946"}],"collection":[{"href":"https:\/\/www.keramika.com\/srbija\/wp-json\/wp\/v2\/product"}],"about":[{"href":"https:\/\/www.keramika.com\/srbija\/wp-json\/wp\/v2\/types\/product"}],"wp:featuredmedia":[{"embeddable":true,"href":"https:\/\/www.keramika.com\/srbija\/wp-json\/wp\/v2\/media\/90947"}],"wp:attachment":[{"href":"https:\/\/www.keramika.com\/srbija\/wp-json\/wp\/v2\/media?parent=90946"}],"wp:term":[{"taxonomy":"product_cat","embeddable":true,"href":"https:\/\/www.keramika.com\/srbija\/wp-json\/wp\/v2\/product_cat?post=90946"},{"taxonomy":"product_tag","embeddable":true,"href":"https:\/\/www.keramika.com\/srbija\/wp-json\/wp\/v2\/product_tag?post=90946"}],"curies":[{"name":"wp","href":"https:\/\/api.w.org\/{rel}","templated":true}]}}