{"id":90944,"date":"2017-07-01T22:38:52","date_gmt":"2017-07-01T22:38:52","guid":{"rendered":"http:\/\/www.ceramictiles.com\/srbija\/product\/myr-niza-azul\/"},"modified":"2026-01-01T00:03:09","modified_gmt":"2026-01-01T00:03:09","slug":"myr-niza-azul","status":"publish","type":"product","link":"https:\/\/www.keramika.com\/srbija\/myr-niza-azul\/","title":{"rendered":"Myr Niza Azul"},"content":{"rendered":"<p>\u0160irina i du\u017eina plo\u010dice su 20&#215;60 cm. 9 mm debljine je dovoljno za zahtevnije kupce. Izuzetno moderne plo\u010dice plave boje, osve\u017eit \u0107e svaki prostor. Online cena je samo 1857.25 RSD, dok redovna, maloprodajna cena 2320.7 RSD. Myr Niza Azul dolazi iz \u0160panije, koja je poznata po vrlo visokoj kvaliteta keramike u svetu.<\/p>\n<p>Kliknite na ime serije za sve plo\u010dice u toj seriji: <a class=\"pdfcatal\" href=\"\/\/www.ceramictiles.com\/pdf\/myr\/catalogue_ceramicasmyr_niza.pdf\" onclick=\"recordOutboundLink(this, 'E-mail', 'Description PDF');return false;\">Ceramicas MYR Niza<\/a><\/p>\n<p>Da bi naru\u010dili model iz PDF kataloga ove serije, molimo vas, da nas kontaktirate na: <a href=\"mailto:zo_mi@ceramictiles.com\" onclick=\"recordOutboundLink(this, 'E-mail', 'Description mail');return false;\">zo_mi@ceramictiles.com<\/a> ili nas pozovite na: For exact offer, PLS send us quantity and product you need with delivery address..<\/p>\n","protected":false},"excerpt":{"rendered":"<p>\u0160irina i du\u017eina plo\u010dice su 20&#215;60 cm. 9 mm debljine je dovoljno za zahtevnije kupce. Izuzetno moderne plo\u010dice plave boje, osve\u017eit \u0107e svaki prostor. Online cena je samo 1857.25 RSD, dok redovna, maloprodajna cena 2320.7 RSD. Myr Niza Azul dolazi iz \u0160panije, koja je poznata po vrlo visokoj kvaliteta keramike u svetu. Kliknite na ime [&hellip;]<\/p>\n","protected":false},"featured_media":90945,"template":"","meta":[],"product_cat":[99910,200,220,999,250],"product_tag":[],"_links":{"self":[{"href":"https:\/\/www.keramika.com\/srbija\/wp-json\/wp\/v2\/product\/90944"}],"collection":[{"href":"https:\/\/www.keramika.com\/srbija\/wp-json\/wp\/v2\/product"}],"about":[{"href":"https:\/\/www.keramika.com\/srbija\/wp-json\/wp\/v2\/types\/product"}],"wp:featuredmedia":[{"embeddable":true,"href":"https:\/\/www.keramika.com\/srbija\/wp-json\/wp\/v2\/media\/90945"}],"wp:attachment":[{"href":"https:\/\/www.keramika.com\/srbija\/wp-json\/wp\/v2\/media?parent=90944"}],"wp:term":[{"taxonomy":"product_cat","embeddable":true,"href":"https:\/\/www.keramika.com\/srbija\/wp-json\/wp\/v2\/product_cat?post=90944"},{"taxonomy":"product_tag","embeddable":true,"href":"https:\/\/www.keramika.com\/srbija\/wp-json\/wp\/v2\/product_tag?post=90944"}],"curies":[{"name":"wp","href":"https:\/\/api.w.org\/{rel}","templated":true}]}}