{"id":90942,"date":"2017-07-01T22:38:28","date_gmt":"2017-07-01T22:38:28","guid":{"rendered":"http:\/\/www.ceramictiles.com\/srbija\/product\/myr-nepal-beige\/"},"modified":"2026-01-01T00:03:09","modified_gmt":"2026-01-01T00:03:09","slug":"myr-nepal-beige","status":"publish","type":"product","link":"https:\/\/www.keramika.com\/srbija\/myr-nepal-beige\/","title":{"rendered":"Myr Nepal Beige"},"content":{"rendered":"<p>Plo\u010dica je debela 9 mm, \u0161to je ubraja u tvrde plo\u010dice. Myr Nepal Beige dolazi iz \u0160panije, koja je poznata po vrlo visokoj kvaliteta keramike u svetu. Plo\u010dice be\u017e boje, su letos izuzetno tre\u017eene. 1935.45 RSD je redovna prodajna cena keramike, tu pa samo 1549.05 RSD. Dimenzije ovih plo\u010dica su 30&#215;45 cm.<\/p>\n<p>Kliknite na ime serije za sve plo\u010dice u toj seriji: <a class=\"pdfcatal\" href=\"\/\/www.ceramictiles.com\/pdf\/myr\/catalogue_ceramicasmyr_nepal.pdf\" onclick=\"recordOutboundLink(this, 'E-mail', 'Description PDF');return false;\">Ceramicas MYR Nepal<\/a><\/p>\n<p>Da bi naru\u010dili model iz PDF kataloga ove serije, molimo vas, da nas kontaktirate na: <a href=\"mailto:zo_mi@ceramictiles.com\" onclick=\"recordOutboundLink(this, 'E-mail', 'Description mail');return false;\">zo_mi@ceramictiles.com<\/a> ili nas pozovite na: For exact offer, PLS send us quantity and product you need with delivery address..<\/p>\n","protected":false},"excerpt":{"rendered":"<p>Plo\u010dica je debela 9 mm, \u0161to je ubraja u tvrde plo\u010dice. Myr Nepal Beige dolazi iz \u0160panije, koja je poznata po vrlo visokoj kvaliteta keramike u svetu. Plo\u010dice be\u017e boje, su letos izuzetno tre\u017eene. 1935.45 RSD je redovna prodajna cena keramike, tu pa samo 1549.05 RSD. Dimenzije ovih plo\u010dica su 30&#215;45 cm. Kliknite na ime [&hellip;]<\/p>\n","protected":false},"featured_media":90943,"template":"","meta":[],"product_cat":[99910,200,220,999,250],"product_tag":[],"_links":{"self":[{"href":"https:\/\/www.keramika.com\/srbija\/wp-json\/wp\/v2\/product\/90942"}],"collection":[{"href":"https:\/\/www.keramika.com\/srbija\/wp-json\/wp\/v2\/product"}],"about":[{"href":"https:\/\/www.keramika.com\/srbija\/wp-json\/wp\/v2\/types\/product"}],"wp:featuredmedia":[{"embeddable":true,"href":"https:\/\/www.keramika.com\/srbija\/wp-json\/wp\/v2\/media\/90943"}],"wp:attachment":[{"href":"https:\/\/www.keramika.com\/srbija\/wp-json\/wp\/v2\/media?parent=90942"}],"wp:term":[{"taxonomy":"product_cat","embeddable":true,"href":"https:\/\/www.keramika.com\/srbija\/wp-json\/wp\/v2\/product_cat?post=90942"},{"taxonomy":"product_tag","embeddable":true,"href":"https:\/\/www.keramika.com\/srbija\/wp-json\/wp\/v2\/product_tag?post=90942"}],"curies":[{"name":"wp","href":"https:\/\/api.w.org\/{rel}","templated":true}]}}