{"id":90940,"date":"2017-07-01T22:38:10","date_gmt":"2017-07-01T22:38:10","guid":{"rendered":"http:\/\/www.ceramictiles.com\/srbija\/product\/myr-monaco-malva\/"},"modified":"2026-01-01T00:03:09","modified_gmt":"2026-01-01T00:03:09","slug":"myr-monaco-malva","status":"publish","type":"product","link":"https:\/\/www.keramika.com\/srbija\/myr-monaco-malva\/","title":{"rendered":"Myr Monaco Malva"},"content":{"rendered":"<p>Redovna cena, ovih plo\u010dica u maloprodaji je 1853.8 RSD. U na\u0161oj online trgovini, je mo\u017eete kupiti za 1483.5 RSD. Myr Monaco Malva je proizvod iz \u0160panije te je izuzetno kvalitetna. U izboru plo\u010dica ljubi\u010daste boje, ne mo\u017eete pogre\u0161iti. Veli\u010dina plo\u010dice je 33.3&#215;33.3 cm i odli\u010dna je za razli\u010dite povr\u0161ine. 9 mm debljine je dovoljno za zahtevnije kupce.<\/p>\n<p>Kliknite na ime serije za sve plo\u010dice u toj seriji: <a class=\"pdfcatal\" href=\"\/\/www.ceramictiles.com\/pdf\/myr\/catalogue_ceramicasmyr_monaco.pdf\" onclick=\"recordOutboundLink(this, 'E-mail', 'Description PDF');return false;\">Ceramicas MYR Monaco<\/a><\/p>\n<p>Da bi naru\u010dili model iz PDF kataloga ove serije, molimo vas, da nas kontaktirate na: <a href=\"mailto:zo_mi@ceramictiles.com\" onclick=\"recordOutboundLink(this, 'E-mail', 'Description mail');return false;\">zo_mi@ceramictiles.com<\/a> ili nas pozovite na: For exact offer, PLS send us quantity and product you need with delivery address..<\/p>\n","protected":false},"excerpt":{"rendered":"<p>Redovna cena, ovih plo\u010dica u maloprodaji je 1853.8 RSD. U na\u0161oj online trgovini, je mo\u017eete kupiti za 1483.5 RSD. Myr Monaco Malva je proizvod iz \u0160panije te je izuzetno kvalitetna. U izboru plo\u010dica ljubi\u010daste boje, ne mo\u017eete pogre\u0161iti. Veli\u010dina plo\u010dice je 33.3&#215;33.3 cm i odli\u010dna je za razli\u010dite povr\u0161ine. 9 mm debljine je dovoljno za [&hellip;]<\/p>\n","protected":false},"featured_media":90941,"template":"","meta":[],"product_cat":[99910,200,230,240,999],"product_tag":[],"_links":{"self":[{"href":"https:\/\/www.keramika.com\/srbija\/wp-json\/wp\/v2\/product\/90940"}],"collection":[{"href":"https:\/\/www.keramika.com\/srbija\/wp-json\/wp\/v2\/product"}],"about":[{"href":"https:\/\/www.keramika.com\/srbija\/wp-json\/wp\/v2\/types\/product"}],"wp:featuredmedia":[{"embeddable":true,"href":"https:\/\/www.keramika.com\/srbija\/wp-json\/wp\/v2\/media\/90941"}],"wp:attachment":[{"href":"https:\/\/www.keramika.com\/srbija\/wp-json\/wp\/v2\/media?parent=90940"}],"wp:term":[{"taxonomy":"product_cat","embeddable":true,"href":"https:\/\/www.keramika.com\/srbija\/wp-json\/wp\/v2\/product_cat?post=90940"},{"taxonomy":"product_tag","embeddable":true,"href":"https:\/\/www.keramika.com\/srbija\/wp-json\/wp\/v2\/product_tag?post=90940"}],"curies":[{"name":"wp","href":"https:\/\/api.w.org\/{rel}","templated":true}]}}