{"id":90938,"date":"2017-07-01T22:37:54","date_gmt":"2017-07-01T22:37:54","guid":{"rendered":"http:\/\/www.ceramictiles.com\/srbija\/product\/myr-modena-rosa\/"},"modified":"2026-01-01T00:03:08","modified_gmt":"2026-01-01T00:03:08","slug":"myr-modena-rosa","status":"publish","type":"product","link":"https:\/\/www.keramika.com\/srbija\/myr-modena-rosa\/","title":{"rendered":"Myr Modena Rosa"},"content":{"rendered":"<p>9 mm debljine je dovoljno za zahtevnije kupce. Umesto 2320.7 RSD \u0161to je redovna maloprodajna cena keramike, u na\u0161oj online prodavnici, je mo\u017eete dobiti za samo 1857.25 RSD. Izuzetno moderne plo\u010dice roze boje, osve\u017eit \u0107e svaki prostor. Plo\u010dica na sliki je 25&#215;40 cm. plo\u010dica proizvo\u0111a\u010da Ceramicas MYR iz \u0160panije.<\/p>\n<p>Kliknite na ime serije za sve plo\u010dice u toj seriji: <a class=\"pdfcatal\" href=\"\/\/www.ceramictiles.com\/pdf\/myr\/catalogue_ceramicasmyr_modena.pdf\" onclick=\"recordOutboundLink(this, 'E-mail', 'Description PDF');return false;\">Ceramicas MYR Modena<\/a><\/p>\n<p>Da bi naru\u010dili model iz PDF kataloga ove serije, molimo vas, da nas kontaktirate na: <a href=\"mailto:zo_mi@ceramictiles.com\" onclick=\"recordOutboundLink(this, 'E-mail', 'Description mail');return false;\">zo_mi@ceramictiles.com<\/a> ili nas pozovite na: For exact offer, PLS send us quantity and product you need with delivery address..<\/p>\n","protected":false},"excerpt":{"rendered":"<p>9 mm debljine je dovoljno za zahtevnije kupce. Umesto 2320.7 RSD \u0161to je redovna maloprodajna cena keramike, u na\u0161oj online prodavnici, je mo\u017eete dobiti za samo 1857.25 RSD. Izuzetno moderne plo\u010dice roze boje, osve\u017eit \u0107e svaki prostor. Plo\u010dica na sliki je 25&#215;40 cm. plo\u010dica proizvo\u0111a\u010da Ceramicas MYR iz \u0160panije. Kliknite na ime serije za sve [&hellip;]<\/p>\n","protected":false},"featured_media":90939,"template":"","meta":[],"product_cat":[99910,200,220,999,250],"product_tag":[],"_links":{"self":[{"href":"https:\/\/www.keramika.com\/srbija\/wp-json\/wp\/v2\/product\/90938"}],"collection":[{"href":"https:\/\/www.keramika.com\/srbija\/wp-json\/wp\/v2\/product"}],"about":[{"href":"https:\/\/www.keramika.com\/srbija\/wp-json\/wp\/v2\/types\/product"}],"wp:featuredmedia":[{"embeddable":true,"href":"https:\/\/www.keramika.com\/srbija\/wp-json\/wp\/v2\/media\/90939"}],"wp:attachment":[{"href":"https:\/\/www.keramika.com\/srbija\/wp-json\/wp\/v2\/media?parent=90938"}],"wp:term":[{"taxonomy":"product_cat","embeddable":true,"href":"https:\/\/www.keramika.com\/srbija\/wp-json\/wp\/v2\/product_cat?post=90938"},{"taxonomy":"product_tag","embeddable":true,"href":"https:\/\/www.keramika.com\/srbija\/wp-json\/wp\/v2\/product_tag?post=90938"}],"curies":[{"name":"wp","href":"https:\/\/api.w.org\/{rel}","templated":true}]}}