{"id":90936,"date":"2017-07-01T22:37:35","date_gmt":"2017-07-01T22:37:35","guid":{"rendered":"http:\/\/www.ceramictiles.com\/srbija\/product\/myr-metalic-grafi-to\/"},"modified":"2026-01-01T00:03:08","modified_gmt":"2026-01-01T00:03:08","slug":"myr-metalic-grafi-to","status":"publish","type":"product","link":"https:\/\/www.keramika.com\/srbija\/myr-metalic-grafi-to\/","title":{"rendered":"Myr Metalic Grafi to"},"content":{"rendered":"<p>U izboru plo\u010dica braon boje, ne mo\u017eete pogre\u0161iti. Debljina plo\u010dice, je vrlo va\u017ena 9 mm i ubraja tu plo\u010dicu me\u0111u najkvalitetnije. Dimenzije ovih plo\u010dica su 20&#215;60 cm. plo\u010dica proizvo\u0111a\u010da Ceramicas MYR iz \u0160panije. Umesto 2320.7 RSD \u0161to je redovna maloprodajna cena keramike, u na\u0161oj online prodavnici, je mo\u017eete dobiti za samo 1857.25 RSD.<\/p>\n<p>Kliknite na ime serije za sve plo\u010dice u toj seriji: <a class=\"pdfcatal\" href=\"\/\/www.ceramictiles.com\/pdf\/myr\/catalogue_ceramicasmyr_metalic.pdf\" onclick=\"recordOutboundLink(this, 'E-mail', 'Description PDF');return false;\">Ceramicas MYR Metalic<\/a><\/p>\n<p>Da bi naru\u010dili model iz PDF kataloga ove serije, molimo vas, da nas kontaktirate na: <a href=\"mailto:zo_mi@ceramictiles.com\" onclick=\"recordOutboundLink(this, 'E-mail', 'Description mail');return false;\">zo_mi@ceramictiles.com<\/a> ili nas pozovite na: For exact offer, PLS send us quantity and product you need with delivery address..<\/p>\n","protected":false},"excerpt":{"rendered":"<p>U izboru plo\u010dica braon boje, ne mo\u017eete pogre\u0161iti. Debljina plo\u010dice, je vrlo va\u017ena 9 mm i ubraja tu plo\u010dicu me\u0111u najkvalitetnije. Dimenzije ovih plo\u010dica su 20&#215;60 cm. plo\u010dica proizvo\u0111a\u010da Ceramicas MYR iz \u0160panije. Umesto 2320.7 RSD \u0161to je redovna maloprodajna cena keramike, u na\u0161oj online prodavnici, je mo\u017eete dobiti za samo 1857.25 RSD. Kliknite na [&hellip;]<\/p>\n","protected":false},"featured_media":90937,"template":"","meta":[],"product_cat":[99910,200,220,999,250],"product_tag":[],"_links":{"self":[{"href":"https:\/\/www.keramika.com\/srbija\/wp-json\/wp\/v2\/product\/90936"}],"collection":[{"href":"https:\/\/www.keramika.com\/srbija\/wp-json\/wp\/v2\/product"}],"about":[{"href":"https:\/\/www.keramika.com\/srbija\/wp-json\/wp\/v2\/types\/product"}],"wp:featuredmedia":[{"embeddable":true,"href":"https:\/\/www.keramika.com\/srbija\/wp-json\/wp\/v2\/media\/90937"}],"wp:attachment":[{"href":"https:\/\/www.keramika.com\/srbija\/wp-json\/wp\/v2\/media?parent=90936"}],"wp:term":[{"taxonomy":"product_cat","embeddable":true,"href":"https:\/\/www.keramika.com\/srbija\/wp-json\/wp\/v2\/product_cat?post=90936"},{"taxonomy":"product_tag","embeddable":true,"href":"https:\/\/www.keramika.com\/srbija\/wp-json\/wp\/v2\/product_tag?post=90936"}],"curies":[{"name":"wp","href":"https:\/\/api.w.org\/{rel}","templated":true}]}}