{"id":90934,"date":"2017-07-01T22:37:19","date_gmt":"2017-07-01T22:37:19","guid":{"rendered":"http:\/\/www.ceramictiles.com\/srbija\/product\/myr-marmara-azul\/"},"modified":"2026-01-01T00:03:08","modified_gmt":"2026-01-01T00:03:08","slug":"myr-marmara-azul","status":"publish","type":"product","link":"https:\/\/www.keramika.com\/srbija\/myr-marmara-azul\/","title":{"rendered":"Myr Marmara Azul"},"content":{"rendered":"<p>Debljina 9 mm \u010dini plo\u010dicu vrlo izdr\u017eljivom i prijatnom na dodir. Myr Marmara Azul je dostupna po vrlo povoljnim cenama 1857.25 RSD. plo\u010dica proizvo\u0111a\u010da Ceramicas MYR iz \u0160panije. Veli\u010dina 25&#215;40 cm je odli\u010dna za sve podloge. Izuzetno moderne plo\u010dice plave boje, osve\u017eit \u0107e svaki prostor.<\/p>\n<p>Kliknite na ime serije za sve plo\u010dice u toj seriji: <a class=\"pdfcatal\" href=\"\/\/www.ceramictiles.com\/pdf\/myr\/catalogue_ceramicasmyr_marmara.pdf\" onclick=\"recordOutboundLink(this, 'E-mail', 'Description PDF');return false;\">Ceramicas MYR Marmara<\/a><\/p>\n<p>Da bi naru\u010dili model iz PDF kataloga ove serije, molimo vas, da nas kontaktirate na: <a href=\"mailto:zo_mi@ceramictiles.com\" onclick=\"recordOutboundLink(this, 'E-mail', 'Description mail');return false;\">zo_mi@ceramictiles.com<\/a> ili nas pozovite na: For exact offer, PLS send us quantity and product you need with delivery address..<\/p>\n","protected":false},"excerpt":{"rendered":"<p>Debljina 9 mm \u010dini plo\u010dicu vrlo izdr\u017eljivom i prijatnom na dodir. Myr Marmara Azul je dostupna po vrlo povoljnim cenama 1857.25 RSD. plo\u010dica proizvo\u0111a\u010da Ceramicas MYR iz \u0160panije. Veli\u010dina 25&#215;40 cm je odli\u010dna za sve podloge. Izuzetno moderne plo\u010dice plave boje, osve\u017eit \u0107e svaki prostor. Kliknite na ime serije za sve plo\u010dice u toj seriji: [&hellip;]<\/p>\n","protected":false},"featured_media":90935,"template":"","meta":[],"product_cat":[99910,200,220,999,250],"product_tag":[],"_links":{"self":[{"href":"https:\/\/www.keramika.com\/srbija\/wp-json\/wp\/v2\/product\/90934"}],"collection":[{"href":"https:\/\/www.keramika.com\/srbija\/wp-json\/wp\/v2\/product"}],"about":[{"href":"https:\/\/www.keramika.com\/srbija\/wp-json\/wp\/v2\/types\/product"}],"wp:featuredmedia":[{"embeddable":true,"href":"https:\/\/www.keramika.com\/srbija\/wp-json\/wp\/v2\/media\/90935"}],"wp:attachment":[{"href":"https:\/\/www.keramika.com\/srbija\/wp-json\/wp\/v2\/media?parent=90934"}],"wp:term":[{"taxonomy":"product_cat","embeddable":true,"href":"https:\/\/www.keramika.com\/srbija\/wp-json\/wp\/v2\/product_cat?post=90934"},{"taxonomy":"product_tag","embeddable":true,"href":"https:\/\/www.keramika.com\/srbija\/wp-json\/wp\/v2\/product_tag?post=90934"}],"curies":[{"name":"wp","href":"https:\/\/api.w.org\/{rel}","templated":true}]}}