{"id":90930,"date":"2017-07-01T22:36:46","date_gmt":"2017-07-01T22:36:46","guid":{"rendered":"http:\/\/www.ceramictiles.com\/srbija\/product\/ploscice-imitacija-drveta-miel\/"},"modified":"2026-01-01T00:03:07","modified_gmt":"2026-01-01T00:03:07","slug":"ploscice-imitacija-drveta-miel","status":"publish","type":"product","link":"https:\/\/www.keramika.com\/srbija\/ploscice-imitacija-drveta-miel\/","title":{"rendered":"Plo\u0161\u010dice imitacija drveta Miel"},"content":{"rendered":"<p>Redovna cena, ovih plo\u010dica u maloprodaji je 1791.7 RSD. U na\u0161oj online trgovini, je mo\u017eete kupiti za 1434.05 RSD. \u0160irina i du\u017eina plo\u010dice su 45&#215;45 cm. Izuzetno moderne plo\u010dice braon boje, osve\u017eit \u0107e svaki prostor. plo\u010dica proizvo\u0111a\u010da Ceramicas MYR iz \u0160panije. Plo\u010dica je debela 9 mm, \u0161to je ubraja u tvrde plo\u010dice.<\/p>\n<p>Kliknite na ime serije za sve plo\u010dice u toj seriji: <a class=\"pdfcatal\" href=\"\/\/www.ceramictiles.com\/pdf\/myr\/catalogue_ceramicasmyr_madera.pdf\" onclick=\"recordOutboundLink(this, 'E-mail', 'Description PDF');return false;\">Ceramicas MYR Madera<\/a><\/p>\n<p>Da bi naru\u010dili model iz PDF kataloga ove serije, molimo vas, da nas kontaktirate na: <a href=\"mailto:zo_mi@ceramictiles.com\" onclick=\"recordOutboundLink(this, 'E-mail', 'Description mail');return false;\">zo_mi@ceramictiles.com<\/a> ili nas pozovite na: For exact offer, PLS send us quantity and product you need with delivery address..<\/p>\n","protected":false},"excerpt":{"rendered":"<p>Redovna cena, ovih plo\u010dica u maloprodaji je 1791.7 RSD. U na\u0161oj online trgovini, je mo\u017eete kupiti za 1434.05 RSD. \u0160irina i du\u017eina plo\u010dice su 45&#215;45 cm. Izuzetno moderne plo\u010dice braon boje, osve\u017eit \u0107e svaki prostor. plo\u010dica proizvo\u0111a\u010da Ceramicas MYR iz \u0160panije. Plo\u010dica je debela 9 mm, \u0161to je ubraja u tvrde plo\u010dice. Kliknite na ime [&hellip;]<\/p>\n","protected":false},"featured_media":90931,"template":"","meta":[],"product_cat":[99910,200,230,240,999],"product_tag":[99950095],"_links":{"self":[{"href":"https:\/\/www.keramika.com\/srbija\/wp-json\/wp\/v2\/product\/90930"}],"collection":[{"href":"https:\/\/www.keramika.com\/srbija\/wp-json\/wp\/v2\/product"}],"about":[{"href":"https:\/\/www.keramika.com\/srbija\/wp-json\/wp\/v2\/types\/product"}],"wp:featuredmedia":[{"embeddable":true,"href":"https:\/\/www.keramika.com\/srbija\/wp-json\/wp\/v2\/media\/90931"}],"wp:attachment":[{"href":"https:\/\/www.keramika.com\/srbija\/wp-json\/wp\/v2\/media?parent=90930"}],"wp:term":[{"taxonomy":"product_cat","embeddable":true,"href":"https:\/\/www.keramika.com\/srbija\/wp-json\/wp\/v2\/product_cat?post=90930"},{"taxonomy":"product_tag","embeddable":true,"href":"https:\/\/www.keramika.com\/srbija\/wp-json\/wp\/v2\/product_tag?post=90930"}],"curies":[{"name":"wp","href":"https:\/\/api.w.org\/{rel}","templated":true}]}}