{"id":90926,"date":"2017-07-01T22:36:06","date_gmt":"2017-07-01T22:36:06","guid":{"rendered":"http:\/\/www.ceramictiles.com\/srbija\/product\/myr-line-malva\/"},"modified":"2026-01-01T00:03:07","modified_gmt":"2026-01-01T00:03:07","slug":"myr-line-malva","status":"publish","type":"product","link":"https:\/\/www.keramika.com\/srbija\/myr-line-malva\/","title":{"rendered":"Myr Line Malva"},"content":{"rendered":"<p>Myr Line Malva dolazi iz \u0160panije, koja je poznata po vrlo visokoj kvaliteta keramike u svetu. 2320.7 RSD je redovna prodajna cena keramike, tu pa samo 1857.25 RSD. Veli\u010dina 20&#215;60 cm je odli\u010dna za sve podloge. Debljina 9 mm \u010dini plo\u010dicu vrlo izdr\u017eljivom i prijatnom na dodir. Ove crvene kerami\u010dke plo\u010dice, obogatit \u0107e svaki prostor.<\/p>\n<p>Kliknite na ime serije za sve plo\u010dice u toj seriji: <a class=\"pdfcatal\" href=\"\/\/www.ceramictiles.com\/pdf\/myr\/catalogue_ceramicasmyr_line.pdf\" onclick=\"recordOutboundLink(this, 'E-mail', 'Description PDF');return false;\">Ceramicas MYR Line<\/a><\/p>\n<p>Da bi naru\u010dili model iz PDF kataloga ove serije, molimo vas, da nas kontaktirate na: <a href=\"mailto:zo_mi@ceramictiles.com\" onclick=\"recordOutboundLink(this, 'E-mail', 'Description mail');return false;\">zo_mi@ceramictiles.com<\/a> ili nas pozovite na: For exact offer, PLS send us quantity and product you need with delivery address..<\/p>\n","protected":false},"excerpt":{"rendered":"<p>Myr Line Malva dolazi iz \u0160panije, koja je poznata po vrlo visokoj kvaliteta keramike u svetu. 2320.7 RSD je redovna prodajna cena keramike, tu pa samo 1857.25 RSD. Veli\u010dina 20&#215;60 cm je odli\u010dna za sve podloge. Debljina 9 mm \u010dini plo\u010dicu vrlo izdr\u017eljivom i prijatnom na dodir. Ove crvene kerami\u010dke plo\u010dice, obogatit \u0107e svaki prostor. [&hellip;]<\/p>\n","protected":false},"featured_media":90927,"template":"","meta":[],"product_cat":[99910,200,220,999,250],"product_tag":[99950090],"_links":{"self":[{"href":"https:\/\/www.keramika.com\/srbija\/wp-json\/wp\/v2\/product\/90926"}],"collection":[{"href":"https:\/\/www.keramika.com\/srbija\/wp-json\/wp\/v2\/product"}],"about":[{"href":"https:\/\/www.keramika.com\/srbija\/wp-json\/wp\/v2\/types\/product"}],"wp:featuredmedia":[{"embeddable":true,"href":"https:\/\/www.keramika.com\/srbija\/wp-json\/wp\/v2\/media\/90927"}],"wp:attachment":[{"href":"https:\/\/www.keramika.com\/srbija\/wp-json\/wp\/v2\/media?parent=90926"}],"wp:term":[{"taxonomy":"product_cat","embeddable":true,"href":"https:\/\/www.keramika.com\/srbija\/wp-json\/wp\/v2\/product_cat?post=90926"},{"taxonomy":"product_tag","embeddable":true,"href":"https:\/\/www.keramika.com\/srbija\/wp-json\/wp\/v2\/product_tag?post=90926"}],"curies":[{"name":"wp","href":"https:\/\/api.w.org\/{rel}","templated":true}]}}