{"id":90914,"date":"2017-07-01T22:34:17","date_gmt":"2017-07-01T22:34:17","guid":{"rendered":"http:\/\/www.ceramictiles.com\/srbija\/product\/myr-dante-beige\/"},"modified":"2026-01-01T00:03:05","modified_gmt":"2026-01-01T00:03:05","slug":"myr-dante-beige","status":"publish","type":"product","link":"https:\/\/www.keramika.com\/srbija\/myr-dante-beige\/","title":{"rendered":"Myr Dante Beige"},"content":{"rendered":"<p>Ove plo\u010dice dolaze od proizvo\u0111a\u010da Ceramicas MYR, iz \u0160panije. Veli\u010dina plo\u010dice je 45&#215;45 cm i odli\u010dna je za razli\u010dite povr\u0161ine. Redovna cena, ovih plo\u010dica u maloprodaji je 1791.7 RSD. U na\u0161oj online trgovini, je mo\u017eete kupiti za 1434.05 RSD. Ta kolekcija, model plo\u010dice, se prodaje najvi\u0161e be\u017e boje. 9 mm debljina \u0107e zadovoljiti i najzahtevnije kupce.<\/p>\n<p>Kliknite na ime serije za sve plo\u010dice u toj seriji: <a class=\"pdfcatal\" href=\"\/\/www.ceramictiles.com\/pdf\/myr\/catalogue_ceramicasmyr_dante.pdf\" onclick=\"recordOutboundLink(this, 'E-mail', 'Description PDF');return false;\">Ceramicas MYR Dante<\/a><\/p>\n<p>Da bi naru\u010dili model iz PDF kataloga ove serije, molimo vas, da nas kontaktirate na: <a href=\"mailto:zo_mi@ceramictiles.com\" onclick=\"recordOutboundLink(this, 'E-mail', 'Description mail');return false;\">zo_mi@ceramictiles.com<\/a> ili nas pozovite na: For exact offer, PLS send us quantity and product you need with delivery address..<\/p>\n","protected":false},"excerpt":{"rendered":"<p>Ove plo\u010dice dolaze od proizvo\u0111a\u010da Ceramicas MYR, iz \u0160panije. Veli\u010dina plo\u010dice je 45&#215;45 cm i odli\u010dna je za razli\u010dite povr\u0161ine. Redovna cena, ovih plo\u010dica u maloprodaji je 1791.7 RSD. U na\u0161oj online trgovini, je mo\u017eete kupiti za 1434.05 RSD. Ta kolekcija, model plo\u010dice, se prodaje najvi\u0161e be\u017e boje. 9 mm debljina \u0107e zadovoljiti i najzahtevnije [&hellip;]<\/p>\n","protected":false},"featured_media":90915,"template":"","meta":[],"product_cat":[99910,200,230,240,999],"product_tag":[],"_links":{"self":[{"href":"https:\/\/www.keramika.com\/srbija\/wp-json\/wp\/v2\/product\/90914"}],"collection":[{"href":"https:\/\/www.keramika.com\/srbija\/wp-json\/wp\/v2\/product"}],"about":[{"href":"https:\/\/www.keramika.com\/srbija\/wp-json\/wp\/v2\/types\/product"}],"wp:featuredmedia":[{"embeddable":true,"href":"https:\/\/www.keramika.com\/srbija\/wp-json\/wp\/v2\/media\/90915"}],"wp:attachment":[{"href":"https:\/\/www.keramika.com\/srbija\/wp-json\/wp\/v2\/media?parent=90914"}],"wp:term":[{"taxonomy":"product_cat","embeddable":true,"href":"https:\/\/www.keramika.com\/srbija\/wp-json\/wp\/v2\/product_cat?post=90914"},{"taxonomy":"product_tag","embeddable":true,"href":"https:\/\/www.keramika.com\/srbija\/wp-json\/wp\/v2\/product_tag?post=90914"}],"curies":[{"name":"wp","href":"https:\/\/api.w.org\/{rel}","templated":true}]}}