{"id":90908,"date":"2017-07-01T22:33:21","date_gmt":"2017-07-01T22:33:21","guid":{"rendered":"http:\/\/www.ceramictiles.com\/srbija\/product\/myr-cordoba-marfil\/"},"modified":"2026-01-01T00:03:04","modified_gmt":"2026-01-01T00:03:04","slug":"myr-cordoba-marfil","status":"publish","type":"product","link":"https:\/\/www.keramika.com\/srbija\/myr-cordoba-marfil\/","title":{"rendered":"Myr Cordoba Marfil"},"content":{"rendered":"<p>9 mm debljina \u0107e zadovoljiti i najzahtevnije kupce. plo\u010dica proizvo\u0111a\u010da Ceramicas MYR iz \u0160panije. Plo\u010dice be\u017e boje, su letos izuzetno tre\u017eene. Veli\u010dina ove plo\u010dice je 45&#215;45 cm. Myr Cordoba Marfil je dostupna po vrlo povoljnim cenama 1434.05 RSD.<\/p>\n<p>Kliknite na ime serije za sve plo\u010dice u toj seriji: <a class=\"pdfcatal\" href=\"\/\/www.ceramictiles.com\/pdf\/myr\/catalogue_ceramicasmyr_cordoba.pdf\" onclick=\"recordOutboundLink(this, 'E-mail', 'Description PDF');return false;\">Ceramicas MYR Cordoba<\/a><\/p>\n<p>Da bi naru\u010dili model iz PDF kataloga ove serije, molimo vas, da nas kontaktirate na: <a href=\"mailto:zo_mi@ceramictiles.com\" onclick=\"recordOutboundLink(this, 'E-mail', 'Description mail');return false;\">zo_mi@ceramictiles.com<\/a> ili nas pozovite na: For exact offer, PLS send us quantity and product you need with delivery address..<\/p>\n","protected":false},"excerpt":{"rendered":"<p>9 mm debljina \u0107e zadovoljiti i najzahtevnije kupce. plo\u010dica proizvo\u0111a\u010da Ceramicas MYR iz \u0160panije. Plo\u010dice be\u017e boje, su letos izuzetno tre\u017eene. Veli\u010dina ove plo\u010dice je 45&#215;45 cm. Myr Cordoba Marfil je dostupna po vrlo povoljnim cenama 1434.05 RSD. Kliknite na ime serije za sve plo\u010dice u toj seriji: Ceramicas MYR Cordoba Da bi naru\u010dili model [&hellip;]<\/p>\n","protected":false},"featured_media":90909,"template":"","meta":[],"product_cat":[99910,200,230,240,999],"product_tag":[],"_links":{"self":[{"href":"https:\/\/www.keramika.com\/srbija\/wp-json\/wp\/v2\/product\/90908"}],"collection":[{"href":"https:\/\/www.keramika.com\/srbija\/wp-json\/wp\/v2\/product"}],"about":[{"href":"https:\/\/www.keramika.com\/srbija\/wp-json\/wp\/v2\/types\/product"}],"wp:featuredmedia":[{"embeddable":true,"href":"https:\/\/www.keramika.com\/srbija\/wp-json\/wp\/v2\/media\/90909"}],"wp:attachment":[{"href":"https:\/\/www.keramika.com\/srbija\/wp-json\/wp\/v2\/media?parent=90908"}],"wp:term":[{"taxonomy":"product_cat","embeddable":true,"href":"https:\/\/www.keramika.com\/srbija\/wp-json\/wp\/v2\/product_cat?post=90908"},{"taxonomy":"product_tag","embeddable":true,"href":"https:\/\/www.keramika.com\/srbija\/wp-json\/wp\/v2\/product_tag?post=90908"}],"curies":[{"name":"wp","href":"https:\/\/api.w.org\/{rel}","templated":true}]}}