{"id":90904,"date":"2017-07-01T22:32:41","date_gmt":"2017-07-01T22:32:41","guid":{"rendered":"http:\/\/www.ceramictiles.com\/srbija\/product\/myr-carrara-gris\/"},"modified":"2026-01-01T00:03:04","modified_gmt":"2026-01-01T00:03:04","slug":"myr-carrara-gris","status":"publish","type":"product","link":"https:\/\/www.keramika.com\/srbija\/myr-carrara-gris\/","title":{"rendered":"Myr Carrara Gris"},"content":{"rendered":"<p>Plo\u010dica na sliki je 30&#215;45 cm. Izuzetno moderne plo\u010dice sive boje, osve\u017eit \u0107e svaki prostor. 9 mm debljine je dovoljno za zahtevnije kupce. Proizvodnja \u0160panije ,koja je poznata u svetu, kao jedana od najboljih proizvo\u0111a\u010da kerami\u010dkih plo\u010dica. Online cena je samo 1549.05 RSD, dok redovna, maloprodajna cena 1935.45 RSD.<\/p>\n<p>Kliknite na ime serije za sve plo\u010dice u toj seriji: <a class=\"pdfcatal\" href=\"\/\/www.ceramictiles.com\/pdf\/myr\/catalogue_ceramicasmyr_carrara-atica.pdf\" onclick=\"recordOutboundLink(this, 'E-mail', 'Description PDF');return false;\">Ceramicas MYR Carrara-Atica<\/a><\/p>\n<p>Da bi naru\u010dili model iz PDF kataloga ove serije, molimo vas, da nas kontaktirate na: <a href=\"mailto:zo_mi@ceramictiles.com\" onclick=\"recordOutboundLink(this, 'E-mail', 'Description mail');return false;\">zo_mi@ceramictiles.com<\/a> ili nas pozovite na: For exact offer, PLS send us quantity and product you need with delivery address..<\/p>\n","protected":false},"excerpt":{"rendered":"<p>Plo\u010dica na sliki je 30&#215;45 cm. Izuzetno moderne plo\u010dice sive boje, osve\u017eit \u0107e svaki prostor. 9 mm debljine je dovoljno za zahtevnije kupce. Proizvodnja \u0160panije ,koja je poznata u svetu, kao jedana od najboljih proizvo\u0111a\u010da kerami\u010dkih plo\u010dica. Online cena je samo 1549.05 RSD, dok redovna, maloprodajna cena 1935.45 RSD. Kliknite na ime serije za sve [&hellip;]<\/p>\n","protected":false},"featured_media":90905,"template":"","meta":[],"product_cat":[99910,200,220,999,250],"product_tag":[],"_links":{"self":[{"href":"https:\/\/www.keramika.com\/srbija\/wp-json\/wp\/v2\/product\/90904"}],"collection":[{"href":"https:\/\/www.keramika.com\/srbija\/wp-json\/wp\/v2\/product"}],"about":[{"href":"https:\/\/www.keramika.com\/srbija\/wp-json\/wp\/v2\/types\/product"}],"wp:featuredmedia":[{"embeddable":true,"href":"https:\/\/www.keramika.com\/srbija\/wp-json\/wp\/v2\/media\/90905"}],"wp:attachment":[{"href":"https:\/\/www.keramika.com\/srbija\/wp-json\/wp\/v2\/media?parent=90904"}],"wp:term":[{"taxonomy":"product_cat","embeddable":true,"href":"https:\/\/www.keramika.com\/srbija\/wp-json\/wp\/v2\/product_cat?post=90904"},{"taxonomy":"product_tag","embeddable":true,"href":"https:\/\/www.keramika.com\/srbija\/wp-json\/wp\/v2\/product_tag?post=90904"}],"curies":[{"name":"wp","href":"https:\/\/api.w.org\/{rel}","templated":true}]}}