{"id":90894,"date":"2017-07-01T22:31:08","date_gmt":"2017-07-01T22:31:08","guid":{"rendered":"http:\/\/www.ceramictiles.com\/srbija\/product\/myr-altea-marron\/"},"modified":"2026-01-01T00:03:02","modified_gmt":"2026-01-01T00:03:02","slug":"myr-altea-marron","status":"publish","type":"product","link":"https:\/\/www.keramika.com\/srbija\/myr-altea-marron\/","title":{"rendered":"Myr Altea Marron"},"content":{"rendered":"<p>Myr Altea Marron dolazi iz \u0160panije, koja je poznata po vrlo visokoj kvaliteta keramike u svetu. Plo\u010dica je debela 9 mm, \u0161to je ubraja u tvrde plo\u010dice. Online cena je samo 1434.05 RSD, dok redovna, maloprodajna cena 1791.7 RSD. Plo\u010dica 45&#215;45 cm je dobra za ve\u0107 razli\u010ditih namena. Izuzetno moderne plo\u010dice braon boje, osve\u017eit \u0107e svaki prostor.<\/p>\n<p>Kliknite na ime serije za sve plo\u010dice u toj seriji: <a class=\"pdfcatal\" href=\"\/\/www.ceramictiles.com\/pdf\/myr\/catalogue_ceramicasmyr_altea.pdf\" onclick=\"recordOutboundLink(this, 'E-mail', 'Description PDF');return false;\">Ceramicas MYR Altea<\/a><\/p>\n<p>Da bi naru\u010dili model iz PDF kataloga ove serije, molimo vas, da nas kontaktirate na: <a href=\"mailto:zo_mi@ceramictiles.com\" onclick=\"recordOutboundLink(this, 'E-mail', 'Description mail');return false;\">zo_mi@ceramictiles.com<\/a> ili nas pozovite na: For exact offer, PLS send us quantity and product you need with delivery address..<\/p>\n","protected":false},"excerpt":{"rendered":"<p>Myr Altea Marron dolazi iz \u0160panije, koja je poznata po vrlo visokoj kvaliteta keramike u svetu. Plo\u010dica je debela 9 mm, \u0161to je ubraja u tvrde plo\u010dice. Online cena je samo 1434.05 RSD, dok redovna, maloprodajna cena 1791.7 RSD. Plo\u010dica 45&#215;45 cm je dobra za ve\u0107 razli\u010ditih namena. Izuzetno moderne plo\u010dice braon boje, osve\u017eit \u0107e [&hellip;]<\/p>\n","protected":false},"featured_media":90895,"template":"","meta":[],"product_cat":[99910,200,220,240,999],"product_tag":[],"_links":{"self":[{"href":"https:\/\/www.keramika.com\/srbija\/wp-json\/wp\/v2\/product\/90894"}],"collection":[{"href":"https:\/\/www.keramika.com\/srbija\/wp-json\/wp\/v2\/product"}],"about":[{"href":"https:\/\/www.keramika.com\/srbija\/wp-json\/wp\/v2\/types\/product"}],"wp:featuredmedia":[{"embeddable":true,"href":"https:\/\/www.keramika.com\/srbija\/wp-json\/wp\/v2\/media\/90895"}],"wp:attachment":[{"href":"https:\/\/www.keramika.com\/srbija\/wp-json\/wp\/v2\/media?parent=90894"}],"wp:term":[{"taxonomy":"product_cat","embeddable":true,"href":"https:\/\/www.keramika.com\/srbija\/wp-json\/wp\/v2\/product_cat?post=90894"},{"taxonomy":"product_tag","embeddable":true,"href":"https:\/\/www.keramika.com\/srbija\/wp-json\/wp\/v2\/product_tag?post=90894"}],"curies":[{"name":"wp","href":"https:\/\/api.w.org\/{rel}","templated":true}]}}