{"id":90866,"date":"2017-07-01T22:27:36","date_gmt":"2017-07-01T22:27:36","guid":{"rendered":"http:\/\/www.ceramictiles.com\/srbija\/product\/mosavit-mozaik-plocice-vintage-helecho\/"},"modified":"2026-01-01T00:02:58","modified_gmt":"2026-01-01T00:02:58","slug":"mosavit-mozaik-plocice-vintage-helecho","status":"publish","type":"product","link":"https:\/\/www.keramika.com\/srbija\/mosavit-mozaik-plocice-vintage-helecho\/","title":{"rendered":"Mosavit mozaik plo\u010dice Vintage Helecho"},"content":{"rendered":"<p>Mozaik je debljine 5 mm, \u0161to ga \u010dini izuzetno tvrdim. Naj vi\u0161e se prodaju bele mozik plo\u010dice. Mozaik plo\u010dice su na mre\u017ei, \u0161to olak\u0161ava njegovu instalaciju. Veli\u010dina mre\u017ee je 31,6&#215;31,6 cm. Mosaic Vintage Helecho dolazi iz \u0160panije, koja je poznata po vrlo visokoj kvaliteta keramike u svetu. U maloprodaji je cena 13835,65 RSD, online cena, pa je samo 11068,75 RSD.<\/p>\n<p>Vlasnike kupatilskih salona pozivamo na direktnu saradnju sa proizvo\u0111a\u010dem. Nudimo Vam direktnu kupovinu po neto cijenama i kompletan prospekto propagandni material. Mo\u017eemo Vam organizirati direktnu dobavu za manje koli\u010dine po kurirski po\u0161ti. Pozovite nas da se dobovorio \u2026.<\/p>\n<p>Technical description: <\/p>\n<p>Min. 1 box &#8211; Delivery 30 Euro\/box in EU<\/p>\n","protected":false},"excerpt":{"rendered":"<p>Mozaik je debljine 5 mm, \u0161to ga \u010dini izuzetno tvrdim. Naj vi\u0161e se prodaju bele mozik plo\u010dice. Mozaik plo\u010dice su na mre\u017ei, \u0161to olak\u0161ava njegovu instalaciju. Veli\u010dina mre\u017ee je 31,6&#215;31,6 cm. Mosaic Vintage Helecho dolazi iz \u0160panije, koja je poznata po vrlo visokoj kvaliteta keramike u svetu. U maloprodaji je cena 13835,65 RSD, online cena, [&hellip;]<\/p>\n","protected":false},"featured_media":90867,"template":"","meta":[],"product_cat":[999405,400,999,410],"product_tag":[99950093],"_links":{"self":[{"href":"https:\/\/www.keramika.com\/srbija\/wp-json\/wp\/v2\/product\/90866"}],"collection":[{"href":"https:\/\/www.keramika.com\/srbija\/wp-json\/wp\/v2\/product"}],"about":[{"href":"https:\/\/www.keramika.com\/srbija\/wp-json\/wp\/v2\/types\/product"}],"wp:featuredmedia":[{"embeddable":true,"href":"https:\/\/www.keramika.com\/srbija\/wp-json\/wp\/v2\/media\/90867"}],"wp:attachment":[{"href":"https:\/\/www.keramika.com\/srbija\/wp-json\/wp\/v2\/media?parent=90866"}],"wp:term":[{"taxonomy":"product_cat","embeddable":true,"href":"https:\/\/www.keramika.com\/srbija\/wp-json\/wp\/v2\/product_cat?post=90866"},{"taxonomy":"product_tag","embeddable":true,"href":"https:\/\/www.keramika.com\/srbija\/wp-json\/wp\/v2\/product_tag?post=90866"}],"curies":[{"name":"wp","href":"https:\/\/api.w.org\/{rel}","templated":true}]}}