{"id":90834,"date":"2017-07-01T22:23:27","date_gmt":"2017-07-01T22:23:27","guid":{"rendered":"http:\/\/www.ceramictiles.com\/srbija\/product\/mosavit-mozaik-plocice-pandora-elogy-oda\/"},"modified":"2026-01-01T00:02:54","modified_gmt":"2026-01-01T00:02:54","slug":"mosavit-mozaik-plocice-pandora-elogy-oda","status":"publish","type":"product","link":"https:\/\/www.keramika.com\/srbija\/mosavit-mozaik-plocice-pandora-elogy-oda\/","title":{"rendered":"Mosavit mozaik plo\u010dice Pandora Elogy Oda"},"content":{"rendered":"<p>Veoma moderan mozaik, dominantne braon boje, oboga\u0107uje savki prostor. Debljina od 5 mm ovog mozaika ga \u010dini vrlo izdr\u017eljivim i prijatnim na dodir. Na na\u0161em sajtu, \u0107e te dobiti mozaik za samo 14375 RSD, dok je u maloprodaji 17968,75 RSD. Pandora Elogy Oda dolazi iz \u0160panije, koja je poznata po vrlo visokoj kvaliteta keramike u svetu. \u0160irina i du\u017eina mre\u017ee na koju je pritvr\u0111en mozaik je 31,6&#215;31,6 cm. Mre\u017ea se jednostavno mo\u017eete polo\u017eiti na razli\u010dite povr\u0161ine.<\/p>\n<p>Vlasnike kupatilskih salona pozivamo na direktnu saradnju sa proizvo\u0111a\u010dem. Nudimo Vam direktnu kupovinu po neto cijenama i kompletan prospekto propagandni material. Mo\u017eemo Vam organizirati direktnu dobavu za manje koli\u010dine po kurirski po\u0161ti. Pozovite nas da se dobovorio \u2026.<\/p>\n<p>Technical description: <\/p>\n<p>Min. 1 box &#8211; Delivery 30 Euro\/box in EU<\/p>\n","protected":false},"excerpt":{"rendered":"<p>Veoma moderan mozaik, dominantne braon boje, oboga\u0107uje savki prostor. Debljina od 5 mm ovog mozaika ga \u010dini vrlo izdr\u017eljivim i prijatnim na dodir. Na na\u0161em sajtu, \u0107e te dobiti mozaik za samo 14375 RSD, dok je u maloprodaji 17968,75 RSD. Pandora Elogy Oda dolazi iz \u0160panije, koja je poznata po vrlo visokoj kvaliteta keramike u [&hellip;]<\/p>\n","protected":false},"featured_media":90835,"template":"","meta":[],"product_cat":[999405,400,999,410],"product_tag":[99950093],"_links":{"self":[{"href":"https:\/\/www.keramika.com\/srbija\/wp-json\/wp\/v2\/product\/90834"}],"collection":[{"href":"https:\/\/www.keramika.com\/srbija\/wp-json\/wp\/v2\/product"}],"about":[{"href":"https:\/\/www.keramika.com\/srbija\/wp-json\/wp\/v2\/types\/product"}],"wp:featuredmedia":[{"embeddable":true,"href":"https:\/\/www.keramika.com\/srbija\/wp-json\/wp\/v2\/media\/90835"}],"wp:attachment":[{"href":"https:\/\/www.keramika.com\/srbija\/wp-json\/wp\/v2\/media?parent=90834"}],"wp:term":[{"taxonomy":"product_cat","embeddable":true,"href":"https:\/\/www.keramika.com\/srbija\/wp-json\/wp\/v2\/product_cat?post=90834"},{"taxonomy":"product_tag","embeddable":true,"href":"https:\/\/www.keramika.com\/srbija\/wp-json\/wp\/v2\/product_tag?post=90834"}],"curies":[{"name":"wp","href":"https:\/\/api.w.org\/{rel}","templated":true}]}}