{"id":90820,"date":"2017-07-01T22:21:45","date_gmt":"2017-07-01T22:21:45","guid":{"rendered":"http:\/\/www.ceramictiles.com\/srbija\/product\/mozaik-plocice-za-zid-nacare-mix-2\/"},"modified":"2026-01-01T00:02:52","modified_gmt":"2026-01-01T00:02:52","slug":"mozaik-plocice-za-zid-nacare-mix-2","status":"publish","type":"product","link":"https:\/\/www.keramika.com\/srbija\/mozaik-plocice-za-zid-nacare-mix-2\/","title":{"rendered":"Mozaik plo\u010dice za zid Nacare Mix 2"},"content":{"rendered":"<p>Veoma moderan mozaik, dominantne crne boje, oboga\u0107uje savki prostor. Mosaic Nacare Mix 2 dolazi iz \u0160panije, koja je poznata po vrlo visokoj kvaliteta keramike u svetu. Namjesto 7529,05 RSD \u0161to je cena u maloprodaji, Vi pla\u0107ate samo 6023,7 RSD. Debljina od 5 mm ovog mozaika ga \u010dini vrlo izdr\u017eljivim i prijatnim na dodir. Mozaik je pritvr\u0111en na mre\u017eu, \u0161to olak\u0161ava njegovu ugradnju. Veli\u010dina mre\u017ee je 31,6&#215;31,6 cm , te je pogodan je za razli\u010dite povr\u0161ine.<\/p>\n<p>Vlasnike kupatilskih salona pozivamo na direktnu saradnju sa proizvo\u0111a\u010dem. Nudimo Vam direktnu kupovinu po neto cijenama i kompletan prospekto propagandni material. Mo\u017eemo Vam organizirati direktnu dobavu za manje koli\u010dine po kurirski po\u0161ti. Pozovite nas da se dobovorio \u2026.<\/p>\n<p>Technical description: <\/p>\n<p>Min. 1 box &#8211; Delivery 30 Euro\/box in EU<\/p>\n","protected":false},"excerpt":{"rendered":"<p>Veoma moderan mozaik, dominantne crne boje, oboga\u0107uje savki prostor. Mosaic Nacare Mix 2 dolazi iz \u0160panije, koja je poznata po vrlo visokoj kvaliteta keramike u svetu. Namjesto 7529,05 RSD \u0161to je cena u maloprodaji, Vi pla\u0107ate samo 6023,7 RSD. Debljina od 5 mm ovog mozaika ga \u010dini vrlo izdr\u017eljivim i prijatnim na dodir. Mozaik je [&hellip;]<\/p>\n","protected":false},"featured_media":90821,"template":"","meta":[],"product_cat":[999405,400,999,410],"product_tag":[],"_links":{"self":[{"href":"https:\/\/www.keramika.com\/srbija\/wp-json\/wp\/v2\/product\/90820"}],"collection":[{"href":"https:\/\/www.keramika.com\/srbija\/wp-json\/wp\/v2\/product"}],"about":[{"href":"https:\/\/www.keramika.com\/srbija\/wp-json\/wp\/v2\/types\/product"}],"wp:featuredmedia":[{"embeddable":true,"href":"https:\/\/www.keramika.com\/srbija\/wp-json\/wp\/v2\/media\/90821"}],"wp:attachment":[{"href":"https:\/\/www.keramika.com\/srbija\/wp-json\/wp\/v2\/media?parent=90820"}],"wp:term":[{"taxonomy":"product_cat","embeddable":true,"href":"https:\/\/www.keramika.com\/srbija\/wp-json\/wp\/v2\/product_cat?post=90820"},{"taxonomy":"product_tag","embeddable":true,"href":"https:\/\/www.keramika.com\/srbija\/wp-json\/wp\/v2\/product_tag?post=90820"}],"curies":[{"name":"wp","href":"https:\/\/api.w.org\/{rel}","templated":true}]}}