{"id":90792,"date":"2018-01-07T22:17:34","date_gmt":"2018-01-07T22:17:34","guid":{"rendered":"http:\/\/www.ceramictiles.com\/srbija\/product\/mozaik-za-kuhinje-mc-801-marron-oscuro\/"},"modified":"2026-01-01T00:02:49","modified_gmt":"2026-01-01T00:02:49","slug":"mozaik-za-kuhinje-mc-801-marron-oscuro","status":"publish","type":"product","link":"https:\/\/www.keramika.com\/srbija\/mozaik-za-kuhinje-mc-801-marron-oscuro\/","title":{"rendered":"Mozaik za kuhinje MC 801 Marron Oscuro"},"content":{"rendered":"<p>Prilikom izbora mozaika u glavnom braon boji ne\u0107ete pogre\u0161iti Debljina od 5 mm ovog mozaika ga \u010dini vrlo izdr\u017eljivim i prijatnim na dodir. Mosaic MC 801 Marron Oscuro dolazi iz \u0160panije, koja je poznata po vrlo visokoj kvaliteta keramike u svetu. Redovna cena tog mozaika u maloprodaji je 4725,35 RSD, a u na\u0161oj online trgovini, ga mo\u017eete dobiti za 3781,2 RSD. Veli\u010dina mre\u017ee 31,6&#215;31,6 cm nakoju je pritvr\u0111en, omogu\u0107ava pritvr\u0111ivanje na razli\u010dite povr\u0161ine.<\/p>\n<p>Vlasnike kupatilskih salona pozivamo na direktnu saradnju sa proizvo\u0111a\u010dem. Nudimo Vam direktnu kupovinu po neto cijenama i kompletan prospekto propagandni material. Mo\u017eemo Vam organizirati direktnu dobavu za manje koli\u010dine po kurirski po\u0161ti. Pozovite nas da se dobovorio \u2026.<\/p>\n<p>Technical description: <\/p>\n<p>Min. 1 box &#8211; Delivery 30 Euro\/box in EU<br \/>\n<a class=\"pdfcatal\" href=\"\/\/www.ceramictiles.com\/pdf\/catalogue_mosavit_desing.pdf\" onclick=\"recordOutboundLink(this, 'E-mail', 'Description PDF');return false;\"> PDF Kolekcijski katalog<\/a>\tZa najbolju ponudu, po\u0161aljite nam boju, dimenzije, koli\u010dinu i adresu za dostavu.\t<a href=\"mailto:zo_mi@ceramictiles.com\" onclick=\"recordOutboundLink(this, 'E-mail', 'Description mail');return false;\">Zahtjev za ponudu<\/a><br \/>\n[vc_row][vc_column][\/vc_column][\/vc_row][vc_row][vc_column width=&#8220;1\/3&#8243;][vc_single_image source=&#8220;external_link&#8220; onclick=&#8220;link_image&#8220; custom_src=&#8220;https:\/\/www.ceramictiles.com\/images\/mosavit\/mosaic_mc101.jpg&#8220; el_class=&#8220;eheight&#8220;][vc_column_text]<strong><br \/>Mosaic Mc101<\/strong><br \/><a class=\"pdfcatal\" href=\"\/\/www.ceramictiles.com\/pdf\/catalogue_mosavit_desing.pdf\" onclick=\"recordOutboundLink(this, 'E-mail', 'Description PDF');return false;\"> PDF Kolekcijski katalog<\/a><\/a><br \/>Za najbolju ponudu, po\u0161aljite nam boju, dimenzije, koli\u010dinu i adresu za dostavu.<br \/><a href=\"mailto:zo_mi@ceramictiles.com\" onclick=\"recordOutboundLink(this, 'E-mail', 'Description mail');return false;\">Zahtjev za ponudu<\/a>[\/vc_column_text][vc_separator color=&#8220;black&#8220; border_width=&#8220;2&#8243;]<br \/>\n[\/vc_column][vc_column width=&#8220;1\/3&#8243;][vc_single_image source=&#8220;external_link&#8220; onclick=&#8220;link_image&#8220; custom_src=&#8220;https:\/\/www.ceramictiles.com\/images\/mosavit\/mosaic_mc201.jpg&#8220; el_class=&#8220;eheight&#8220;][vc_column_text]<strong><br \/>Mosaic Mc201<\/strong><br \/><a class=\"pdfcatal\" href=\"\/\/www.ceramictiles.com\/pdf\/catalogue_mosavit_desing.pdf\" onclick=\"recordOutboundLink(this, 'E-mail', 'Description PDF');return false;\"> PDF Kolekcijski katalog<\/a><\/a><br \/>Za najbolju ponudu, po\u0161aljite nam boju, dimenzije, koli\u010dinu i adresu za dostavu.<br \/><a href=\"mailto:zo_mi@ceramictiles.com\" onclick=\"recordOutboundLink(this, 'E-mail', 'Description mail');return false;\">Zahtjev za ponudu<\/a>[\/vc_column_text][vc_separator color=&#8220;black&#8220; border_width=&#8220;2&#8243;]<br \/>\n[\/vc_column][vc_column width=&#8220;1\/3&#8243;][vc_single_image source=&#8220;external_link&#8220; onclick=&#8220;link_image&#8220; custom_src=&#8220;https:\/\/www.ceramictiles.com\/images\/mosavit\/mosaic_mc202.jpg&#8220; el_class=&#8220;eheight&#8220;][vc_column_text]<strong><br \/>Mosaic Mc202<\/strong><br \/><a class=\"pdfcatal\" href=\"\/\/www.ceramictiles.com\/pdf\/catalogue_mosavit_desing.pdf\" onclick=\"recordOutboundLink(this, 'E-mail', 'Description PDF');return false;\"> PDF Kolekcijski katalog<\/a><\/a><br \/>Za najbolju ponudu, po\u0161aljite nam boju, dimenzije, koli\u010dinu i adresu za dostavu.<br \/><a href=\"mailto:zo_mi@ceramictiles.com\" onclick=\"recordOutboundLink(this, 'E-mail', 'Description mail');return false;\">Zahtjev za ponudu<\/a>[\/vc_column_text][vc_separator color=&#8220;black&#8220; border_width=&#8220;2&#8243;]<br \/>\n[\/vc_column][vc_column width=&#8220;1\/3&#8243;][vc_single_image source=&#8220;external_link&#8220; onclick=&#8220;link_image&#8220; custom_src=&#8220;https:\/\/www.ceramictiles.com\/images\/mosavit\/mosaic_mc203.jpg&#8220; el_class=&#8220;eheight&#8220;][vc_column_text]<strong><br \/>Mosaic Mc203<\/strong><br \/><a class=\"pdfcatal\" href=\"\/\/www.ceramictiles.com\/pdf\/catalogue_mosavit_desing.pdf\" onclick=\"recordOutboundLink(this, 'E-mail', 'Description PDF');return false;\"> PDF Kolekcijski katalog<\/a><\/a><br \/>Za najbolju ponudu, po\u0161aljite nam boju, dimenzije, koli\u010dinu i adresu za dostavu.<br \/><a href=\"mailto:zo_mi@ceramictiles.com\" onclick=\"recordOutboundLink(this, 'E-mail', 'Description mail');return false;\">Zahtjev za ponudu<\/a>[\/vc_column_text][vc_separator color=&#8220;black&#8220; border_width=&#8220;2&#8243;]<br \/>\n[\/vc_column][vc_column width=&#8220;1\/3&#8243;][vc_single_image source=&#8220;external_link&#8220; onclick=&#8220;link_image&#8220; custom_src=&#8220;https:\/\/www.ceramictiles.com\/images\/mosavit\/mosaic_mc301.jpg&#8220; el_class=&#8220;eheight&#8220;][vc_column_text]<strong><br \/>Mosaic Mc301<\/strong><br \/><a class=\"pdfcatal\" href=\"\/\/www.ceramictiles.com\/pdf\/catalogue_mosavit_desing.pdf\" onclick=\"recordOutboundLink(this, 'E-mail', 'Description PDF');return false;\"> PDF Kolekcijski katalog<\/a><\/a><br \/>Za najbolju ponudu, po\u0161aljite nam boju, dimenzije, koli\u010dinu i adresu za dostavu.<br \/><a href=\"mailto:zo_mi@ceramictiles.com\" onclick=\"recordOutboundLink(this, 'E-mail', 'Description mail');return false;\">Zahtjev za ponudu<\/a>[\/vc_column_text][vc_separator color=&#8220;black&#8220; border_width=&#8220;2&#8243;]<br \/>\n[\/vc_column][vc_column width=&#8220;1\/3&#8243;][vc_single_image source=&#8220;external_link&#8220; onclick=&#8220;link_image&#8220; custom_src=&#8220;https:\/\/www.ceramictiles.com\/images\/mosavit\/mosaic_mc302.jpg&#8220; el_class=&#8220;eheight&#8220;][vc_column_text]<strong><br \/>Mosaic Mc302<\/strong><br \/><a class=\"pdfcatal\" href=\"\/\/www.ceramictiles.com\/pdf\/catalogue_mosavit_desing.pdf\" onclick=\"recordOutboundLink(this, 'E-mail', 'Description PDF');return false;\"> PDF Kolekcijski katalog<\/a><\/a><br \/>Za najbolju ponudu, po\u0161aljite nam boju, dimenzije, koli\u010dinu i adresu za dostavu.<br \/><a href=\"mailto:zo_mi@ceramictiles.com\" onclick=\"recordOutboundLink(this, 'E-mail', 'Description mail');return false;\">Zahtjev za ponudu<\/a>[\/vc_column_text][vc_separator color=&#8220;black&#8220; border_width=&#8220;2&#8243;]<br \/>\n[\/vc_column][vc_column width=&#8220;1\/3&#8243;][vc_single_image source=&#8220;external_link&#8220; onclick=&#8220;link_image&#8220; custom_src=&#8220;https:\/\/www.ceramictiles.com\/images\/mosavit\/mosaic_mc303.jpg&#8220; el_class=&#8220;eheight&#8220;][vc_column_text]<strong><br \/>Mosaic Mc303<\/strong><br \/><a class=\"pdfcatal\" href=\"\/\/www.ceramictiles.com\/pdf\/catalogue_mosavit_desing.pdf\" onclick=\"recordOutboundLink(this, 'E-mail', 'Description PDF');return false;\"> PDF Kolekcijski katalog<\/a><\/a><br \/>Za najbolju ponudu, po\u0161aljite nam boju, dimenzije, koli\u010dinu i adresu za dostavu.<br \/><a href=\"mailto:zo_mi@ceramictiles.com\" onclick=\"recordOutboundLink(this, 'E-mail', 'Description mail');return false;\">Zahtjev za ponudu<\/a>[\/vc_column_text][vc_separator color=&#8220;black&#8220; border_width=&#8220;2&#8243;]<br \/>\n[\/vc_column][vc_column width=&#8220;1\/3&#8243;][vc_single_image source=&#8220;external_link&#8220; onclick=&#8220;link_image&#8220; custom_src=&#8220;https:\/\/www.ceramictiles.com\/images\/mosavit\/mosaic_mc401.jpg&#8220; el_class=&#8220;eheight&#8220;][vc_column_text]<strong><br \/>Mosaic Mc401<\/strong><br \/><a class=\"pdfcatal\" href=\"\/\/www.ceramictiles.com\/pdf\/catalogue_mosavit_desing.pdf\" onclick=\"recordOutboundLink(this, 'E-mail', 'Description PDF');return false;\"> PDF Kolekcijski katalog<\/a><\/a><br \/>Za najbolju ponudu, po\u0161aljite nam boju, dimenzije, koli\u010dinu i adresu za dostavu.<br \/><a href=\"mailto:zo_mi@ceramictiles.com\" onclick=\"recordOutboundLink(this, 'E-mail', 'Description mail');return false;\">Zahtjev za ponudu<\/a>[\/vc_column_text][vc_separator color=&#8220;black&#8220; border_width=&#8220;2&#8243;]<br \/>\n[\/vc_column][vc_column width=&#8220;1\/3&#8243;][vc_single_image source=&#8220;external_link&#8220; onclick=&#8220;link_image&#8220; custom_src=&#8220;https:\/\/www.ceramictiles.com\/images\/mosavit\/mosaic_mc402.jpg&#8220; el_class=&#8220;eheight&#8220;][vc_column_text]<strong><br \/>Mosaic Mc402<\/strong><br \/><a class=\"pdfcatal\" href=\"\/\/www.ceramictiles.com\/pdf\/catalogue_mosavit_desing.pdf\" onclick=\"recordOutboundLink(this, 'E-mail', 'Description PDF');return false;\"> PDF Kolekcijski katalog<\/a><\/a><br \/>Za najbolju ponudu, po\u0161aljite nam boju, dimenzije, koli\u010dinu i adresu za dostavu.<br \/><a href=\"mailto:zo_mi@ceramictiles.com\" onclick=\"recordOutboundLink(this, 'E-mail', 'Description mail');return false;\">Zahtjev za ponudu<\/a>[\/vc_column_text][vc_separator color=&#8220;black&#8220; border_width=&#8220;2&#8243;]<br \/>\n[\/vc_column][vc_column width=&#8220;1\/3&#8243;][vc_single_image source=&#8220;external_link&#8220; onclick=&#8220;link_image&#8220; custom_src=&#8220;https:\/\/www.ceramictiles.com\/images\/mosavit\/mosaic_mc501.jpg&#8220; el_class=&#8220;eheight&#8220;][vc_column_text]<strong><br \/>Mosaic Mc501<\/strong><br \/><a class=\"pdfcatal\" href=\"\/\/www.ceramictiles.com\/pdf\/catalogue_mosavit_desing.pdf\" onclick=\"recordOutboundLink(this, 'E-mail', 'Description PDF');return false;\"> PDF Kolekcijski katalog<\/a><\/a><br \/>Za najbolju ponudu, po\u0161aljite nam boju, dimenzije, koli\u010dinu i adresu za dostavu.<br \/><a href=\"mailto:zo_mi@ceramictiles.com\" onclick=\"recordOutboundLink(this, 'E-mail', 'Description mail');return false;\">Zahtjev za ponudu<\/a>[\/vc_column_text][vc_separator color=&#8220;black&#8220; border_width=&#8220;2&#8243;]<br \/>\n[\/vc_column][vc_column width=&#8220;1\/3&#8243;][vc_single_image source=&#8220;external_link&#8220; onclick=&#8220;link_image&#8220; custom_src=&#8220;https:\/\/www.ceramictiles.com\/images\/mosavit\/mosaic_mc502.jpg&#8220; el_class=&#8220;eheight&#8220;][vc_column_text]<strong><br \/>Mosaic Mc502<\/strong><br \/><a class=\"pdfcatal\" href=\"\/\/www.ceramictiles.com\/pdf\/catalogue_mosavit_desing.pdf\" onclick=\"recordOutboundLink(this, 'E-mail', 'Description PDF');return false;\"> PDF Kolekcijski katalog<\/a><\/a><br \/>Za najbolju ponudu, po\u0161aljite nam boju, dimenzije, koli\u010dinu i adresu za dostavu.<br \/><a href=\"mailto:zo_mi@ceramictiles.com\" onclick=\"recordOutboundLink(this, 'E-mail', 'Description mail');return false;\">Zahtjev za ponudu<\/a>[\/vc_column_text][vc_separator color=&#8220;black&#8220; border_width=&#8220;2&#8243;]<br \/>\n[\/vc_column][vc_column width=&#8220;1\/3&#8243;][vc_single_image source=&#8220;external_link&#8220; onclick=&#8220;link_image&#8220; custom_src=&#8220;https:\/\/www.ceramictiles.com\/images\/mosavit\/mosaic_mc503.jpg&#8220; el_class=&#8220;eheight&#8220;][vc_column_text]<strong><br \/>Mosaic Mc503<\/strong><br \/><a class=\"pdfcatal\" href=\"\/\/www.ceramictiles.com\/pdf\/catalogue_mosavit_desing.pdf\" onclick=\"recordOutboundLink(this, 'E-mail', 'Description PDF');return false;\"> PDF Kolekcijski katalog<\/a><\/a><br \/>Za najbolju ponudu, po\u0161aljite nam boju, dimenzije, koli\u010dinu i adresu za dostavu.<br \/><a href=\"mailto:zo_mi@ceramictiles.com\" onclick=\"recordOutboundLink(this, 'E-mail', 'Description mail');return false;\">Zahtjev za ponudu<\/a>[\/vc_column_text][vc_separator color=&#8220;black&#8220; border_width=&#8220;2&#8243;]<br \/>\n[\/vc_column][vc_column width=&#8220;1\/3&#8243;][vc_single_image source=&#8220;external_link&#8220; onclick=&#8220;link_image&#8220; custom_src=&#8220;https:\/\/www.ceramictiles.com\/images\/mosavit\/mosaic_mc601.jpg&#8220; el_class=&#8220;eheight&#8220;][vc_column_text]<strong><br \/>Mosaic Mc601<\/strong><br \/><a class=\"pdfcatal\" href=\"\/\/www.ceramictiles.com\/pdf\/catalogue_mosavit_desing.pdf\" onclick=\"recordOutboundLink(this, 'E-mail', 'Description PDF');return false;\"> PDF Kolekcijski katalog<\/a><\/a><br \/>Za najbolju ponudu, po\u0161aljite nam boju, dimenzije, koli\u010dinu i adresu za dostavu.<br \/><a href=\"mailto:zo_mi@ceramictiles.com\" onclick=\"recordOutboundLink(this, 'E-mail', 'Description mail');return false;\">Zahtjev za ponudu<\/a>[\/vc_column_text][vc_separator color=&#8220;black&#8220; border_width=&#8220;2&#8243;]<br \/>\n[\/vc_column][vc_column width=&#8220;1\/3&#8243;][vc_single_image source=&#8220;external_link&#8220; onclick=&#8220;link_image&#8220; custom_src=&#8220;https:\/\/www.ceramictiles.com\/images\/mosavit\/mosaic_mc602.jpg&#8220; el_class=&#8220;eheight&#8220;][vc_column_text]<strong><br \/>Mosaic Mc602<\/strong><br \/><a class=\"pdfcatal\" href=\"\/\/www.ceramictiles.com\/pdf\/catalogue_mosavit_desing.pdf\" onclick=\"recordOutboundLink(this, 'E-mail', 'Description PDF');return false;\"> PDF Kolekcijski katalog<\/a><\/a><br \/>Za najbolju ponudu, po\u0161aljite nam boju, dimenzije, koli\u010dinu i adresu za dostavu.<br \/><a href=\"mailto:zo_mi@ceramictiles.com\" onclick=\"recordOutboundLink(this, 'E-mail', 'Description mail');return false;\">Zahtjev za ponudu<\/a>[\/vc_column_text][vc_separator color=&#8220;black&#8220; border_width=&#8220;2&#8243;]<br \/>\n[\/vc_column][vc_column width=&#8220;1\/3&#8243;][vc_single_image source=&#8220;external_link&#8220; onclick=&#8220;link_image&#8220; custom_src=&#8220;https:\/\/www.ceramictiles.com\/images\/mosavit\/mosaic_mc701.jpg&#8220; el_class=&#8220;eheight&#8220;][vc_column_text]<strong><br \/>Mosaic Mc701<\/strong><br \/><a class=\"pdfcatal\" href=\"\/\/www.ceramictiles.com\/pdf\/catalogue_mosavit_desing.pdf\" onclick=\"recordOutboundLink(this, 'E-mail', 'Description PDF');return false;\"> PDF Kolekcijski katalog<\/a><\/a><br \/>Za najbolju ponudu, po\u0161aljite nam boju, dimenzije, koli\u010dinu i adresu za dostavu.<br \/><a href=\"mailto:zo_mi@ceramictiles.com\" onclick=\"recordOutboundLink(this, 'E-mail', 'Description mail');return false;\">Zahtjev za ponudu<\/a>[\/vc_column_text][vc_separator color=&#8220;black&#8220; border_width=&#8220;2&#8243;]<br \/>\n[\/vc_column][vc_column width=&#8220;1\/3&#8243;][vc_single_image source=&#8220;external_link&#8220; onclick=&#8220;link_image&#8220; custom_src=&#8220;https:\/\/www.ceramictiles.com\/images\/mosavit\/mosaic_mc702.jpg&#8220; el_class=&#8220;eheight&#8220;][vc_column_text]<strong><br \/>Mosaic Mc702<\/strong><br \/><a class=\"pdfcatal\" href=\"\/\/www.ceramictiles.com\/pdf\/catalogue_mosavit_desing.pdf\" onclick=\"recordOutboundLink(this, 'E-mail', 'Description PDF');return false;\"> PDF Kolekcijski katalog<\/a><\/a><br \/>Za najbolju ponudu, po\u0161aljite nam boju, dimenzije, koli\u010dinu i adresu za dostavu.<br \/><a href=\"mailto:zo_mi@ceramictiles.com\" onclick=\"recordOutboundLink(this, 'E-mail', 'Description mail');return false;\">Zahtjev za ponudu<\/a>[\/vc_column_text][vc_separator color=&#8220;black&#8220; border_width=&#8220;2&#8243;]<br \/>\n[\/vc_column][vc_column width=&#8220;1\/3&#8243;][vc_single_image source=&#8220;external_link&#8220; onclick=&#8220;link_image&#8220; custom_src=&#8220;https:\/\/www.ceramictiles.com\/images\/mosavit\/mosaic_mc801.jpg&#8220; el_class=&#8220;eheight&#8220;][vc_column_text]<strong><br \/>Mosaic Mc801<\/strong><br \/><a class=\"pdfcatal\" href=\"\/\/www.ceramictiles.com\/pdf\/catalogue_mosavit_desing.pdf\" onclick=\"recordOutboundLink(this, 'E-mail', 'Description PDF');return false;\"> PDF Kolekcijski katalog<\/a><\/a><br \/>Za najbolju ponudu, po\u0161aljite nam boju, dimenzije, koli\u010dinu i adresu za dostavu.<br \/><a href=\"mailto:zo_mi@ceramictiles.com\" onclick=\"recordOutboundLink(this, 'E-mail', 'Description mail');return false;\">Zahtjev za ponudu<\/a>[\/vc_column_text][vc_separator color=&#8220;black&#8220; border_width=&#8220;2&#8243;]<br \/>\n[\/vc_column][vc_column width=&#8220;1\/3&#8243;][vc_single_image source=&#8220;external_link&#8220; onclick=&#8220;link_image&#8220; custom_src=&#8220;https:\/\/www.ceramictiles.com\/images\/mosavit\/mosaic_mc802.jpg&#8220; el_class=&#8220;eheight&#8220;][vc_column_text]<strong><br \/>Mosaic Mc802<\/strong><br \/><a class=\"pdfcatal\" href=\"\/\/www.ceramictiles.com\/pdf\/catalogue_mosavit_desing.pdf\" onclick=\"recordOutboundLink(this, 'E-mail', 'Description PDF');return false;\"> PDF Kolekcijski katalog<\/a><\/a><br \/>Za najbolju ponudu, po\u0161aljite nam boju, dimenzije, koli\u010dinu i adresu za dostavu.<br \/><a href=\"mailto:zo_mi@ceramictiles.com\" onclick=\"recordOutboundLink(this, 'E-mail', 'Description mail');return false;\">Zahtjev za ponudu<\/a>[\/vc_column_text][vc_separator color=&#8220;black&#8220; border_width=&#8220;2&#8243;]<br \/>\n[\/vc_column][vc_column width=&#8220;1\/3&#8243;][vc_single_image source=&#8220;external_link&#8220; onclick=&#8220;link_image&#8220; custom_src=&#8220;https:\/\/www.ceramictiles.com\/images\/mosavit\/mosaic_mc901.jpg&#8220; el_class=&#8220;eheight&#8220;][vc_column_text]<strong><br \/>Mosaic Mc901<\/strong><br \/><a class=\"pdfcatal\" href=\"\/\/www.ceramictiles.com\/pdf\/catalogue_mosavit_desing.pdf\" onclick=\"recordOutboundLink(this, 'E-mail', 'Description PDF');return false;\"> PDF Kolekcijski katalog<\/a><\/a><br \/>Za najbolju ponudu, po\u0161aljite nam boju, dimenzije, koli\u010dinu i adresu za dostavu.<br \/><a href=\"mailto:zo_mi@ceramictiles.com\" onclick=\"recordOutboundLink(this, 'E-mail', 'Description mail');return false;\">Zahtjev za ponudu<\/a>[\/vc_column_text][vc_separator color=&#8220;black&#8220; border_width=&#8220;2&#8243;]<br \/>\n[\/vc_column][vc_column width=&#8220;1\/3&#8243;][vc_single_image source=&#8220;external_link&#8220; onclick=&#8220;link_image&#8220; custom_src=&#8220;https:\/\/www.ceramictiles.com\/images\/mosavit\/mosaic_mc902.jpg&#8220; el_class=&#8220;eheight&#8220;][vc_column_text]<strong><br \/>Mosaic Mc902<\/strong><br \/><a class=\"pdfcatal\" href=\"\/\/www.ceramictiles.com\/pdf\/catalogue_mosavit_desing.pdf\" onclick=\"recordOutboundLink(this, 'E-mail', 'Description PDF');return false;\"> PDF Kolekcijski katalog<\/a><\/a><br \/>Za najbolju ponudu, po\u0161aljite nam boju, dimenzije, koli\u010dinu i adresu za dostavu.<br \/><a href=\"mailto:zo_mi@ceramictiles.com\" onclick=\"recordOutboundLink(this, 'E-mail', 'Description mail');return false;\">Zahtjev za ponudu<\/a>[\/vc_column_text][vc_separator color=&#8220;black&#8220; border_width=&#8220;2&#8243;]<br \/>\n[\/vc_column][vc_column width=&#8220;1\/3&#8243;][vc_single_image source=&#8220;external_link&#8220; onclick=&#8220;link_image&#8220; custom_src=&#8220;https:\/\/www.ceramictiles.com\/images\/mosavit\/mosaic_mc903.jpg&#8220; el_class=&#8220;eheight&#8220;][vc_column_text]<strong><br \/>Mosaic Mc903<\/strong><br \/><a class=\"pdfcatal\" href=\"\/\/www.ceramictiles.com\/pdf\/catalogue_mosavit_desing.pdf\" onclick=\"recordOutboundLink(this, 'E-mail', 'Description PDF');return false;\"> PDF Kolekcijski katalog<\/a><\/a><br \/>Za najbolju ponudu, po\u0161aljite nam boju, dimenzije, koli\u010dinu i adresu za dostavu.<br \/><a href=\"mailto:zo_mi@ceramictiles.com\" onclick=\"recordOutboundLink(this, 'E-mail', 'Description mail');return false;\">Zahtjev za ponudu<\/a>[\/vc_column_text][vc_separator color=&#8220;black&#8220; border_width=&#8220;2&#8243;]<\/p>\n<p>[\/vc_column][\/vc_row]<\/p>\n","protected":false},"excerpt":{"rendered":"<p>Jednobojne staklene mozaik plo\u010dice na mre\u017ei<\/p>\n","protected":false},"featured_media":90793,"template":"","meta":[],"product_cat":[999405,400,999,410],"product_tag":[99950092,99950093],"_links":{"self":[{"href":"https:\/\/www.keramika.com\/srbija\/wp-json\/wp\/v2\/product\/90792"}],"collection":[{"href":"https:\/\/www.keramika.com\/srbija\/wp-json\/wp\/v2\/product"}],"about":[{"href":"https:\/\/www.keramika.com\/srbija\/wp-json\/wp\/v2\/types\/product"}],"wp:featuredmedia":[{"embeddable":true,"href":"https:\/\/www.keramika.com\/srbija\/wp-json\/wp\/v2\/media\/90793"}],"wp:attachment":[{"href":"https:\/\/www.keramika.com\/srbija\/wp-json\/wp\/v2\/media?parent=90792"}],"wp:term":[{"taxonomy":"product_cat","embeddable":true,"href":"https:\/\/www.keramika.com\/srbija\/wp-json\/wp\/v2\/product_cat?post=90792"},{"taxonomy":"product_tag","embeddable":true,"href":"https:\/\/www.keramika.com\/srbija\/wp-json\/wp\/v2\/product_tag?post=90792"}],"curies":[{"name":"wp","href":"https:\/\/api.w.org\/{rel}","templated":true}]}}