{"id":90784,"date":"2017-07-01T22:16:10","date_gmt":"2017-07-01T22:16:10","guid":{"rendered":"http:\/\/www.ceramictiles.com\/srbija\/product\/mozaik-za-kuhinje-mc-201-azul-celeste\/"},"modified":"2026-01-01T00:02:48","modified_gmt":"2026-01-01T00:02:48","slug":"mozaik-za-kuhinje-mc-201-azul-celeste","status":"publish","type":"product","link":"https:\/\/www.keramika.com\/srbija\/mozaik-za-kuhinje-mc-201-azul-celeste\/","title":{"rendered":"Mozaik za kuhinje MC 201 Azul Celeste"},"content":{"rendered":"<p>Ove mozaik plo\u010dice doleaze iz \u0160panije, koja je poznata po kvalitetnom mozaiku. Mozaik plo\u010dice plave boje, su izuzetno tra\u017eene. Namjesto 3935,3 RSD \u0161to je cena u maloprodaji, Vi pla\u0107ate samo 3148,7 RSD. Veli\u010dina mre\u017ee sa mozaikom je 31,6&#215;31,6 cm, \u0161to omogu\u0107ava jednostavnu ugradnju. Ovaj mozaik je 5 mm, te je vrlo je izdr\u017eljiv.<\/p>\n<p>Vlasnike kupatilskih salona pozivamo na direktnu saradnju sa proizvo\u0111a\u010dem. Nudimo Vam direktnu kupovinu po neto cijenama i kompletan prospekto propagandni material. Mo\u017eemo Vam organizirati direktnu dobavu za manje koli\u010dine po kurirski po\u0161ti. Pozovite nas da se dobovorio \u2026.<\/p>\n<p>Technical description: <\/p>\n<p>Min. 1 box &#8211; Delivery 30 Euro\/box in EU<\/p>\n","protected":false},"excerpt":{"rendered":"<p>Ove mozaik plo\u010dice doleaze iz \u0160panije, koja je poznata po kvalitetnom mozaiku. Mozaik plo\u010dice plave boje, su izuzetno tra\u017eene. Namjesto 3935,3 RSD \u0161to je cena u maloprodaji, Vi pla\u0107ate samo 3148,7 RSD. Veli\u010dina mre\u017ee sa mozaikom je 31,6&#215;31,6 cm, \u0161to omogu\u0107ava jednostavnu ugradnju. Ovaj mozaik je 5 mm, te je vrlo je izdr\u017eljiv. Vlasnike kupatilskih [&hellip;]<\/p>\n","protected":false},"featured_media":90785,"template":"","meta":[],"product_cat":[999405,400,999,410],"product_tag":[],"_links":{"self":[{"href":"https:\/\/www.keramika.com\/srbija\/wp-json\/wp\/v2\/product\/90784"}],"collection":[{"href":"https:\/\/www.keramika.com\/srbija\/wp-json\/wp\/v2\/product"}],"about":[{"href":"https:\/\/www.keramika.com\/srbija\/wp-json\/wp\/v2\/types\/product"}],"wp:featuredmedia":[{"embeddable":true,"href":"https:\/\/www.keramika.com\/srbija\/wp-json\/wp\/v2\/media\/90785"}],"wp:attachment":[{"href":"https:\/\/www.keramika.com\/srbija\/wp-json\/wp\/v2\/media?parent=90784"}],"wp:term":[{"taxonomy":"product_cat","embeddable":true,"href":"https:\/\/www.keramika.com\/srbija\/wp-json\/wp\/v2\/product_cat?post=90784"},{"taxonomy":"product_tag","embeddable":true,"href":"https:\/\/www.keramika.com\/srbija\/wp-json\/wp\/v2\/product_tag?post=90784"}],"curies":[{"name":"wp","href":"https:\/\/api.w.org\/{rel}","templated":true}]}}