{"id":90774,"date":"2017-07-01T22:14:51","date_gmt":"2017-07-01T22:14:51","guid":{"rendered":"http:\/\/www.ceramictiles.com\/srbija\/product\/mozaik-za-kuhinje-mc-701-amarillo\/"},"modified":"2026-01-01T00:02:47","modified_gmt":"2026-01-01T00:02:47","slug":"mozaik-za-kuhinje-mc-701-amarillo","status":"publish","type":"product","link":"https:\/\/www.keramika.com\/srbija\/mozaik-za-kuhinje-mc-701-amarillo\/","title":{"rendered":"Mozaik za kuhinje MC 701 Amarillo"},"content":{"rendered":"<p>Prilikom izbora mozaika u glavnom \u017eute boji ne\u0107ete pogre\u0161iti Mosaic MC 701 Amarillo je proizvod iz \u0160panije te je izuzetno kvalitetna. 4725,35 RSD je redovna prodajna cena keramike, tu pa samo 3781,2 RSD. Debljina od 5 mm ovog mozaika ga \u010dini vrlo izdr\u017eljivim i prijatnim na dodir. Veli\u010dina mre\u017ee sa mozaikom je 31,6&#215;31,6 cm, \u0161to omogu\u0107ava jednostavnu ugradnju.<\/p>\n<p>Vlasnike kupatilskih salona pozivamo na direktnu saradnju sa proizvo\u0111a\u010dem. Nudimo Vam direktnu kupovinu po neto cijenama i kompletan prospekto propagandni material. Mo\u017eemo Vam organizirati direktnu dobavu za manje koli\u010dine po kurirski po\u0161ti. Pozovite nas da se dobovorio \u2026.<\/p>\n<p>Technical description: <\/p>\n<p>Min. 1 box &#8211; Delivery 30 Euro\/box in EU<\/p>\n","protected":false},"excerpt":{"rendered":"<p>Prilikom izbora mozaika u glavnom \u017eute boji ne\u0107ete pogre\u0161iti Mosaic MC 701 Amarillo je proizvod iz \u0160panije te je izuzetno kvalitetna. 4725,35 RSD je redovna prodajna cena keramike, tu pa samo 3781,2 RSD. Debljina od 5 mm ovog mozaika ga \u010dini vrlo izdr\u017eljivim i prijatnim na dodir. Veli\u010dina mre\u017ee sa mozaikom je 31,6&#215;31,6 cm, \u0161to [&hellip;]<\/p>\n","protected":false},"featured_media":90775,"template":"","meta":[],"product_cat":[999405,400,999,410],"product_tag":[],"_links":{"self":[{"href":"https:\/\/www.keramika.com\/srbija\/wp-json\/wp\/v2\/product\/90774"}],"collection":[{"href":"https:\/\/www.keramika.com\/srbija\/wp-json\/wp\/v2\/product"}],"about":[{"href":"https:\/\/www.keramika.com\/srbija\/wp-json\/wp\/v2\/types\/product"}],"wp:featuredmedia":[{"embeddable":true,"href":"https:\/\/www.keramika.com\/srbija\/wp-json\/wp\/v2\/media\/90775"}],"wp:attachment":[{"href":"https:\/\/www.keramika.com\/srbija\/wp-json\/wp\/v2\/media?parent=90774"}],"wp:term":[{"taxonomy":"product_cat","embeddable":true,"href":"https:\/\/www.keramika.com\/srbija\/wp-json\/wp\/v2\/product_cat?post=90774"},{"taxonomy":"product_tag","embeddable":true,"href":"https:\/\/www.keramika.com\/srbija\/wp-json\/wp\/v2\/product_tag?post=90774"}],"curies":[{"name":"wp","href":"https:\/\/api.w.org\/{rel}","templated":true}]}}