{"id":90772,"date":"2017-07-01T22:14:37","date_gmt":"2017-07-01T22:14:37","guid":{"rendered":"http:\/\/www.ceramictiles.com\/srbija\/product\/mozaik-plocice-za-kupatilo-combi-9-melange-rose\/"},"modified":"2026-01-01T00:02:46","modified_gmt":"2026-01-01T00:02:46","slug":"mozaik-plocice-za-kupatilo-combi-9-melange-rose","status":"publish","type":"product","link":"https:\/\/www.keramika.com\/srbija\/mozaik-plocice-za-kupatilo-combi-9-melange-rose\/","title":{"rendered":"Mozaik plo\u010dice za kupatilo Combi 9 Melange Rose"},"content":{"rendered":"<p>Ovaj mozaik je 5 mm, te je vrlo je izdr\u017eljiv. Mozaik plo\u010dice su na mre\u017ei, \u0161to olak\u0161ava njegovu instalaciju. Veli\u010dina mre\u017ee je 31,6&#215;31,6 cm. Zaradi ni\u017eih tro\u0161kova kod internetne prodaje, \u0107e te na na\u0161oj strani za taj mozaik platiti 3148,7 RSD. Plo\u010dice roze boje osvje\u017eit \u0107e svaki prostor. Ovaj mozaik je proizveden od proizvo\u0111a\u010da Mosavit, iz \u0160panije.<\/p>\n<p>Vlasnike kupatilskih salona pozivamo na direktnu saradnju sa proizvo\u0111a\u010dem. Nudimo Vam direktnu kupovinu po neto cijenama i kompletan prospekto propagandni material. Mo\u017eemo Vam organizirati direktnu dobavu za manje koli\u010dine po kurirski po\u0161ti. Pozovite nas da se dobovorio \u2026.<\/p>\n<p>Technical description: <\/p>\n<p>Min. 1 box &#8211; Delivery 30 Euro\/box in EU<\/p>\n","protected":false},"excerpt":{"rendered":"<p>Ovaj mozaik je 5 mm, te je vrlo je izdr\u017eljiv. Mozaik plo\u010dice su na mre\u017ei, \u0161to olak\u0161ava njegovu instalaciju. Veli\u010dina mre\u017ee je 31,6&#215;31,6 cm. Zaradi ni\u017eih tro\u0161kova kod internetne prodaje, \u0107e te na na\u0161oj strani za taj mozaik platiti 3148,7 RSD. Plo\u010dice roze boje osvje\u017eit \u0107e svaki prostor. Ovaj mozaik je proizveden od proizvo\u0111a\u010da Mosavit, [&hellip;]<\/p>\n","protected":false},"featured_media":90773,"template":"","meta":[],"product_cat":[999405,400,999,410],"product_tag":[99950093],"_links":{"self":[{"href":"https:\/\/www.keramika.com\/srbija\/wp-json\/wp\/v2\/product\/90772"}],"collection":[{"href":"https:\/\/www.keramika.com\/srbija\/wp-json\/wp\/v2\/product"}],"about":[{"href":"https:\/\/www.keramika.com\/srbija\/wp-json\/wp\/v2\/types\/product"}],"wp:featuredmedia":[{"embeddable":true,"href":"https:\/\/www.keramika.com\/srbija\/wp-json\/wp\/v2\/media\/90773"}],"wp:attachment":[{"href":"https:\/\/www.keramika.com\/srbija\/wp-json\/wp\/v2\/media?parent=90772"}],"wp:term":[{"taxonomy":"product_cat","embeddable":true,"href":"https:\/\/www.keramika.com\/srbija\/wp-json\/wp\/v2\/product_cat?post=90772"},{"taxonomy":"product_tag","embeddable":true,"href":"https:\/\/www.keramika.com\/srbija\/wp-json\/wp\/v2\/product_tag?post=90772"}],"curies":[{"name":"wp","href":"https:\/\/api.w.org\/{rel}","templated":true}]}}