{"id":90766,"date":"2017-07-01T22:13:49","date_gmt":"2017-07-01T22:13:49","guid":{"rendered":"http:\/\/www.ceramictiles.com\/srbija\/product\/mozaik-plocice-za-kupatilo-combi-6-60016002\/"},"modified":"2026-01-01T00:02:46","modified_gmt":"2026-01-01T00:02:46","slug":"mozaik-plocice-za-kupatilo-combi-6-60016002","status":"publish","type":"product","link":"https:\/\/www.keramika.com\/srbija\/mozaik-plocice-za-kupatilo-combi-6-60016002\/","title":{"rendered":"Mozaik plo\u010dice za kupatilo Combi 6 (6001+6002)"},"content":{"rendered":"<p>5 mm debljina \u0107e zadovoljiti i najzahtevnije kupce. Ove mozaik plo\u010dice doleaze iz \u0160panije, koja je poznata po kvalitetnom mozaiku. Redovna cena tog mozaika u maloprodaji je 3935,3 RSD, a u na\u0161oj online trgovini, ga mo\u017eete dobiti za 3148,7 RSD. Ovaj mozaik je dostupan u prekrasnoj ljubi\u010daste dominantnoj boji. Ako \u017eelite da razli\u010dite boje kontaktirajte nas i mi \u0107emo proveriti kod proizvo\u0111a\u010da. Veli\u010dina 31,6&#215;31,6 cm mre\u017ee, na koju su pritvr\u0111ene mozaik plo\u010dice, je odli\u010dna za pokrivanje povr\u0161ine.<\/p>\n<p>Vlasnike kupatilskih salona pozivamo na direktnu saradnju sa proizvo\u0111a\u010dem. Nudimo Vam direktnu kupovinu po neto cijenama i kompletan prospekto propagandni material. Mo\u017eemo Vam organizirati direktnu dobavu za manje koli\u010dine po kurirski po\u0161ti. Pozovite nas da se dobovorio \u2026.<\/p>\n<p>Technical description: <\/p>\n<p>Min. 1 box &#8211; Delivery 30 Euro\/box in EU<\/p>\n","protected":false},"excerpt":{"rendered":"<p>5 mm debljina \u0107e zadovoljiti i najzahtevnije kupce. Ove mozaik plo\u010dice doleaze iz \u0160panije, koja je poznata po kvalitetnom mozaiku. Redovna cena tog mozaika u maloprodaji je 3935,3 RSD, a u na\u0161oj online trgovini, ga mo\u017eete dobiti za 3148,7 RSD. Ovaj mozaik je dostupan u prekrasnoj ljubi\u010daste dominantnoj boji. Ako \u017eelite da razli\u010dite boje kontaktirajte [&hellip;]<\/p>\n","protected":false},"featured_media":90767,"template":"","meta":[],"product_cat":[999405,400,999,410],"product_tag":[],"_links":{"self":[{"href":"https:\/\/www.keramika.com\/srbija\/wp-json\/wp\/v2\/product\/90766"}],"collection":[{"href":"https:\/\/www.keramika.com\/srbija\/wp-json\/wp\/v2\/product"}],"about":[{"href":"https:\/\/www.keramika.com\/srbija\/wp-json\/wp\/v2\/types\/product"}],"wp:featuredmedia":[{"embeddable":true,"href":"https:\/\/www.keramika.com\/srbija\/wp-json\/wp\/v2\/media\/90767"}],"wp:attachment":[{"href":"https:\/\/www.keramika.com\/srbija\/wp-json\/wp\/v2\/media?parent=90766"}],"wp:term":[{"taxonomy":"product_cat","embeddable":true,"href":"https:\/\/www.keramika.com\/srbija\/wp-json\/wp\/v2\/product_cat?post=90766"},{"taxonomy":"product_tag","embeddable":true,"href":"https:\/\/www.keramika.com\/srbija\/wp-json\/wp\/v2\/product_tag?post=90766"}],"curies":[{"name":"wp","href":"https:\/\/api.w.org\/{rel}","templated":true}]}}