{"id":90764,"date":"2017-07-01T22:13:35","date_gmt":"2017-07-01T22:13:35","guid":{"rendered":"http:\/\/www.ceramictiles.com\/srbija\/product\/mozaik-plocice-za-kupatilo-combi-5-501502\/"},"modified":"2026-01-01T00:02:46","modified_gmt":"2026-01-01T00:02:46","slug":"mozaik-plocice-za-kupatilo-combi-5-501502","status":"publish","type":"product","link":"https:\/\/www.keramika.com\/srbija\/mozaik-plocice-za-kupatilo-combi-5-501502\/","title":{"rendered":"Mozaik plo\u010dice za kupatilo Combi 5 (501+502)"},"content":{"rendered":"<p>Mozaik plo\u010dice su na mre\u017ei, \u0161to olak\u0161ava njegovu instalaciju. Veli\u010dina mre\u017ee je 31,6&#215;31,6 cm. Mozaik plo\u010dice be\u017e boje, su izuzetno tra\u017eene. U maloprodaji je cena 3935,3 RSD, online cena, pa je samo 3148,7 RSD. Mosaic Combi 5 (501+502) je proizvod iz \u0160panije te je izuzetno kvalitetna. Mozaik je debljine 5 mm, \u0161to ga \u010dini izuzetno tvrdim.<\/p>\n<p>Vlasnike kupatilskih salona pozivamo na direktnu saradnju sa proizvo\u0111a\u010dem. Nudimo Vam direktnu kupovinu po neto cijenama i kompletan prospekto propagandni material. Mo\u017eemo Vam organizirati direktnu dobavu za manje koli\u010dine po kurirski po\u0161ti. Pozovite nas da se dobovorio \u2026.<\/p>\n<p>Technical description: <\/p>\n<p>Min. 1 box &#8211; Delivery 30 Euro\/box in EU<\/p>\n","protected":false},"excerpt":{"rendered":"<p>Mozaik plo\u010dice su na mre\u017ei, \u0161to olak\u0161ava njegovu instalaciju. Veli\u010dina mre\u017ee je 31,6&#215;31,6 cm. Mozaik plo\u010dice be\u017e boje, su izuzetno tra\u017eene. U maloprodaji je cena 3935,3 RSD, online cena, pa je samo 3148,7 RSD. Mosaic Combi 5 (501+502) je proizvod iz \u0160panije te je izuzetno kvalitetna. Mozaik je debljine 5 mm, \u0161to ga \u010dini izuzetno [&hellip;]<\/p>\n","protected":false},"featured_media":90765,"template":"","meta":[],"product_cat":[999405,400,999,410],"product_tag":[],"_links":{"self":[{"href":"https:\/\/www.keramika.com\/srbija\/wp-json\/wp\/v2\/product\/90764"}],"collection":[{"href":"https:\/\/www.keramika.com\/srbija\/wp-json\/wp\/v2\/product"}],"about":[{"href":"https:\/\/www.keramika.com\/srbija\/wp-json\/wp\/v2\/types\/product"}],"wp:featuredmedia":[{"embeddable":true,"href":"https:\/\/www.keramika.com\/srbija\/wp-json\/wp\/v2\/media\/90765"}],"wp:attachment":[{"href":"https:\/\/www.keramika.com\/srbija\/wp-json\/wp\/v2\/media?parent=90764"}],"wp:term":[{"taxonomy":"product_cat","embeddable":true,"href":"https:\/\/www.keramika.com\/srbija\/wp-json\/wp\/v2\/product_cat?post=90764"},{"taxonomy":"product_tag","embeddable":true,"href":"https:\/\/www.keramika.com\/srbija\/wp-json\/wp\/v2\/product_tag?post=90764"}],"curies":[{"name":"wp","href":"https:\/\/api.w.org\/{rel}","templated":true}]}}