{"id":90762,"date":"2017-07-01T22:13:20","date_gmt":"2017-07-01T22:13:20","guid":{"rendered":"http:\/\/www.ceramictiles.com\/srbija\/product\/mozaik-plocice-za-kupatilo-combi-4-401402\/"},"modified":"2026-01-01T00:02:45","modified_gmt":"2026-01-01T00:02:45","slug":"mozaik-plocice-za-kupatilo-combi-4-401402","status":"publish","type":"product","link":"https:\/\/www.keramika.com\/srbija\/mozaik-plocice-za-kupatilo-combi-4-401402\/","title":{"rendered":"Mozaik plo\u010dice za kupatilo Combi 4 (401+402)"},"content":{"rendered":"<p>Namjesto 3935,3 RSD \u0161to je cena u maloprodaji, Vi pla\u0107ate samo 3148,7 RSD. \u0160irina i du\u017eina mre\u017ee na koju je pritvr\u0111en mozaik je 31,6&#215;31,6 cm. Mre\u017ea se jednostavno mo\u017eete polo\u017eiti na razli\u010dite povr\u0161ine. plo\u010dica proizvo\u0111a\u010da Mosavit iz \u0160panije. Mozaik plo\u010dice bele boje, su izuzetno tra\u017eene. 5 mm debljina \u0107e zadovoljiti i najzahtevnije kupce.<\/p>\n<p>Vlasnike kupatilskih salona pozivamo na direktnu saradnju sa proizvo\u0111a\u010dem. Nudimo Vam direktnu kupovinu po neto cijenama i kompletan prospekto propagandni material. Mo\u017eemo Vam organizirati direktnu dobavu za manje koli\u010dine po kurirski po\u0161ti. Pozovite nas da se dobovorio \u2026.<\/p>\n<p>Technical description: <\/p>\n<p>Min. 1 box &#8211; Delivery 30 Euro\/box in EU<\/p>\n","protected":false},"excerpt":{"rendered":"<p>Namjesto 3935,3 RSD \u0161to je cena u maloprodaji, Vi pla\u0107ate samo 3148,7 RSD. \u0160irina i du\u017eina mre\u017ee na koju je pritvr\u0111en mozaik je 31,6&#215;31,6 cm. Mre\u017ea se jednostavno mo\u017eete polo\u017eiti na razli\u010dite povr\u0161ine. plo\u010dica proizvo\u0111a\u010da Mosavit iz \u0160panije. Mozaik plo\u010dice bele boje, su izuzetno tra\u017eene. 5 mm debljina \u0107e zadovoljiti i najzahtevnije kupce. Vlasnike kupatilskih [&hellip;]<\/p>\n","protected":false},"featured_media":90763,"template":"","meta":[],"product_cat":[999405,400,999,410],"product_tag":[99950093],"_links":{"self":[{"href":"https:\/\/www.keramika.com\/srbija\/wp-json\/wp\/v2\/product\/90762"}],"collection":[{"href":"https:\/\/www.keramika.com\/srbija\/wp-json\/wp\/v2\/product"}],"about":[{"href":"https:\/\/www.keramika.com\/srbija\/wp-json\/wp\/v2\/types\/product"}],"wp:featuredmedia":[{"embeddable":true,"href":"https:\/\/www.keramika.com\/srbija\/wp-json\/wp\/v2\/media\/90763"}],"wp:attachment":[{"href":"https:\/\/www.keramika.com\/srbija\/wp-json\/wp\/v2\/media?parent=90762"}],"wp:term":[{"taxonomy":"product_cat","embeddable":true,"href":"https:\/\/www.keramika.com\/srbija\/wp-json\/wp\/v2\/product_cat?post=90762"},{"taxonomy":"product_tag","embeddable":true,"href":"https:\/\/www.keramika.com\/srbija\/wp-json\/wp\/v2\/product_tag?post=90762"}],"curies":[{"name":"wp","href":"https:\/\/api.w.org\/{rel}","templated":true}]}}