{"id":90754,"date":"2017-08-01T22:12:27","date_gmt":"2017-08-01T22:12:27","guid":{"rendered":"http:\/\/www.ceramictiles.com\/srbija\/product\/mosavit-mozaik-plocice-metalica-platino\/"},"modified":"2026-01-01T00:02:44","modified_gmt":"2026-01-01T00:02:44","slug":"mosavit-mozaik-plocice-metalica-platino","status":"publish","type":"product","link":"https:\/\/www.keramika.com\/srbija\/mosavit-mozaik-plocice-metalica-platino\/","title":{"rendered":"Mosavit mozaik plo\u010dice Metalica Platino"},"content":{"rendered":"<p>Ovaj mozaik je proizveden od proizvo\u0111a\u010da Mosavit, iz \u0160panije. \u0160irina i du\u017eina mre\u017ee na koju je pritvr\u0111en mozaik je 31,6&#215;31,6 cm. Mre\u017ea se jednostavno mo\u017eete polo\u017eiti na razli\u010dite povr\u0161ine. 5 mm debljine je dovoljno za zahtevnije kupce. Mozaik plo\u010dice srebrne boje, su izuzetno tra\u017eene. Namjesto 15812,5 RSD \u0161to je cena u maloprodaji, Vi pla\u0107ate samo 12650 RSD.<\/p>\n<p>Vlasnike kupatilskih salona pozivamo na direktnu saradnju sa proizvo\u0111a\u010dem. Nudimo Vam direktnu kupovinu po neto cijenama i kompletan prospekto propagandni material. Mo\u017eemo Vam organizirati direktnu dobavu za manje koli\u010dine po kurirski po\u0161ti. Pozovite nas da se dobovorio \u2026.<br \/>\nVeli\u010dina mre\u017ee: 31,6 k 31,6 cm<br \/>\nVeli\u010dina plo\u010dica: 2,5 k 2,5 cm<br \/>\nBoja Crna<br \/>\nKarakteristike:<br \/>\nMetalne boje<br \/>\nNije pogodno za bazene<br \/>\nTehni\u010dki opis:<br \/>\n9 komada \/ kutija (31,6k31,6)<br \/>\n10,2 kg \/ kutija<br \/>\nMin. 1 bok &#8211; Dostava 30 Euro \/ kutija u EU<\/p>\n","protected":false},"excerpt":{"rendered":"<p>Staklene mozaik plo\u010dice &#8211; crne.<\/p>\n","protected":false},"featured_media":90755,"template":"","meta":[],"product_cat":[999405,400,999,410],"product_tag":[999500883,99950093,99950090],"_links":{"self":[{"href":"https:\/\/www.keramika.com\/srbija\/wp-json\/wp\/v2\/product\/90754"}],"collection":[{"href":"https:\/\/www.keramika.com\/srbija\/wp-json\/wp\/v2\/product"}],"about":[{"href":"https:\/\/www.keramika.com\/srbija\/wp-json\/wp\/v2\/types\/product"}],"wp:featuredmedia":[{"embeddable":true,"href":"https:\/\/www.keramika.com\/srbija\/wp-json\/wp\/v2\/media\/90755"}],"wp:attachment":[{"href":"https:\/\/www.keramika.com\/srbija\/wp-json\/wp\/v2\/media?parent=90754"}],"wp:term":[{"taxonomy":"product_cat","embeddable":true,"href":"https:\/\/www.keramika.com\/srbija\/wp-json\/wp\/v2\/product_cat?post=90754"},{"taxonomy":"product_tag","embeddable":true,"href":"https:\/\/www.keramika.com\/srbija\/wp-json\/wp\/v2\/product_tag?post=90754"}],"curies":[{"name":"wp","href":"https:\/\/api.w.org\/{rel}","templated":true}]}}