{"id":90752,"date":"2017-07-02T22:12:11","date_gmt":"2017-07-02T22:12:11","guid":{"rendered":"http:\/\/www.ceramictiles.com\/srbija\/product\/mosavit-mozaik-plocice-metalica-oro-dore\/"},"modified":"2026-01-01T00:02:44","modified_gmt":"2026-01-01T00:02:44","slug":"mosavit-mozaik-plocice-metalica-oro-dore","status":"publish","type":"product","link":"https:\/\/www.keramika.com\/srbija\/mosavit-mozaik-plocice-metalica-oro-dore\/","title":{"rendered":"Mosavit mozaik plo\u010dice Metalica Oro Dore"},"content":{"rendered":"<p>Metalica Oro Dore dolazi iz \u0160panije, koja je poznata po vrlo visokoj kvaliteta keramike u svetu. Na na\u0161em sajtu, \u0107e te dobiti mozaik za samo 12650 RSD, dok je u maloprodaji 15812,5 RSD. \u0160irina i du\u017eina mre\u017ee na koju je pritvr\u0111en mozaik je 31,6&#215;31,6 cm. Mre\u017ea se jednostavno mo\u017eete polo\u017eiti na razli\u010dite povr\u0161ine. Ovaj mozaik je dostupan u prekrasnoj zlate dominantnoj boji. Ako \u017eelite da razli\u010dite boje kontaktirajte nas i mi \u0107emo proveriti kod proizvo\u0111a\u010da. 5 mm debljina \u0107e zadovoljiti i najzahtevnije kupce.<\/p>\n<p>Vlasnike kupatilskih salona pozivamo na direktnu saradnju sa proizvo\u0111a\u010dem. Nudimo Vam direktnu kupovinu po neto cijenama i kompletan prospekto propagandni material. Mo\u017eemo Vam organizirati direktnu dobavu za manje koli\u010dine po kurirski po\u0161ti. Pozovite nas da se dobovorio \u2026.<br \/>\nVeli\u010dina mre\u017ee: 31,6 k 31,6 cm<br \/>\nVeli\u010dina plo\u010dica: 2,5 k 2,5 cm<br \/>\nBoja: zlato<br \/>\nKarakteristike:<br \/>\nMetalne boje<br \/>\nNije pogodno za bazene<br \/>\nTehni\u010dki opis:<br \/>\n9 komada \/ kutija (31,6k31,6)<br \/>\n10,2 kg \/ kutija<br \/>\nMin. 1 bok &#8211; Dostava 30 Euro \/ kutija u EU<\/p>\n","protected":false},"excerpt":{"rendered":"<p>Staklene mozaik plo\u010dice &#8211; zlato.<\/p>\n","protected":false},"featured_media":90753,"template":"","meta":[],"product_cat":[999405,400,999,410],"product_tag":[999500883,99950093],"_links":{"self":[{"href":"https:\/\/www.keramika.com\/srbija\/wp-json\/wp\/v2\/product\/90752"}],"collection":[{"href":"https:\/\/www.keramika.com\/srbija\/wp-json\/wp\/v2\/product"}],"about":[{"href":"https:\/\/www.keramika.com\/srbija\/wp-json\/wp\/v2\/types\/product"}],"wp:featuredmedia":[{"embeddable":true,"href":"https:\/\/www.keramika.com\/srbija\/wp-json\/wp\/v2\/media\/90753"}],"wp:attachment":[{"href":"https:\/\/www.keramika.com\/srbija\/wp-json\/wp\/v2\/media?parent=90752"}],"wp:term":[{"taxonomy":"product_cat","embeddable":true,"href":"https:\/\/www.keramika.com\/srbija\/wp-json\/wp\/v2\/product_cat?post=90752"},{"taxonomy":"product_tag","embeddable":true,"href":"https:\/\/www.keramika.com\/srbija\/wp-json\/wp\/v2\/product_tag?post=90752"}],"curies":[{"name":"wp","href":"https:\/\/api.w.org\/{rel}","templated":true}]}}