{"id":90738,"date":"2017-07-01T22:10:26","date_gmt":"2017-07-01T22:10:26","guid":{"rendered":"http:\/\/www.ceramictiles.com\/srbija\/product\/mosavit-mozaik-plocice-meta-cobre-bases\/"},"modified":"2026-01-01T00:02:42","modified_gmt":"2026-01-01T00:02:42","slug":"mosavit-mozaik-plocice-meta-cobre-bases","status":"publish","type":"product","link":"https:\/\/www.keramika.com\/srbija\/mosavit-mozaik-plocice-meta-cobre-bases\/","title":{"rendered":"Mosavit mozaik plo\u010dice Meta Cobre bases"},"content":{"rendered":"<p>Prilikom izbora mozaika u glavnom braon boji ne\u0107ete pogre\u0161iti Meta Cobre bases je proizvod iz \u0160panije te je izuzetno kvalitetna. Meta Cobre bases je dostupna po vrlo povoljnim cenama 6468,75 RSD. Mozaik je debljine 5 mm, \u0161to ga \u010dini izuzetno tvrdim. Mozaik plo\u010dice su na mre\u017ei, \u0161to olak\u0161ava njegovu instalaciju. Veli\u010dina mre\u017ee je 31,6&#215;31,6 cm.<\/p>\n<p>Vlasnike kupatilskih salona pozivamo na direktnu saradnju sa proizvo\u0111a\u010dem. Nudimo Vam direktnu kupovinu po neto cijenama i kompletan prospekto propagandni material. Mo\u017eemo Vam organizirati direktnu dobavu za manje koli\u010dine po kurirski po\u0161ti. Pozovite nas da se dobovorio \u2026.<br \/>\nVeli\u010dina mre\u017ee: 31,6 k 31,6 cm<br \/>\nVeli\u010dina plo\u010dica: 2,5 k 2,5 cm<br \/>\nBoja: be\u017e<br \/>\nKarakteristike:<br \/>\nMetalne boje<br \/>\nNije pogodno za bazene<br \/>\nTehni\u010dki opis:<br \/>\n9 komada \/ kutija (31,6k31,6)<br \/>\n10,2 kg \/ kutija<br \/>\nMin. 1 kutija &#8211; Dostava 30 Euro \/ kutija u EU<\/p>\n","protected":false},"excerpt":{"rendered":"<p>Staklene mozaik plo\u010dice &#8211; be\u017e boje.<\/p>\n","protected":false},"featured_media":90739,"template":"","meta":[],"product_cat":[999405,400,999,410],"product_tag":[999500883,99950093],"_links":{"self":[{"href":"https:\/\/www.keramika.com\/srbija\/wp-json\/wp\/v2\/product\/90738"}],"collection":[{"href":"https:\/\/www.keramika.com\/srbija\/wp-json\/wp\/v2\/product"}],"about":[{"href":"https:\/\/www.keramika.com\/srbija\/wp-json\/wp\/v2\/types\/product"}],"wp:featuredmedia":[{"embeddable":true,"href":"https:\/\/www.keramika.com\/srbija\/wp-json\/wp\/v2\/media\/90739"}],"wp:attachment":[{"href":"https:\/\/www.keramika.com\/srbija\/wp-json\/wp\/v2\/media?parent=90738"}],"wp:term":[{"taxonomy":"product_cat","embeddable":true,"href":"https:\/\/www.keramika.com\/srbija\/wp-json\/wp\/v2\/product_cat?post=90738"},{"taxonomy":"product_tag","embeddable":true,"href":"https:\/\/www.keramika.com\/srbija\/wp-json\/wp\/v2\/product_tag?post=90738"}],"curies":[{"name":"wp","href":"https:\/\/api.w.org\/{rel}","templated":true}]}}