{"id":90728,"date":"2017-07-01T22:08:54","date_gmt":"2017-07-01T22:08:54","guid":{"rendered":"http:\/\/www.ceramictiles.com\/srbija\/product\/hd-staklene-mozaik-plocice-lion\/"},"modified":"2026-01-01T00:02:41","modified_gmt":"2026-01-01T00:02:41","slug":"hd-staklene-mozaik-plocice-lion","status":"publish","type":"product","link":"https:\/\/www.keramika.com\/srbija\/hd-staklene-mozaik-plocice-lion\/","title":{"rendered":"HD staklene mozaik plo\u010dice Lion"},"content":{"rendered":"<p><span style=\"color: #3366ff;\"><strong>Unikatni mozaik !<\/strong><\/span><br \/>\n<span style=\"color: #3366ff;\"><strong> Po\u0161aljite nam va\u0161u fotografiju. Vrhunska tehnologiji izrade mozaika omogu\u0107ava da tu sliku prenesemo u HD kvaliteti u staklene plo\u010dice. Mozaik plo\u010dice su prakti\u010dno ne uni\u0161tive.<\/strong><\/span><br \/>\n<span style=\"color: #3366ff;\"><strong> Va\u0161a lepota ostaje za uvek.<\/strong><\/span><\/p>\n<p>Ovaj mozaik je 5 mm, te je vrlo je izdr\u017eljiv. Ovaj mozaik je proizveden od proizvo\u0111a\u010da Mosavit, iz \u0160panije. Mozaik je pritvr\u0111en na mre\u017eu, \u0161to olak\u0161ava njegovu ugradnju. Veli\u010dina mre\u017ee je 31,6&#215;31,6 cm , te je pogodan je za razli\u010dite povr\u0161ine. Ove lepe, mozaik plo\u010dice narand\u017easte boje, \u0107e obogatiti svaki prostor. Na na\u0161em sajtu, \u0107e te dobiti mozaik za samo 51750 RSD, dok je u maloprodaji 64687,5 RSD.<\/p>\n<p>Vlasnike kupatilskih salona pozivamo na direktnu saradnju sa proizvo\u0111a\u010dem. Nudimo Vam direktnu kupovinu po neto cijenama i kompletan prospekto propagandni material. Mo\u017eemo Vam organizirati direktnu dobavu za manje koli\u010dine po kurirski po\u0161ti. Pozovite nas da se dobovorio \u2026.<\/p>\n<p>Technical description: High definition ceramics \u2013 For a project or for your bathroom, high definition ceramics is a great way to get ceramics exactly as you want it, completely unique! How does it work? You send us any picture by your desire and we impetrate it into glass mosai<\/p>\n","protected":false},"excerpt":{"rendered":"<p>Unikatni mozaik ! Po\u0161aljite nam va\u0161u fotografiju. Vrhunska tehnologiji izrade mozaika omogu\u0107ava da tu sliku prenesemo u HD kvaliteti u staklene plo\u010dice. Mozaik plo\u010dice su prakti\u010dno ne uni\u0161tive. Va\u0161a lepota ostaje za uvek. Ovaj mozaik je 5 mm, te je vrlo je izdr\u017eljiv. Ovaj mozaik je proizveden od proizvo\u0111a\u010da Mosavit, iz \u0160panije. Mozaik je pritvr\u0111en [&hellip;]<\/p>\n","protected":false},"featured_media":90729,"template":"","meta":[],"product_cat":[999405,999,410,300],"product_tag":[99950093],"_links":{"self":[{"href":"https:\/\/www.keramika.com\/srbija\/wp-json\/wp\/v2\/product\/90728"}],"collection":[{"href":"https:\/\/www.keramika.com\/srbija\/wp-json\/wp\/v2\/product"}],"about":[{"href":"https:\/\/www.keramika.com\/srbija\/wp-json\/wp\/v2\/types\/product"}],"wp:featuredmedia":[{"embeddable":true,"href":"https:\/\/www.keramika.com\/srbija\/wp-json\/wp\/v2\/media\/90729"}],"wp:attachment":[{"href":"https:\/\/www.keramika.com\/srbija\/wp-json\/wp\/v2\/media?parent=90728"}],"wp:term":[{"taxonomy":"product_cat","embeddable":true,"href":"https:\/\/www.keramika.com\/srbija\/wp-json\/wp\/v2\/product_cat?post=90728"},{"taxonomy":"product_tag","embeddable":true,"href":"https:\/\/www.keramika.com\/srbija\/wp-json\/wp\/v2\/product_tag?post=90728"}],"curies":[{"name":"wp","href":"https:\/\/api.w.org\/{rel}","templated":true}]}}