{"id":90724,"date":"2017-12-07T22:08:27","date_gmt":"2017-12-07T22:08:27","guid":{"rendered":"http:\/\/www.ceramictiles.com\/srbija\/product\/mosavit-mozaik-plocice-fosvit-mezcla-santorini\/"},"modified":"2026-01-01T00:02:41","modified_gmt":"2026-01-01T00:02:41","slug":"mosavit-mozaik-plocice-fosvit-mezcla-santorini","status":"publish","type":"product","link":"https:\/\/www.keramika.com\/srbija\/mosavit-mozaik-plocice-fosvit-mezcla-santorini\/","title":{"rendered":"Mosavit mozaik plo\u010dice Fosvit Mezcla Santorini"},"content":{"rendered":"<p>Prilikom izbora mozaika u glavnom plave boji ne\u0107ete pogre\u0161iti Ovaj mozaik je proizveden od proizvo\u0111a\u010da Mosavit, iz \u0160panije. Veli\u010dina mre\u017ee 31,6&#215;31,6 cm nakoju je pritvr\u0111en, omogu\u0107ava pritvr\u0111ivanje na razli\u010dite povr\u0161ine. Na na\u0161em sajtu, \u0107e te dobiti mozaik za samo 31625 RSD, dok je u maloprodaji 39531,25 RSD. 5 mm debljine je dovoljno za zahtevnije kupce.<\/p>\n<p>Vlasnike kupatilskih salona pozivamo na direktnu saradnju sa proizvo\u0111a\u010dem. Nudimo Vam direktnu kupovinu po neto cijenama i kompletan prospekto propagandni material. Mo\u017eemo Vam organizirati direktnu dobavu za manje koli\u010dine po kurirski po\u0161ti. Pozovite nas da se dobovorio \u2026.<\/p>\n<p>Technical description: <\/p>\n<p>Min. 1 box &#8211; Delivery 30 Euro\/box in EU<\/p>\n","protected":false},"excerpt":{"rendered":"<p>Stakleni mozaik koji svetli noc\u0301u 2,5&#215;2,5 cm<\/p>\n","protected":false},"featured_media":90725,"template":"","meta":[],"product_cat":[999405,400,999,410],"product_tag":[99950092,99950093],"_links":{"self":[{"href":"https:\/\/www.keramika.com\/srbija\/wp-json\/wp\/v2\/product\/90724"}],"collection":[{"href":"https:\/\/www.keramika.com\/srbija\/wp-json\/wp\/v2\/product"}],"about":[{"href":"https:\/\/www.keramika.com\/srbija\/wp-json\/wp\/v2\/types\/product"}],"wp:featuredmedia":[{"embeddable":true,"href":"https:\/\/www.keramika.com\/srbija\/wp-json\/wp\/v2\/media\/90725"}],"wp:attachment":[{"href":"https:\/\/www.keramika.com\/srbija\/wp-json\/wp\/v2\/media?parent=90724"}],"wp:term":[{"taxonomy":"product_cat","embeddable":true,"href":"https:\/\/www.keramika.com\/srbija\/wp-json\/wp\/v2\/product_cat?post=90724"},{"taxonomy":"product_tag","embeddable":true,"href":"https:\/\/www.keramika.com\/srbija\/wp-json\/wp\/v2\/product_tag?post=90724"}],"curies":[{"name":"wp","href":"https:\/\/api.w.org\/{rel}","templated":true}]}}