{"id":90662,"date":"2018-01-07T22:00:56","date_gmt":"2018-01-07T22:00:56","guid":{"rendered":"http:\/\/www.ceramictiles.com\/srbija\/product\/mozaik-plocice-za-bazene-bruma-2001-azul-piscina\/"},"modified":"2026-01-01T00:02:33","modified_gmt":"2026-01-01T00:02:33","slug":"mozaik-plocice-za-bazene-bruma-2001-azul-piscina","status":"publish","type":"product","link":"https:\/\/www.keramika.com\/srbija\/mozaik-plocice-za-bazene-bruma-2001-azul-piscina\/","title":{"rendered":"Mozaik plo\u010dice za bazene Bruma 2001 Azul Piscina"},"content":{"rendered":"<p>Mosaic Bruma 2001 Azul Piscina je proizvod iz \u0160panije te je izuzetno kvalitetna. Mozaik je pritvr\u0111en na mre\u017eu, \u0161to olak\u0161ava njegovu ugradnju. Veli\u010dina mre\u017ee je 31,6&#215;31,6 cm , te je pogodan je za razli\u010dite povr\u0161ine. Mosaic Bruma 2001 Azul Piscina je dostupna po vrlo povoljnim cenama 3148,7 RSD. Ove lepe, mozaik plo\u010dice plave boje, \u0107e obogatiti svaki prostor. Debljina od 5 mm ovog mozaika ga \u010dini vrlo izdr\u017eljivim i prijatnim na dodir.<\/p>\n<p>Vlasnike kupatilskih salona pozivamo na direktnu saradnju sa proizvo\u0111a\u010dem. Nudimo Vam direktnu kupovinu po neto cijenama i kompletan prospekto propagandni material. Mo\u017eemo Vam organizirati direktnu dobavu za manje koli\u010dine po kurirski po\u0161ti. Pozovite nas da se dobovorio \u2026.<\/p>\n<p>Technical description: <\/p>\n<p>Min. 1 box &#8211; Delivery 30 Euro\/box in EU<\/p>\n<p>[vc_row][vc_column][\/vc_column][\/vc_row][vc_row][vc_column width=&#8220;1\/3&#8243;][vc_single_image source=&#8220;external_link&#8220; onclick=&#8220;link_image&#8220; custom_src=&#8220;http:\/\/www.ceramictiles.com\/images\/mosavit\/mosaic_br_2001.jpg&#8220; el_class=&#8220;eheight&#8220;][vc_column_text]<strong>Mosaic Br 2001<\/strong><br \/><a class=\"pdfcatal\" href=\"http:\/\/www.ceramictiles.com\/pdf\/catalogue_mosavit_desing.pdf\" onclick=\"recordOutboundLink(this, 'E-mail', 'Description PDF');return false;\"> PDF Kolekcijski katalog<\/a><\/a><br \/>Za najbolju ponudu, po\u0161aljite nam boju, dimenzije, koli\u010dinu i adresu za dostavu.<br \/><a href=\"mailto:zo_mi@ceramictiles.com\" onclick=\"recordOutboundLink(this, 'E-mail', 'Description mail');return false;\">Zahtjev za ponudu<\/a>[\/vc_column_text][vc_separator color=&#8220;black&#8220; border_width=&#8220;2&#8243;]<br \/>\n[\/vc_column][vc_column width=&#8220;1\/3&#8243;][vc_single_image source=&#8220;external_link&#8220; onclick=&#8220;link_image&#8220; custom_src=&#8220;http:\/\/www.ceramictiles.com\/images\/mosavit\/mosaic_br_2002.jpg&#8220; el_class=&#8220;eheight&#8220;][vc_column_text]<strong>Mosaic Br 2002<\/strong><br \/><a class=\"pdfcatal\" href=\"http:\/\/www.ceramictiles.com\/pdf\/catalogue_mosavit_desing.pdf\" onclick=\"recordOutboundLink(this, 'E-mail', 'Description PDF');return false;\"> PDF Kolekcijski katalog<\/a><\/a><br \/>Za najbolju ponudu, po\u0161aljite nam boju, dimenzije, koli\u010dinu i adresu za dostavu.<br \/><a href=\"mailto:zo_mi@ceramictiles.com\" onclick=\"recordOutboundLink(this, 'E-mail', 'Description mail');return false;\">Zahtjev za ponudu<\/a>[\/vc_column_text][vc_separator color=&#8220;black&#8220; border_width=&#8220;2&#8243;]<br \/>\n[\/vc_column][vc_column width=&#8220;1\/3&#8243;][vc_single_image source=&#8220;external_link&#8220; onclick=&#8220;link_image&#8220; custom_src=&#8220;http:\/\/www.ceramictiles.com\/images\/mosavit\/mosaic_br_2003.jpg&#8220; el_class=&#8220;eheight&#8220;][vc_column_text]<strong>Mosaic Br 2003<\/strong><br \/><a class=\"pdfcatal\" href=\"http:\/\/www.ceramictiles.com\/pdf\/catalogue_mosavit_desing.pdf\" onclick=\"recordOutboundLink(this, 'E-mail', 'Description PDF');return false;\"> PDF Kolekcijski katalog<\/a><\/a><br \/>Za najbolju ponudu, po\u0161aljite nam boju, dimenzije, koli\u010dinu i adresu za dostavu.<br \/><a href=\"mailto:zo_mi@ceramictiles.com\" onclick=\"recordOutboundLink(this, 'E-mail', 'Description mail');return false;\">Zahtjev za ponudu<\/a>[\/vc_column_text][vc_separator color=&#8220;black&#8220; border_width=&#8220;2&#8243;]<br \/>\n[\/vc_column][vc_column width=&#8220;1\/3&#8243;][vc_single_image source=&#8220;external_link&#8220; onclick=&#8220;link_image&#8220; custom_src=&#8220;http:\/\/www.ceramictiles.com\/images\/mosavit\/mosaic_br_2004.jpg&#8220; el_class=&#8220;eheight&#8220;][vc_column_text]<strong>Mosaic Br 2004<\/strong><br \/><a class=\"pdfcatal\" href=\"http:\/\/www.ceramictiles.com\/pdf\/catalogue_mosavit_desing.pdf\" onclick=\"recordOutboundLink(this, 'E-mail', 'Description PDF');return false;\"> PDF Kolekcijski katalog<\/a><\/a><br \/>Za najbolju ponudu, po\u0161aljite nam boju, dimenzije, koli\u010dinu i adresu za dostavu.<br \/><a href=\"mailto:zo_mi@ceramictiles.com\" onclick=\"recordOutboundLink(this, 'E-mail', 'Description mail');return false;\">Zahtjev za ponudu<\/a>[\/vc_column_text][vc_separator color=&#8220;black&#8220; border_width=&#8220;2&#8243;]<br \/>\n[\/vc_column][vc_column width=&#8220;1\/3&#8243;][vc_single_image source=&#8220;external_link&#8220; onclick=&#8220;link_image&#8220; custom_src=&#8220;http:\/\/www.ceramictiles.com\/images\/mosavit\/mosaic_br_2005_a.jpg&#8220; el_class=&#8220;eheight&#8220;][vc_column_text]<strong>Mosaic Br 2005 Adz<\/strong><br \/><a class=\"pdfcatal\" href=\"http:\/\/www.ceramictiles.com\/pdf\/catalogue_mosavit_desing.pdf\" onclick=\"recordOutboundLink(this, 'E-mail', 'Description PDF');return false;\"> PDF Kolekcijski katalog<\/a><\/a><br \/>Za najbolju ponudu, po\u0161aljite nam boju, dimenzije, koli\u010dinu i adresu za dostavu.<br \/><a href=\"mailto:zo_mi@ceramictiles.com\" onclick=\"recordOutboundLink(this, 'E-mail', 'Description mail');return false;\">Zahtjev za ponudu<\/a>[\/vc_column_text][vc_separator color=&#8220;black&#8220; border_width=&#8220;2&#8243;]<br \/>\n[\/vc_column][vc_column width=&#8220;1\/3&#8243;][vc_single_image source=&#8220;external_link&#8220; onclick=&#8220;link_image&#8220; custom_src=&#8220;http:\/\/www.ceramictiles.com\/images\/mosavit\/mosaic_br_2006_a.jpg&#8220; el_class=&#8220;eheight&#8220;][vc_column_text]<strong>Mosaic Br 2006 Adz<\/strong><br \/><a class=\"pdfcatal\" href=\"http:\/\/www.ceramictiles.com\/pdf\/catalogue_mosavit_desing.pdf\" onclick=\"recordOutboundLink(this, 'E-mail', 'Description PDF');return false;\"> PDF Kolekcijski katalog<\/a><\/a><br \/>Za najbolju ponudu, po\u0161aljite nam boju, dimenzije, koli\u010dinu i adresu za dostavu.<br \/><a href=\"mailto:zo_mi@ceramictiles.com\" onclick=\"recordOutboundLink(this, 'E-mail', 'Description mail');return false;\">Zahtjev za ponudu<\/a>[\/vc_column_text][vc_separator color=&#8220;black&#8220; border_width=&#8220;2&#8243;]<br \/>\n[\/vc_column][vc_column width=&#8220;1\/3&#8243;][vc_single_image source=&#8220;external_link&#8220; onclick=&#8220;link_image&#8220; custom_src=&#8220;http:\/\/www.ceramictiles.com\/images\/mosavit\/mosaic_br_3001.jpg&#8220; el_class=&#8220;eheight&#8220;][vc_column_text]<strong>Mosaic Br 3001<\/strong><br \/><a class=\"pdfcatal\" href=\"http:\/\/www.ceramictiles.com\/pdf\/catalogue_mosavit_desing.pdf\" onclick=\"recordOutboundLink(this, 'E-mail', 'Description PDF');return false;\"> PDF Kolekcijski katalog<\/a><\/a><br \/>Za najbolju ponudu, po\u0161aljite nam boju, dimenzije, koli\u010dinu i adresu za dostavu.<br \/><a href=\"mailto:zo_mi@ceramictiles.com\" onclick=\"recordOutboundLink(this, 'E-mail', 'Description mail');return false;\">Zahtjev za ponudu<\/a>[\/vc_column_text][vc_separator color=&#8220;black&#8220; border_width=&#8220;2&#8243;]<br \/>\n[\/vc_column][vc_column width=&#8220;1\/3&#8243;][vc_single_image source=&#8220;external_link&#8220; onclick=&#8220;link_image&#8220; custom_src=&#8220;http:\/\/www.ceramictiles.com\/images\/mosavit\/mosaic_br_3003.jpg&#8220; el_class=&#8220;eheight&#8220;][vc_column_text]<strong>Mosaic Br 3003<\/strong><br \/><a class=\"pdfcatal\" href=\"http:\/\/www.ceramictiles.com\/pdf\/catalogue_mosavit_desing.pdf\" onclick=\"recordOutboundLink(this, 'E-mail', 'Description PDF');return false;\"> PDF Kolekcijski katalog<\/a><\/a><br \/>Za najbolju ponudu, po\u0161aljite nam boju, dimenzije, koli\u010dinu i adresu za dostavu.<br \/><a href=\"mailto:zo_mi@ceramictiles.com\" onclick=\"recordOutboundLink(this, 'E-mail', 'Description mail');return false;\">Zahtjev za ponudu<\/a>[\/vc_column_text][vc_separator color=&#8220;black&#8220; border_width=&#8220;2&#8243;]<br \/>\n[\/vc_column][vc_column width=&#8220;1\/3&#8243;][vc_single_image source=&#8220;external_link&#8220; onclick=&#8220;link_image&#8220; custom_src=&#8220;http:\/\/www.ceramictiles.com\/images\/mosavit\/mosaic_br_4001.jpg&#8220; el_class=&#8220;eheight&#8220;][vc_column_text]<strong>Mosaic Br 4001<\/strong><br \/><a class=\"pdfcatal\" href=\"http:\/\/www.ceramictiles.com\/pdf\/catalogue_mosavit_desing.pdf\" onclick=\"recordOutboundLink(this, 'E-mail', 'Description PDF');return false;\"> PDF Kolekcijski katalog<\/a><\/a><br \/>Za najbolju ponudu, po\u0161aljite nam boju, dimenzije, koli\u010dinu i adresu za dostavu.<br \/><a href=\"mailto:zo_mi@ceramictiles.com\" onclick=\"recordOutboundLink(this, 'E-mail', 'Description mail');return false;\">Zahtjev za ponudu<\/a>[\/vc_column_text][vc_separator color=&#8220;black&#8220; border_width=&#8220;2&#8243;]<br \/>\n[\/vc_column][vc_column width=&#8220;1\/3&#8243;][vc_single_image source=&#8220;external_link&#8220; onclick=&#8220;link_image&#8220; custom_src=&#8220;http:\/\/www.ceramictiles.com\/images\/mosavit\/mosaic_br_5001.jpg&#8220; el_class=&#8220;eheight&#8220;][vc_column_text]<strong>Mosaic Br 5001<\/strong><br \/><a class=\"pdfcatal\" href=\"http:\/\/www.ceramictiles.com\/pdf\/catalogue_mosavit_desing.pdf\" onclick=\"recordOutboundLink(this, 'E-mail', 'Description PDF');return false;\"> PDF Kolekcijski katalog<\/a><\/a><br \/>Za najbolju ponudu, po\u0161aljite nam boju, dimenzije, koli\u010dinu i adresu za dostavu.<br \/><a href=\"mailto:zo_mi@ceramictiles.com\" onclick=\"recordOutboundLink(this, 'E-mail', 'Description mail');return false;\">Zahtjev za ponudu<\/a>[\/vc_column_text][vc_separator color=&#8220;black&#8220; border_width=&#8220;2&#8243;]<br \/>\n[\/vc_column][vc_column width=&#8220;1\/3&#8243;][vc_single_image source=&#8220;external_link&#8220; onclick=&#8220;link_image&#8220; custom_src=&#8220;http:\/\/www.ceramictiles.com\/images\/mosavit\/mosaic_br_5002_a.jpg&#8220; el_class=&#8220;eheight&#8220;][vc_column_text]<strong>Mosaic Br 5002 Adz<\/strong><br \/><a class=\"pdfcatal\" href=\"http:\/\/www.ceramictiles.com\/pdf\/catalogue_mosavit_desing.pdf\" onclick=\"recordOutboundLink(this, 'E-mail', 'Description PDF');return false;\"> PDF Kolekcijski katalog<\/a><\/a><br \/>Za najbolju ponudu, po\u0161aljite nam boju, dimenzije, koli\u010dinu i adresu za dostavu.<br \/><a href=\"mailto:zo_mi@ceramictiles.com\" onclick=\"recordOutboundLink(this, 'E-mail', 'Description mail');return false;\">Zahtjev za ponudu<\/a>[\/vc_column_text][vc_separator color=&#8220;black&#8220; border_width=&#8220;2&#8243;]<br \/>\n[\/vc_column][vc_column width=&#8220;1\/3&#8243;][vc_single_image source=&#8220;external_link&#8220; onclick=&#8220;link_image&#8220; custom_src=&#8220;http:\/\/www.ceramictiles.com\/images\/mosavit\/mosaic_br_6001.jpg&#8220; el_class=&#8220;eheight&#8220;][vc_column_text]<strong>Mosaic Br 6001<\/strong><br \/><a class=\"pdfcatal\" href=\"http:\/\/www.ceramictiles.com\/pdf\/catalogue_mosavit_desing.pdf\" onclick=\"recordOutboundLink(this, 'E-mail', 'Description PDF');return false;\"> PDF Kolekcijski katalog<\/a><\/a><br \/>Za najbolju ponudu, po\u0161aljite nam boju, dimenzije, koli\u010dinu i adresu za dostavu.<br \/><a href=\"mailto:zo_mi@ceramictiles.com\" onclick=\"recordOutboundLink(this, 'E-mail', 'Description mail');return false;\">Zahtjev za ponudu<\/a>[\/vc_column_text][vc_separator color=&#8220;black&#8220; border_width=&#8220;2&#8243;]<br \/>\n[\/vc_column][vc_column width=&#8220;1\/3&#8243;][vc_single_image source=&#8220;external_link&#8220; onclick=&#8220;link_image&#8220; custom_src=&#8220;http:\/\/www.ceramictiles.com\/images\/mosavit\/mosaic_br_6002.jpg&#8220; el_class=&#8220;eheight&#8220;][vc_column_text]<strong>Mosaic Br 6002<\/strong><br \/><a class=\"pdfcatal\" href=\"http:\/\/www.ceramictiles.com\/pdf\/catalogue_mosavit_desing.pdf\" onclick=\"recordOutboundLink(this, 'E-mail', 'Description PDF');return false;\"> PDF Kolekcijski katalog<\/a><\/a><br \/>Za najbolju ponudu, po\u0161aljite nam boju, dimenzije, koli\u010dinu i adresu za dostavu.<br \/><a href=\"mailto:zo_mi@ceramictiles.com\" onclick=\"recordOutboundLink(this, 'E-mail', 'Description mail');return false;\">Zahtjev za ponudu<\/a>[\/vc_column_text][vc_separator color=&#8220;black&#8220; border_width=&#8220;2&#8243;]<br \/>\n[\/vc_column][vc_column width=&#8220;1\/3&#8243;][vc_single_image source=&#8220;external_link&#8220; onclick=&#8220;link_image&#8220; custom_src=&#8220;http:\/\/www.ceramictiles.com\/images\/mosavit\/mosaic_br_6003.jpg&#8220; el_class=&#8220;eheight&#8220;][vc_column_text]<strong>Mosaic Br 6003<\/strong><br \/><a class=\"pdfcatal\" href=\"http:\/\/www.ceramictiles.com\/pdf\/catalogue_mosavit_desing.pdf\" onclick=\"recordOutboundLink(this, 'E-mail', 'Description PDF');return false;\"> PDF Kolekcijski katalog<\/a><\/a><br \/>Za najbolju ponudu, po\u0161aljite nam boju, dimenzije, koli\u010dinu i adresu za dostavu.<br \/><a href=\"mailto:zo_mi@ceramictiles.com\" onclick=\"recordOutboundLink(this, 'E-mail', 'Description mail');return false;\">Zahtjev za ponudu<\/a>[\/vc_column_text][vc_separator color=&#8220;black&#8220; border_width=&#8220;2&#8243;]<br \/>\n[\/vc_column][vc_column width=&#8220;1\/3&#8243;][vc_single_image source=&#8220;external_link&#8220; onclick=&#8220;link_image&#8220; custom_src=&#8220;http:\/\/www.ceramictiles.com\/images\/mosavit\/mosaic_br_9001.jpg&#8220; el_class=&#8220;eheight&#8220;][vc_column_text]<strong>Mosaic Br 9001<\/strong><br \/><a class=\"pdfcatal\" href=\"http:\/\/www.ceramictiles.com\/pdf\/catalogue_mosavit_desing.pdf\" onclick=\"recordOutboundLink(this, 'E-mail', 'Description PDF');return false;\"> PDF Kolekcijski katalog<\/a><\/a><br \/>Za najbolju ponudu, po\u0161aljite nam boju, dimenzije, koli\u010dinu i adresu za dostavu.<br \/><a href=\"mailto:zo_mi@ceramictiles.com\" onclick=\"recordOutboundLink(this, 'E-mail', 'Description mail');return false;\">Zahtjev za ponudu<\/a>[\/vc_column_text][vc_separator color=&#8220;black&#8220; border_width=&#8220;2&#8243;]<br \/>\n[\/vc_column][vc_column width=&#8220;1\/3&#8243;][vc_single_image source=&#8220;external_link&#8220; onclick=&#8220;link_image&#8220; custom_src=&#8220;http:\/\/www.ceramictiles.com\/images\/mosavit\/mosaic_br_9003.jpg&#8220; el_class=&#8220;eheight&#8220;][vc_column_text]<strong>Mosaic Br 9003<\/strong><br \/><a class=\"pdfcatal\" href=\"http:\/\/www.ceramictiles.com\/pdf\/catalogue_mosavit_desing.pdf\" onclick=\"recordOutboundLink(this, 'E-mail', 'Description PDF');return false;\"> PDF Kolekcijski katalog<\/a><\/a><br \/>Za najbolju ponudu, po\u0161aljite nam boju, dimenzije, koli\u010dinu i adresu za dostavu.<br \/><a href=\"mailto:zo_mi@ceramictiles.com\" onclick=\"recordOutboundLink(this, 'E-mail', 'Description mail');return false;\">Zahtjev za ponudu<\/a>[\/vc_column_text][vc_separator color=&#8220;black&#8220; border_width=&#8220;2&#8243;]<\/p>\n<p>[\/vc_column][\/vc_row]<\/p>\n","protected":false},"excerpt":{"rendered":"<p>Podne i zidne staklene mozaik plo\u010dice<\/p>\n","protected":false},"featured_media":90663,"template":"","meta":[],"product_cat":[999405,400,999,410],"product_tag":[99950092,99950093],"_links":{"self":[{"href":"https:\/\/www.keramika.com\/srbija\/wp-json\/wp\/v2\/product\/90662"}],"collection":[{"href":"https:\/\/www.keramika.com\/srbija\/wp-json\/wp\/v2\/product"}],"about":[{"href":"https:\/\/www.keramika.com\/srbija\/wp-json\/wp\/v2\/types\/product"}],"wp:featuredmedia":[{"embeddable":true,"href":"https:\/\/www.keramika.com\/srbija\/wp-json\/wp\/v2\/media\/90663"}],"wp:attachment":[{"href":"https:\/\/www.keramika.com\/srbija\/wp-json\/wp\/v2\/media?parent=90662"}],"wp:term":[{"taxonomy":"product_cat","embeddable":true,"href":"https:\/\/www.keramika.com\/srbija\/wp-json\/wp\/v2\/product_cat?post=90662"},{"taxonomy":"product_tag","embeddable":true,"href":"https:\/\/www.keramika.com\/srbija\/wp-json\/wp\/v2\/product_tag?post=90662"}],"curies":[{"name":"wp","href":"https:\/\/api.w.org\/{rel}","templated":true}]}}