{"id":90660,"date":"2017-07-01T22:00:41","date_gmt":"2017-07-01T22:00:41","guid":{"rendered":"http:\/\/www.ceramictiles.com\/srbija\/product\/mozaik-plocice-za-bazene-bruma-2004-azul-mediterraneo\/"},"modified":"2026-01-01T00:02:33","modified_gmt":"2026-01-01T00:02:33","slug":"mozaik-plocice-za-bazene-bruma-2004-azul-mediterraneo","status":"publish","type":"product","link":"https:\/\/www.keramika.com\/srbija\/mozaik-plocice-za-bazene-bruma-2004-azul-mediterraneo\/","title":{"rendered":"Mozaik plo\u010dice za bazene Bruma 2004 Azul Mediterraneo"},"content":{"rendered":"<p>3935,3 RSD je redovna prodajna cena keramike, tu pa samo 3148,7 RSD. Veoma moderan mozaik, dominantne plave boje, oboga\u0107uje savki prostor. Debljina od 5 mm ovog mozaika ga \u010dini vrlo izdr\u017eljivim i prijatnim na dodir. Ovaj mozaik je proizveden od proizvo\u0111a\u010da Mosavit, iz \u0160panije. \u0160irina i du\u017eina mre\u017ee na koju je pritvr\u0111en mozaik je 31,6&#215;31,6 cm. Mre\u017ea se jednostavno mo\u017eete polo\u017eiti na razli\u010dite povr\u0161ine.<\/p>\n<p>Vlasnike kupatilskih salona pozivamo na direktnu saradnju sa proizvo\u0111a\u010dem. Nudimo Vam direktnu kupovinu po neto cijenama i kompletan prospekto propagandni material. Mo\u017eemo Vam organizirati direktnu dobavu za manje koli\u010dine po kurirski po\u0161ti. Pozovite nas da se dobovorio \u2026.<\/p>\n<p>Technical description: <\/p>\n<p>Min. 1 box &#8211; Delivery 30 Euro\/box in EU<\/p>\n","protected":false},"excerpt":{"rendered":"<p>3935,3 RSD je redovna prodajna cena keramike, tu pa samo 3148,7 RSD. Veoma moderan mozaik, dominantne plave boje, oboga\u0107uje savki prostor. Debljina od 5 mm ovog mozaika ga \u010dini vrlo izdr\u017eljivim i prijatnim na dodir. Ovaj mozaik je proizveden od proizvo\u0111a\u010da Mosavit, iz \u0160panije. \u0160irina i du\u017eina mre\u017ee na koju je pritvr\u0111en mozaik je 31,6&#215;31,6 [&hellip;]<\/p>\n","protected":false},"featured_media":90661,"template":"","meta":[],"product_cat":[999405,400,999,410],"product_tag":[99950092,99950093],"_links":{"self":[{"href":"https:\/\/www.keramika.com\/srbija\/wp-json\/wp\/v2\/product\/90660"}],"collection":[{"href":"https:\/\/www.keramika.com\/srbija\/wp-json\/wp\/v2\/product"}],"about":[{"href":"https:\/\/www.keramika.com\/srbija\/wp-json\/wp\/v2\/types\/product"}],"wp:featuredmedia":[{"embeddable":true,"href":"https:\/\/www.keramika.com\/srbija\/wp-json\/wp\/v2\/media\/90661"}],"wp:attachment":[{"href":"https:\/\/www.keramika.com\/srbija\/wp-json\/wp\/v2\/media?parent=90660"}],"wp:term":[{"taxonomy":"product_cat","embeddable":true,"href":"https:\/\/www.keramika.com\/srbija\/wp-json\/wp\/v2\/product_cat?post=90660"},{"taxonomy":"product_tag","embeddable":true,"href":"https:\/\/www.keramika.com\/srbija\/wp-json\/wp\/v2\/product_tag?post=90660"}],"curies":[{"name":"wp","href":"https:\/\/api.w.org\/{rel}","templated":true}]}}