{"id":90650,"date":"2017-07-01T21:59:26","date_gmt":"2017-07-01T21:59:26","guid":{"rendered":"http:\/\/www.ceramictiles.com\/srbija\/product\/mozaik-plocice-za-pod-bruma-6003-a-marron-morado\/"},"modified":"2026-01-01T00:02:32","modified_gmt":"2026-01-01T00:02:32","slug":"mozaik-plocice-za-pod-bruma-6003-a-marron-morado","status":"publish","type":"product","link":"https:\/\/www.keramika.com\/srbija\/mozaik-plocice-za-pod-bruma-6003-a-marron-morado\/","title":{"rendered":"Mozaik plo\u010dice za pod Bruma 6003-A Marron Morado"},"content":{"rendered":"<p>Plo\u010dice braon boje osvje\u017eit \u0107e svaki prostor. Veli\u010dina mre\u017ee sa mozaikom je 31,6&#215;31,6 cm, \u0161to omogu\u0107ava jednostavnu ugradnju. Mozaik je debljine 5 mm, \u0161to ga \u010dini izuzetno tvrdim. Na na\u0161em sajtu, \u0107e te dobiti mozaik za samo 4586,2 RSD, dok je u maloprodaji 5731,6 RSD. plo\u010dica proizvo\u0111a\u010da Mosavit iz \u0160panije.<\/p>\n<p>Vlasnike kupatilskih salona pozivamo na direktnu saradnju sa proizvo\u0111a\u010dem. Nudimo Vam direktnu kupovinu po neto cijenama i kompletan prospekto propagandni material. Mo\u017eemo Vam organizirati direktnu dobavu za manje koli\u010dine po kurirski po\u0161ti. Pozovite nas da se dobovorio \u2026.<\/p>\n<p>Technical description: <\/p>\n<p>Min. 1 box &#8211; Delivery 30 Euro\/box in EU<\/p>\n","protected":false},"excerpt":{"rendered":"<p>Plo\u010dice braon boje osvje\u017eit \u0107e svaki prostor. Veli\u010dina mre\u017ee sa mozaikom je 31,6&#215;31,6 cm, \u0161to omogu\u0107ava jednostavnu ugradnju. Mozaik je debljine 5 mm, \u0161to ga \u010dini izuzetno tvrdim. Na na\u0161em sajtu, \u0107e te dobiti mozaik za samo 4586,2 RSD, dok je u maloprodaji 5731,6 RSD. plo\u010dica proizvo\u0111a\u010da Mosavit iz \u0160panije. Vlasnike kupatilskih salona pozivamo na [&hellip;]<\/p>\n","protected":false},"featured_media":90651,"template":"","meta":[],"product_cat":[999405,400,999,410],"product_tag":[99950093],"_links":{"self":[{"href":"https:\/\/www.keramika.com\/srbija\/wp-json\/wp\/v2\/product\/90650"}],"collection":[{"href":"https:\/\/www.keramika.com\/srbija\/wp-json\/wp\/v2\/product"}],"about":[{"href":"https:\/\/www.keramika.com\/srbija\/wp-json\/wp\/v2\/types\/product"}],"wp:featuredmedia":[{"embeddable":true,"href":"https:\/\/www.keramika.com\/srbija\/wp-json\/wp\/v2\/media\/90651"}],"wp:attachment":[{"href":"https:\/\/www.keramika.com\/srbija\/wp-json\/wp\/v2\/media?parent=90650"}],"wp:term":[{"taxonomy":"product_cat","embeddable":true,"href":"https:\/\/www.keramika.com\/srbija\/wp-json\/wp\/v2\/product_cat?post=90650"},{"taxonomy":"product_tag","embeddable":true,"href":"https:\/\/www.keramika.com\/srbija\/wp-json\/wp\/v2\/product_tag?post=90650"}],"curies":[{"name":"wp","href":"https:\/\/api.w.org\/{rel}","templated":true}]}}