{"id":90644,"date":"2017-07-01T21:58:44","date_gmt":"2017-07-01T21:58:44","guid":{"rendered":"http:\/\/www.ceramictiles.com\/srbija\/product\/mozaik-plocice-za-pod-bruma-2004-a-azul-mediterraneo\/"},"modified":"2026-01-01T00:02:31","modified_gmt":"2026-01-01T00:02:31","slug":"mozaik-plocice-za-pod-bruma-2004-a-azul-mediterraneo","status":"publish","type":"product","link":"https:\/\/www.keramika.com\/srbija\/mozaik-plocice-za-pod-bruma-2004-a-azul-mediterraneo\/","title":{"rendered":"Mozaik plo\u010dice za pod Bruma 2004-A Azul Mediterraneo"},"content":{"rendered":"<p>5 mm debljina \u0107e zadovoljiti i najzahtevnije kupce. Veoma moderan mozaik, dominantne be\u017e boje, oboga\u0107uje savki prostor. Na na\u0161em sajtu, \u0107e te dobiti mozaik za samo 4586,2 RSD, dok je u maloprodaji 5731,6 RSD. Mosaic Bruma 5001-A Beige dolazi iz \u0160panije, koja je poznata po vrlo visokoj kvaliteta keramike u svetu. Mozaik plo\u010dice su na mre\u017ei, \u0161to olak\u0161ava njegovu instalaciju. Veli\u010dina mre\u017ee je 31,6&#215;31,6 cm.<\/p>\n<p>Vlasnike kupatilskih salona pozivamo na direktnu saradnju sa proizvo\u0111a\u010dem. Nudimo Vam direktnu kupovinu po neto cijenama i kompletan prospekto propagandni material. Mo\u017eemo Vam organizirati direktnu dobavu za manje koli\u010dine po kurirski po\u0161ti. Pozovite nas da se dobovorio \u2026.<\/p>\n<p>Technical description: <\/p>\n<p>Min. 1 box &#8211; Delivery 30 Euro\/box in EU<\/p>\n","protected":false},"excerpt":{"rendered":"<p>5 mm debljina \u0107e zadovoljiti i najzahtevnije kupce. Veoma moderan mozaik, dominantne be\u017e boje, oboga\u0107uje savki prostor. Na na\u0161em sajtu, \u0107e te dobiti mozaik za samo 4586,2 RSD, dok je u maloprodaji 5731,6 RSD. Mosaic Bruma 5001-A Beige dolazi iz \u0160panije, koja je poznata po vrlo visokoj kvaliteta keramike u svetu. Mozaik plo\u010dice su na [&hellip;]<\/p>\n","protected":false},"featured_media":90645,"template":"","meta":[],"product_cat":[999405,400,999,410],"product_tag":[],"_links":{"self":[{"href":"https:\/\/www.keramika.com\/srbija\/wp-json\/wp\/v2\/product\/90644"}],"collection":[{"href":"https:\/\/www.keramika.com\/srbija\/wp-json\/wp\/v2\/product"}],"about":[{"href":"https:\/\/www.keramika.com\/srbija\/wp-json\/wp\/v2\/types\/product"}],"wp:featuredmedia":[{"embeddable":true,"href":"https:\/\/www.keramika.com\/srbija\/wp-json\/wp\/v2\/media\/90645"}],"wp:attachment":[{"href":"https:\/\/www.keramika.com\/srbija\/wp-json\/wp\/v2\/media?parent=90644"}],"wp:term":[{"taxonomy":"product_cat","embeddable":true,"href":"https:\/\/www.keramika.com\/srbija\/wp-json\/wp\/v2\/product_cat?post=90644"},{"taxonomy":"product_tag","embeddable":true,"href":"https:\/\/www.keramika.com\/srbija\/wp-json\/wp\/v2\/product_tag?post=90644"}],"curies":[{"name":"wp","href":"https:\/\/api.w.org\/{rel}","templated":true}]}}