{"id":90630,"date":"2017-07-02T21:56:48","date_gmt":"2017-07-02T21:56:48","guid":{"rendered":"http:\/\/www.ceramictiles.com\/srbija\/product\/mozaik-plocice-za-kupatilo-acquaris-verbena\/"},"modified":"2026-01-01T00:02:29","modified_gmt":"2026-01-01T00:02:29","slug":"mozaik-plocice-za-kupatilo-acquaris-verbena","status":"publish","type":"product","link":"https:\/\/www.keramika.com\/srbija\/mozaik-plocice-za-kupatilo-acquaris-verbena\/","title":{"rendered":"Mozaik plo\u010dice za kupatilo Acquaris Verbena"},"content":{"rendered":"<p>Naj vi\u0161e se prodaju plave mozik plo\u010dice. U maloprodaji je cena 13835,65 RSD, online cena, pa je samo 11068,75 RSD. Mozaik je debljine 5 mm, \u0161to ga \u010dini izuzetno tvrdim. Mozaik plo\u010dice su na mre\u017ei, \u0161to olak\u0161ava njegovu instalaciju. Veli\u010dina mre\u017ee je 31,6&#215;31,6 cm. Ovaj mozaik je proizveden od proizvo\u0111a\u010da Mosavit, iz \u0160panije.<\/p>\n<p>Vlasnike kupatilskih salona pozivamo na direktnu saradnju sa proizvo\u0111a\u010dem. Nudimo Vam direktnu kupovinu po neto cijenama i kompletan prospekto propagandni material. Mo\u017eemo Vam organizirati direktnu dobavu za manje koli\u010dine po kurirski po\u0161ti. Pozovite nas da se dobovorio \u2026.<\/p>\n<p>Technical description: <\/p>\n<p>Min. 1 box &#8211; Delivery 30 Euro\/box in EU<\/p>\n","protected":false},"excerpt":{"rendered":"<p>Lubi\u010daste staklene mozaik plo\u010dice<\/p>\n","protected":false},"featured_media":90631,"template":"","meta":[],"product_cat":[999405,400,999,410],"product_tag":[99950092,99950093],"_links":{"self":[{"href":"https:\/\/www.keramika.com\/srbija\/wp-json\/wp\/v2\/product\/90630"}],"collection":[{"href":"https:\/\/www.keramika.com\/srbija\/wp-json\/wp\/v2\/product"}],"about":[{"href":"https:\/\/www.keramika.com\/srbija\/wp-json\/wp\/v2\/types\/product"}],"wp:featuredmedia":[{"embeddable":true,"href":"https:\/\/www.keramika.com\/srbija\/wp-json\/wp\/v2\/media\/90631"}],"wp:attachment":[{"href":"https:\/\/www.keramika.com\/srbija\/wp-json\/wp\/v2\/media?parent=90630"}],"wp:term":[{"taxonomy":"product_cat","embeddable":true,"href":"https:\/\/www.keramika.com\/srbija\/wp-json\/wp\/v2\/product_cat?post=90630"},{"taxonomy":"product_tag","embeddable":true,"href":"https:\/\/www.keramika.com\/srbija\/wp-json\/wp\/v2\/product_tag?post=90630"}],"curies":[{"name":"wp","href":"https:\/\/api.w.org\/{rel}","templated":true}]}}