{"id":90612,"date":"2017-07-02T21:54:46","date_gmt":"2017-07-02T21:54:46","guid":{"rendered":"http:\/\/www.ceramictiles.com\/srbija\/product\/staklene-mozaik-plocice-acquaris-maldivas\/"},"modified":"2026-01-01T00:02:27","modified_gmt":"2026-01-01T00:02:27","slug":"staklene-mozaik-plocice-acquaris-maldivas","status":"publish","type":"product","link":"https:\/\/www.keramika.com\/srbija\/staklene-mozaik-plocice-acquaris-maldivas\/","title":{"rendered":"Staklene mozaik plo\u010dice Acquaris Maldivas"},"content":{"rendered":"<p>Namjesto 13835,65 RSD \u0161to je cena u maloprodaji, Vi pla\u0107ate samo 11068,75 RSD. \u0160irina i du\u017eina mre\u017ee na koju je pritvr\u0111en mozaik je 31,6&#215;31,6 cm. Mre\u017ea se jednostavno mo\u017eete polo\u017eiti na razli\u010dite povr\u0161ine. Ove lepe, mozaik plo\u010dice plave boje, \u0107e obogatiti svaki prostor. Mosaic Acquaris Maldivas dolazi iz \u0160panije, koja je poznata po vrlo visokoj kvaliteta keramike u svetu. 5 mm debljine je dovoljno za zahtevnije kupce.<\/p>\n<p>Vlasnike kupatilskih salona pozivamo na direktnu saradnju sa proizvo\u0111a\u010dem. Nudimo Vam direktnu kupovinu po neto cijenama i kompletan prospekto propagandni material. Mo\u017eemo Vam organizirati direktnu dobavu za manje koli\u010dine po kurirski po\u0161ti. Pozovite nas da se dobovorio \u2026.<\/p>\n<p>Technical description: <\/p>\n<p>Min. 1 box &#8211; Delivery 30 Euro\/box in EU<\/p>\n","protected":false},"excerpt":{"rendered":"<p>Namjesto 13835,65 RSD \u0161to je cena u maloprodaji, Vi pla\u0107ate samo 11068,75 RSD. \u0160irina i du\u017eina mre\u017ee na koju je pritvr\u0111en mozaik je 31,6&#215;31,6 cm. Mre\u017ea se jednostavno mo\u017eete polo\u017eiti na razli\u010dite povr\u0161ine. Ove lepe, mozaik plo\u010dice plave boje, \u0107e obogatiti svaki prostor. Mosaic Acquaris Maldivas dolazi iz \u0160panije, koja je poznata po vrlo visokoj [&hellip;]<\/p>\n","protected":false},"featured_media":90613,"template":"","meta":[],"product_cat":[999405,400,999,410],"product_tag":[99950093],"_links":{"self":[{"href":"https:\/\/www.keramika.com\/srbija\/wp-json\/wp\/v2\/product\/90612"}],"collection":[{"href":"https:\/\/www.keramika.com\/srbija\/wp-json\/wp\/v2\/product"}],"about":[{"href":"https:\/\/www.keramika.com\/srbija\/wp-json\/wp\/v2\/types\/product"}],"wp:featuredmedia":[{"embeddable":true,"href":"https:\/\/www.keramika.com\/srbija\/wp-json\/wp\/v2\/media\/90613"}],"wp:attachment":[{"href":"https:\/\/www.keramika.com\/srbija\/wp-json\/wp\/v2\/media?parent=90612"}],"wp:term":[{"taxonomy":"product_cat","embeddable":true,"href":"https:\/\/www.keramika.com\/srbija\/wp-json\/wp\/v2\/product_cat?post=90612"},{"taxonomy":"product_tag","embeddable":true,"href":"https:\/\/www.keramika.com\/srbija\/wp-json\/wp\/v2\/product_tag?post=90612"}],"curies":[{"name":"wp","href":"https:\/\/api.w.org\/{rel}","templated":true}]}}