{"id":90602,"date":"2017-07-01T21:53:40","date_gmt":"2017-07-01T21:53:40","guid":{"rendered":"http:\/\/www.ceramictiles.com\/srbija\/product\/staklene-mozaik-plocice-acquaris-lavanda\/"},"modified":"2026-01-01T00:02:26","modified_gmt":"2026-01-01T00:02:26","slug":"staklene-mozaik-plocice-acquaris-lavanda","status":"publish","type":"product","link":"https:\/\/www.keramika.com\/srbija\/staklene-mozaik-plocice-acquaris-lavanda\/","title":{"rendered":"Staklene mozaik plo\u010dice Acquaris Lavanda"},"content":{"rendered":"<p>Mosaic Acquaris Lavanda je dostupna po vrlo povoljnim cenama 11068,75 RSD. Mosaic Acquaris Lavanda je proizvod iz \u0160panije te je izuzetno kvalitetna. Veli\u010dina mre\u017ee 31,6&#215;31,6 cm nakoju je pritvr\u0111en, omogu\u0107ava pritvr\u0111ivanje na razli\u010dite povr\u0161ine. Prilikom izbora mozaika u glavnom ljubi\u010daste boji ne\u0107ete pogre\u0161iti 5 mm debljine je dovoljno za zahtevnije kupce.<\/p>\n<p>Vlasnike kupatilskih salona pozivamo na direktnu saradnju sa proizvo\u0111a\u010dem. Nudimo Vam direktnu kupovinu po neto cijenama i kompletan prospekto propagandni material. Mo\u017eemo Vam organizirati direktnu dobavu za manje koli\u010dine po kurirski po\u0161ti. Pozovite nas da se dobovorio \u2026.<\/p>\n<p>Technical description: <\/p>\n<p>Min. 1 box &#8211; Delivery 30 Euro\/box in EU<\/p>\n","protected":false},"excerpt":{"rendered":"<p>Mosaic Acquaris Lavanda je dostupna po vrlo povoljnim cenama 11068,75 RSD. Mosaic Acquaris Lavanda je proizvod iz \u0160panije te je izuzetno kvalitetna. Veli\u010dina mre\u017ee 31,6&#215;31,6 cm nakoju je pritvr\u0111en, omogu\u0107ava pritvr\u0111ivanje na razli\u010dite povr\u0161ine. Prilikom izbora mozaika u glavnom ljubi\u010daste boji ne\u0107ete pogre\u0161iti 5 mm debljine je dovoljno za zahtevnije kupce. Vlasnike kupatilskih salona pozivamo [&hellip;]<\/p>\n","protected":false},"featured_media":90603,"template":"","meta":[],"product_cat":[999405,400,999,410],"product_tag":[99950093],"_links":{"self":[{"href":"https:\/\/www.keramika.com\/srbija\/wp-json\/wp\/v2\/product\/90602"}],"collection":[{"href":"https:\/\/www.keramika.com\/srbija\/wp-json\/wp\/v2\/product"}],"about":[{"href":"https:\/\/www.keramika.com\/srbija\/wp-json\/wp\/v2\/types\/product"}],"wp:featuredmedia":[{"embeddable":true,"href":"https:\/\/www.keramika.com\/srbija\/wp-json\/wp\/v2\/media\/90603"}],"wp:attachment":[{"href":"https:\/\/www.keramika.com\/srbija\/wp-json\/wp\/v2\/media?parent=90602"}],"wp:term":[{"taxonomy":"product_cat","embeddable":true,"href":"https:\/\/www.keramika.com\/srbija\/wp-json\/wp\/v2\/product_cat?post=90602"},{"taxonomy":"product_tag","embeddable":true,"href":"https:\/\/www.keramika.com\/srbija\/wp-json\/wp\/v2\/product_tag?post=90602"}],"curies":[{"name":"wp","href":"https:\/\/api.w.org\/{rel}","templated":true}]}}