{"id":90590,"date":"2017-07-02T21:52:21","date_gmt":"2017-07-02T21:52:21","guid":{"rendered":"http:\/\/www.ceramictiles.com\/srbija\/product\/staklene-mozaik-plocice-acquaris-celeste\/"},"modified":"2026-01-01T00:02:25","modified_gmt":"2026-01-01T00:02:25","slug":"staklene-mozaik-plocice-acquaris-celeste","status":"publish","type":"product","link":"https:\/\/www.keramika.com\/srbija\/staklene-mozaik-plocice-acquaris-celeste\/","title":{"rendered":"Staklene mozaik plo\u010dice Acquaris Celeste"},"content":{"rendered":"<p>5 mm debljina \u0107e zadovoljiti i najzahtevnije kupce. Veoma moderan mozaik, dominantne plave boje, oboga\u0107uje savki prostor. U maloprodaji je cena 13835,65 RSD, online cena, pa je samo 11068,75 RSD. Mosaic Acquaris Celeste je proizvod iz \u0160panije te je izuzetno kvalitetna. Veli\u010dina mre\u017ee 31,6&#215;31,6 cm nakoju je pritvr\u0111en, omogu\u0107ava pritvr\u0111ivanje na razli\u010dite povr\u0161ine.<\/p>\n<p>Vlasnike kupatilskih salona pozivamo na direktnu saradnju sa proizvo\u0111a\u010dem. Nudimo Vam direktnu kupovinu po neto cijenama i kompletan prospekto propagandni material. Mo\u017eemo Vam organizirati direktnu dobavu za manje koli\u010dine po kurirski po\u0161ti. Pozovite nas da se dobovorio \u2026.<\/p>\n<p>Technical description: <\/p>\n<p>Min. 1 box &#8211; Delivery 30 Euro\/box in EU<\/p>\n","protected":false},"excerpt":{"rendered":"<p>5 mm debljina \u0107e zadovoljiti i najzahtevnije kupce. Veoma moderan mozaik, dominantne plave boje, oboga\u0107uje savki prostor. U maloprodaji je cena 13835,65 RSD, online cena, pa je samo 11068,75 RSD. Mosaic Acquaris Celeste je proizvod iz \u0160panije te je izuzetno kvalitetna. Veli\u010dina mre\u017ee 31,6&#215;31,6 cm nakoju je pritvr\u0111en, omogu\u0107ava pritvr\u0111ivanje na razli\u010dite povr\u0161ine. Vlasnike kupatilskih [&hellip;]<\/p>\n","protected":false},"featured_media":90591,"template":"","meta":[],"product_cat":[999405,400,999,410],"product_tag":[99950092,99950093],"_links":{"self":[{"href":"https:\/\/www.keramika.com\/srbija\/wp-json\/wp\/v2\/product\/90590"}],"collection":[{"href":"https:\/\/www.keramika.com\/srbija\/wp-json\/wp\/v2\/product"}],"about":[{"href":"https:\/\/www.keramika.com\/srbija\/wp-json\/wp\/v2\/types\/product"}],"wp:featuredmedia":[{"embeddable":true,"href":"https:\/\/www.keramika.com\/srbija\/wp-json\/wp\/v2\/media\/90591"}],"wp:attachment":[{"href":"https:\/\/www.keramika.com\/srbija\/wp-json\/wp\/v2\/media?parent=90590"}],"wp:term":[{"taxonomy":"product_cat","embeddable":true,"href":"https:\/\/www.keramika.com\/srbija\/wp-json\/wp\/v2\/product_cat?post=90590"},{"taxonomy":"product_tag","embeddable":true,"href":"https:\/\/www.keramika.com\/srbija\/wp-json\/wp\/v2\/product_tag?post=90590"}],"curies":[{"name":"wp","href":"https:\/\/api.w.org\/{rel}","templated":true}]}}