{"id":90586,"date":"2017-07-02T21:51:52","date_gmt":"2017-07-02T21:51:52","guid":{"rendered":"http:\/\/www.ceramictiles.com\/srbija\/product\/staklene-mozaik-plocice-acquaris-caribe\/"},"modified":"2026-01-01T00:02:24","modified_gmt":"2026-01-01T00:02:24","slug":"staklene-mozaik-plocice-acquaris-caribe","status":"publish","type":"product","link":"https:\/\/www.keramika.com\/srbija\/staklene-mozaik-plocice-acquaris-caribe\/","title":{"rendered":"Staklene mozaik plo\u010dice Acquaris Caribe"},"content":{"rendered":"<p>Debljina plo\u010dice je vrlo va\u017ena, 5 mm &#8211; mozaik spada me\u0111u najkvalitetnije. Plo\u010dice plave boje osvje\u017eit \u0107e svaki prostor. Mosaic Acquaris Caribe dolazi iz \u0160panije, koja je poznata po vrlo visokoj kvaliteta keramike u svetu. 13835,65 RSD je redovna prodajna cena keramike, tu pa samo 11068,75 RSD. Veli\u010dina mre\u017ee 31,6&#215;31,6 cm nakoju je pritvr\u0111en, omogu\u0107ava pritvr\u0111ivanje na razli\u010dite povr\u0161ine.<\/p>\n<p>Vlasnike kupatilskih salona pozivamo na direktnu saradnju sa proizvo\u0111a\u010dem. Nudimo Vam direktnu kupovinu po neto cijenama i kompletan prospekto propagandni material. Mo\u017eemo Vam organizirati direktnu dobavu za manje koli\u010dine po kurirski po\u0161ti. Pozovite nas da se dobovorio \u2026.<\/p>\n<p>Technical description: <\/p>\n<p>Min. 1 box &#8211; Delivery 30 Euro\/box in EU<\/p>\n","protected":false},"excerpt":{"rendered":"<p>Debljina plo\u010dice je vrlo va\u017ena, 5 mm &#8211; mozaik spada me\u0111u najkvalitetnije. Plo\u010dice plave boje osvje\u017eit \u0107e svaki prostor. Mosaic Acquaris Caribe dolazi iz \u0160panije, koja je poznata po vrlo visokoj kvaliteta keramike u svetu. 13835,65 RSD je redovna prodajna cena keramike, tu pa samo 11068,75 RSD. Veli\u010dina mre\u017ee 31,6&#215;31,6 cm nakoju je pritvr\u0111en, omogu\u0107ava [&hellip;]<\/p>\n","protected":false},"featured_media":90587,"template":"","meta":[],"product_cat":[999405,400,999,410],"product_tag":[99950099,99950092],"_links":{"self":[{"href":"https:\/\/www.keramika.com\/srbija\/wp-json\/wp\/v2\/product\/90586"}],"collection":[{"href":"https:\/\/www.keramika.com\/srbija\/wp-json\/wp\/v2\/product"}],"about":[{"href":"https:\/\/www.keramika.com\/srbija\/wp-json\/wp\/v2\/types\/product"}],"wp:featuredmedia":[{"embeddable":true,"href":"https:\/\/www.keramika.com\/srbija\/wp-json\/wp\/v2\/media\/90587"}],"wp:attachment":[{"href":"https:\/\/www.keramika.com\/srbija\/wp-json\/wp\/v2\/media?parent=90586"}],"wp:term":[{"taxonomy":"product_cat","embeddable":true,"href":"https:\/\/www.keramika.com\/srbija\/wp-json\/wp\/v2\/product_cat?post=90586"},{"taxonomy":"product_tag","embeddable":true,"href":"https:\/\/www.keramika.com\/srbija\/wp-json\/wp\/v2\/product_tag?post=90586"}],"curies":[{"name":"wp","href":"https:\/\/api.w.org\/{rel}","templated":true}]}}