{"id":90582,"date":"2017-07-01T21:51:24","date_gmt":"2017-07-01T21:51:24","guid":{"rendered":"http:\/\/www.ceramictiles.com\/srbija\/product\/mozaik-plocice-za-pod-combi-9-a\/"},"modified":"2026-01-01T00:02:24","modified_gmt":"2026-01-01T00:02:24","slug":"mozaik-plocice-za-pod-combi-9-a","status":"publish","type":"product","link":"https:\/\/www.keramika.com\/srbija\/mozaik-plocice-za-pod-combi-9-a\/","title":{"rendered":"Mozaik plo\u010dice za pod Combi 9-A"},"content":{"rendered":"<p>Ove lepe, mozaik plo\u010dice roze boje, \u0107e obogatiti svaki prostor. Mosaic Combi 9-A dolazi iz \u0160panije, koja je poznata po vrlo visokoj kvaliteta keramike u svetu. U maloprodaji je cena 5731,6 RSD, online cena, pa je samo 4586,2 RSD. Veli\u010dina mre\u017ee sa mozaikom je 31,6&#215;31,6 cm, \u0161to omogu\u0107ava jednostavnu ugradnju. Mozaik je debljine 5 mm, \u0161to ga \u010dini izuzetno tvrdim.<\/p>\n<p>Vlasnike kupatilskih salona pozivamo na direktnu saradnju sa proizvo\u0111a\u010dem. Nudimo Vam direktnu kupovinu po neto cijenama i kompletan prospekto propagandni material. Mo\u017eemo Vam organizirati direktnu dobavu za manje koli\u010dine po kurirski po\u0161ti. Pozovite nas da se dobovorio \u2026.<\/p>\n<p>Technical description: <\/p>\n<p>Min. 1 box &#8211; Delivery 30 Euro\/box in EU<\/p>\n","protected":false},"excerpt":{"rendered":"<p>Ove lepe, mozaik plo\u010dice roze boje, \u0107e obogatiti svaki prostor. Mosaic Combi 9-A dolazi iz \u0160panije, koja je poznata po vrlo visokoj kvaliteta keramike u svetu. U maloprodaji je cena 5731,6 RSD, online cena, pa je samo 4586,2 RSD. Veli\u010dina mre\u017ee sa mozaikom je 31,6&#215;31,6 cm, \u0161to omogu\u0107ava jednostavnu ugradnju. Mozaik je debljine 5 mm, [&hellip;]<\/p>\n","protected":false},"featured_media":90583,"template":"","meta":[],"product_cat":[999405,400,999,410],"product_tag":[],"_links":{"self":[{"href":"https:\/\/www.keramika.com\/srbija\/wp-json\/wp\/v2\/product\/90582"}],"collection":[{"href":"https:\/\/www.keramika.com\/srbija\/wp-json\/wp\/v2\/product"}],"about":[{"href":"https:\/\/www.keramika.com\/srbija\/wp-json\/wp\/v2\/types\/product"}],"wp:featuredmedia":[{"embeddable":true,"href":"https:\/\/www.keramika.com\/srbija\/wp-json\/wp\/v2\/media\/90583"}],"wp:attachment":[{"href":"https:\/\/www.keramika.com\/srbija\/wp-json\/wp\/v2\/media?parent=90582"}],"wp:term":[{"taxonomy":"product_cat","embeddable":true,"href":"https:\/\/www.keramika.com\/srbija\/wp-json\/wp\/v2\/product_cat?post=90582"},{"taxonomy":"product_tag","embeddable":true,"href":"https:\/\/www.keramika.com\/srbija\/wp-json\/wp\/v2\/product_tag?post=90582"}],"curies":[{"name":"wp","href":"https:\/\/api.w.org\/{rel}","templated":true}]}}