{"id":90574,"date":"2017-07-01T21:50:05","date_gmt":"2017-07-01T21:50:05","guid":{"rendered":"http:\/\/www.ceramictiles.com\/srbija\/product\/mosavit-mozaik-plocice-pandora-ferro-25\/"},"modified":"2026-01-01T00:02:23","modified_gmt":"2026-01-01T00:02:23","slug":"mosavit-mozaik-plocice-pandora-ferro-25","status":"publish","type":"product","link":"https:\/\/www.keramika.com\/srbija\/mosavit-mozaik-plocice-pandora-ferro-25\/","title":{"rendered":"Mosavit mozaik plo\u010dice Pandora Ferro 25"},"content":{"rendered":"<p>Namjesto 17429,4 RSD \u0161to je cena u maloprodaji, Vi pla\u0107ate samo 13943,75 RSD. Veli\u010dina mre\u017ee sa mozaikom je 31,6&#215;31,6 cm, \u0161to omogu\u0107ava jednostavnu ugradnju. Veoma moderan mozaik, dominantne crne boje, oboga\u0107uje savki prostor. 5 mm debljine je dovoljno za zahtevnije kupce. Mosaic Pandora Ferro 25 je proizvod iz \u0160panije te je izuzetno kvalitetna.<\/p>\n<p>Vlasnike kupatilskih salona pozivamo na direktnu saradnju sa proizvo\u0111a\u010dem. Nudimo Vam direktnu kupovinu po neto cijenama i kompletan prospekto propagandni material. Mo\u017eemo Vam organizirati direktnu dobavu za manje koli\u010dine po kurirski po\u0161ti. Pozovite nas da se dobovorio \u2026.<\/p>\n<p>Technical description: <\/p>\n<p>Min. 1 box &#8211; Delivery 30 Euro\/box in EU<\/p>\n","protected":false},"excerpt":{"rendered":"<p>Namjesto 17429,4 RSD \u0161to je cena u maloprodaji, Vi pla\u0107ate samo 13943,75 RSD. Veli\u010dina mre\u017ee sa mozaikom je 31,6&#215;31,6 cm, \u0161to omogu\u0107ava jednostavnu ugradnju. Veoma moderan mozaik, dominantne crne boje, oboga\u0107uje savki prostor. 5 mm debljine je dovoljno za zahtevnije kupce. Mosaic Pandora Ferro 25 je proizvod iz \u0160panije te je izuzetno kvalitetna. Vlasnike kupatilskih [&hellip;]<\/p>\n","protected":false},"featured_media":90575,"template":"","meta":[],"product_cat":[999405,400,999,410],"product_tag":[99950093],"_links":{"self":[{"href":"https:\/\/www.keramika.com\/srbija\/wp-json\/wp\/v2\/product\/90574"}],"collection":[{"href":"https:\/\/www.keramika.com\/srbija\/wp-json\/wp\/v2\/product"}],"about":[{"href":"https:\/\/www.keramika.com\/srbija\/wp-json\/wp\/v2\/types\/product"}],"wp:featuredmedia":[{"embeddable":true,"href":"https:\/\/www.keramika.com\/srbija\/wp-json\/wp\/v2\/media\/90575"}],"wp:attachment":[{"href":"https:\/\/www.keramika.com\/srbija\/wp-json\/wp\/v2\/media?parent=90574"}],"wp:term":[{"taxonomy":"product_cat","embeddable":true,"href":"https:\/\/www.keramika.com\/srbija\/wp-json\/wp\/v2\/product_cat?post=90574"},{"taxonomy":"product_tag","embeddable":true,"href":"https:\/\/www.keramika.com\/srbija\/wp-json\/wp\/v2\/product_tag?post=90574"}],"curies":[{"name":"wp","href":"https:\/\/api.w.org\/{rel}","templated":true}]}}