{"id":90532,"date":"2017-07-01T21:42:23","date_gmt":"2017-07-01T21:42:23","guid":{"rendered":"http:\/\/www.ceramictiles.com\/srbija\/product\/mosavit-mozaik-plocice-pandora-vainiglia-100\/"},"modified":"2026-01-01T00:02:18","modified_gmt":"2026-01-01T00:02:18","slug":"mosavit-mozaik-plocice-pandora-vainiglia-100","status":"publish","type":"product","link":"https:\/\/www.keramika.com\/srbija\/mosavit-mozaik-plocice-pandora-vainiglia-100\/","title":{"rendered":"Mosavit mozaik plo\u010dice Pandora Vainiglia 100"},"content":{"rendered":"<p>Na na\u0161em sajtu, \u0107e te dobiti mozaik za samo 16675 RSD, dok je u maloprodaji 20843,75 RSD. Prilikom izbora mozaika u glavnom be\u017e boji ne\u0107ete pogre\u0161iti Mosaic Pandora Vainiglia 100 dolazi iz \u0160panije, koja je poznata po vrlo visokoj kvaliteta keramike u svetu. Ovaj mozaik je 5 mm, te je vrlo je izdr\u017eljiv. Mozaik plo\u010dice su na mre\u017ei, \u0161to olak\u0161ava njegovu instalaciju. Veli\u010dina mre\u017ee je 31,6&#215;31,6 cm.<\/p>\n<p>Vlasnike kupatilskih salona pozivamo na direktnu saradnju sa proizvo\u0111a\u010dem. Nudimo Vam direktnu kupovinu po neto cijenama i kompletan prospekto propagandni material. Mo\u017eemo Vam organizirati direktnu dobavu za manje koli\u010dine po kurirski po\u0161ti. Pozovite nas da se dobovorio \u2026.<\/p>\n<p>Technical description: <\/p>\n<p>Min. 1 box &#8211; Delivery 30 Euro\/box in EU<\/p>\n","protected":false},"excerpt":{"rendered":"<p>Na na\u0161em sajtu, \u0107e te dobiti mozaik za samo 16675 RSD, dok je u maloprodaji 20843,75 RSD. Prilikom izbora mozaika u glavnom be\u017e boji ne\u0107ete pogre\u0161iti Mosaic Pandora Vainiglia 100 dolazi iz \u0160panije, koja je poznata po vrlo visokoj kvaliteta keramike u svetu. Ovaj mozaik je 5 mm, te je vrlo je izdr\u017eljiv. Mozaik plo\u010dice [&hellip;]<\/p>\n","protected":false},"featured_media":90533,"template":"","meta":[],"product_cat":[999405,400,999,410],"product_tag":[99950093],"_links":{"self":[{"href":"https:\/\/www.keramika.com\/srbija\/wp-json\/wp\/v2\/product\/90532"}],"collection":[{"href":"https:\/\/www.keramika.com\/srbija\/wp-json\/wp\/v2\/product"}],"about":[{"href":"https:\/\/www.keramika.com\/srbija\/wp-json\/wp\/v2\/types\/product"}],"wp:featuredmedia":[{"embeddable":true,"href":"https:\/\/www.keramika.com\/srbija\/wp-json\/wp\/v2\/media\/90533"}],"wp:attachment":[{"href":"https:\/\/www.keramika.com\/srbija\/wp-json\/wp\/v2\/media?parent=90532"}],"wp:term":[{"taxonomy":"product_cat","embeddable":true,"href":"https:\/\/www.keramika.com\/srbija\/wp-json\/wp\/v2\/product_cat?post=90532"},{"taxonomy":"product_tag","embeddable":true,"href":"https:\/\/www.keramika.com\/srbija\/wp-json\/wp\/v2\/product_tag?post=90532"}],"curies":[{"name":"wp","href":"https:\/\/api.w.org\/{rel}","templated":true}]}}