{"id":90524,"date":"2017-07-01T21:40:43","date_gmt":"2017-07-01T21:40:43","guid":{"rendered":"http:\/\/www.ceramictiles.com\/srbija\/product\/mosavit-mozaik-plocice-pandora-tornasol-100\/"},"modified":"2026-01-01T00:02:17","modified_gmt":"2026-01-01T00:02:17","slug":"mosavit-mozaik-plocice-pandora-tornasol-100","status":"publish","type":"product","link":"https:\/\/www.keramika.com\/srbija\/mosavit-mozaik-plocice-pandora-tornasol-100\/","title":{"rendered":"Mosavit mozaik plo\u010dice Pandora Tornasol 100"},"content":{"rendered":"<p>Namjesto 20843,75 RSD \u0161to je cena u maloprodaji, Vi pla\u0107ate samo 16675 RSD. Veoma moderan mozaik, dominantne braon boje, oboga\u0107uje savki prostor. Ovaj mozaik je proizveden od proizvo\u0111a\u010da Mosavit, iz \u0160panije. 5 mm debljina \u0107e zadovoljiti i najzahtevnije kupce. Mozaik plo\u010dice su na mre\u017ei, \u0161to olak\u0161ava njegovu instalaciju. Veli\u010dina mre\u017ee je 31,6&#215;31,6 cm.<\/p>\n<p>Vlasnike kupatilskih salona pozivamo na direktnu saradnju sa proizvo\u0111a\u010dem. Nudimo Vam direktnu kupovinu po neto cijenama i kompletan prospekto propagandni material. Mo\u017eemo Vam organizirati direktnu dobavu za manje koli\u010dine po kurirski po\u0161ti. Pozovite nas da se dobovorio \u2026.<\/p>\n<p>Technical description: <\/p>\n<p>Min. 1 box &#8211; Delivery 30 Euro\/box in EU<\/p>\n","protected":false},"excerpt":{"rendered":"<p>Namjesto 20843,75 RSD \u0161to je cena u maloprodaji, Vi pla\u0107ate samo 16675 RSD. Veoma moderan mozaik, dominantne braon boje, oboga\u0107uje savki prostor. Ovaj mozaik je proizveden od proizvo\u0111a\u010da Mosavit, iz \u0160panije. 5 mm debljina \u0107e zadovoljiti i najzahtevnije kupce. Mozaik plo\u010dice su na mre\u017ei, \u0161to olak\u0161ava njegovu instalaciju. Veli\u010dina mre\u017ee je 31,6&#215;31,6 cm. Vlasnike kupatilskih [&hellip;]<\/p>\n","protected":false},"featured_media":90525,"template":"","meta":[],"product_cat":[999405,400,999,410],"product_tag":[99950093],"_links":{"self":[{"href":"https:\/\/www.keramika.com\/srbija\/wp-json\/wp\/v2\/product\/90524"}],"collection":[{"href":"https:\/\/www.keramika.com\/srbija\/wp-json\/wp\/v2\/product"}],"about":[{"href":"https:\/\/www.keramika.com\/srbija\/wp-json\/wp\/v2\/types\/product"}],"wp:featuredmedia":[{"embeddable":true,"href":"https:\/\/www.keramika.com\/srbija\/wp-json\/wp\/v2\/media\/90525"}],"wp:attachment":[{"href":"https:\/\/www.keramika.com\/srbija\/wp-json\/wp\/v2\/media?parent=90524"}],"wp:term":[{"taxonomy":"product_cat","embeddable":true,"href":"https:\/\/www.keramika.com\/srbija\/wp-json\/wp\/v2\/product_cat?post=90524"},{"taxonomy":"product_tag","embeddable":true,"href":"https:\/\/www.keramika.com\/srbija\/wp-json\/wp\/v2\/product_tag?post=90524"}],"curies":[{"name":"wp","href":"https:\/\/api.w.org\/{rel}","templated":true}]}}