{"id":90514,"date":"2017-08-30T21:38:44","date_gmt":"2017-08-30T21:38:44","guid":{"rendered":"http:\/\/www.ceramictiles.com\/srbija\/product\/mosavit-mozaik-plocice-moondance-negro\/"},"modified":"2026-01-01T00:02:15","modified_gmt":"2026-01-01T00:02:15","slug":"mosavit-mozaik-plocice-moondance-negro","status":"publish","type":"product","link":"https:\/\/www.keramika.com\/srbija\/mosavit-mozaik-plocice-moondance-negro\/","title":{"rendered":"Mosavit mozaik plo\u010dice Moondance Negro"},"content":{"rendered":"<p>Veli\u010dina mre\u017ee sa mozaikom je 31,6&#215;31,6 cm, \u0161to omogu\u0107ava jednostavnu ugradnju. 17608,8 RSD je redovna prodajna cena keramike, tu pa samo 14087,5 RSD. Ovaj mozaik je proizveden od proizvo\u0111a\u010da Mosavit, iz \u0160panije. Prilikom izbora mozaika u glavnom crne boji ne\u0107ete pogre\u0161iti Debljina plo\u010dice je vrlo va\u017ena, 5 mm &#8211; mozaik spada me\u0111u najkvalitetnije.<\/p>\n<p>Vlasnike kupatilskih salona pozivamo na direktnu saradnju sa proizvo\u0111a\u010dem. Nudimo Vam direktnu kupovinu po neto cijenama i kompletan prospekto propagandni material. Mo\u017eemo Vam organizirati direktnu dobavu za manje koli\u010dine po kurirski po\u0161ti. Pozovite nas da se dobovorio \u2026.<\/p>\n<p>Technical description: <\/p>\n<p>Min. 1 box &#8211; Delivery 30 Euro\/box in EU<br \/>\nMre\u017ea: 31,6 k 31,6 cm<br \/>\nVeli\u010dina plo\u010dica: 2,5 k 2,5 cm<\/p>\n","protected":false},"excerpt":{"rendered":"<p>Sjaj efekt na staklenom mozaiku<\/p>\n","protected":false},"featured_media":90515,"template":"","meta":[],"product_cat":[999405,400,999,410],"product_tag":[999500883,99950093],"_links":{"self":[{"href":"https:\/\/www.keramika.com\/srbija\/wp-json\/wp\/v2\/product\/90514"}],"collection":[{"href":"https:\/\/www.keramika.com\/srbija\/wp-json\/wp\/v2\/product"}],"about":[{"href":"https:\/\/www.keramika.com\/srbija\/wp-json\/wp\/v2\/types\/product"}],"wp:featuredmedia":[{"embeddable":true,"href":"https:\/\/www.keramika.com\/srbija\/wp-json\/wp\/v2\/media\/90515"}],"wp:attachment":[{"href":"https:\/\/www.keramika.com\/srbija\/wp-json\/wp\/v2\/media?parent=90514"}],"wp:term":[{"taxonomy":"product_cat","embeddable":true,"href":"https:\/\/www.keramika.com\/srbija\/wp-json\/wp\/v2\/product_cat?post=90514"},{"taxonomy":"product_tag","embeddable":true,"href":"https:\/\/www.keramika.com\/srbija\/wp-json\/wp\/v2\/product_tag?post=90514"}],"curies":[{"name":"wp","href":"https:\/\/api.w.org\/{rel}","templated":true}]}}