{"id":90510,"date":"2017-07-01T21:37:57","date_gmt":"2017-07-01T21:37:57","guid":{"rendered":"http:\/\/www.ceramictiles.com\/srbija\/product\/mozaik-plocice-za-kupatilo-oriental-jacaranda\/"},"modified":"2026-01-01T00:02:15","modified_gmt":"2026-01-01T00:02:15","slug":"mozaik-plocice-za-kupatilo-oriental-jacaranda","status":"publish","type":"product","link":"https:\/\/www.keramika.com\/srbija\/mozaik-plocice-za-kupatilo-oriental-jacaranda\/","title":{"rendered":"Mozaik plo\u010dice za kupatilo Oriental Jacaranda"},"content":{"rendered":"<p>17608,8 RSD je redovna prodajna cena keramike, tu pa samo 14087,5 RSD. Prilikom izbora mozaika u glavnom braon boji ne\u0107ete pogre\u0161iti 5 mm debljine je dovoljno za zahtevnije kupce. Mosaic Oriental Jacaranda je proizvod iz \u0160panije te je izuzetno kvalitetna. Mozaik plo\u010dice su na mre\u017ei, \u0161to olak\u0161ava njegovu instalaciju. Veli\u010dina mre\u017ee je 31,6&#215;31,6 cm.<\/p>\n<p>Vlasnike kupatilskih salona pozivamo na direktnu saradnju sa proizvo\u0111a\u010dem. Nudimo Vam direktnu kupovinu po neto cijenama i kompletan prospekto propagandni material. Mo\u017eemo Vam organizirati direktnu dobavu za manje koli\u010dine po kurirski po\u0161ti. Pozovite nas da se dobovorio \u2026.<\/p>\n<p>Technical description: <\/p>\n<p>Min. 1 box &#8211; Delivery 30 Euro\/box in EU<\/p>\n","protected":false},"excerpt":{"rendered":"<p>17608,8 RSD je redovna prodajna cena keramike, tu pa samo 14087,5 RSD. Prilikom izbora mozaika u glavnom braon boji ne\u0107ete pogre\u0161iti 5 mm debljine je dovoljno za zahtevnije kupce. Mosaic Oriental Jacaranda je proizvod iz \u0160panije te je izuzetno kvalitetna. Mozaik plo\u010dice su na mre\u017ei, \u0161to olak\u0161ava njegovu instalaciju. Veli\u010dina mre\u017ee je 31,6&#215;31,6 cm. Vlasnike [&hellip;]<\/p>\n","protected":false},"featured_media":90511,"template":"","meta":[],"product_cat":[999405,400,999,410],"product_tag":[],"_links":{"self":[{"href":"https:\/\/www.keramika.com\/srbija\/wp-json\/wp\/v2\/product\/90510"}],"collection":[{"href":"https:\/\/www.keramika.com\/srbija\/wp-json\/wp\/v2\/product"}],"about":[{"href":"https:\/\/www.keramika.com\/srbija\/wp-json\/wp\/v2\/types\/product"}],"wp:featuredmedia":[{"embeddable":true,"href":"https:\/\/www.keramika.com\/srbija\/wp-json\/wp\/v2\/media\/90511"}],"wp:attachment":[{"href":"https:\/\/www.keramika.com\/srbija\/wp-json\/wp\/v2\/media?parent=90510"}],"wp:term":[{"taxonomy":"product_cat","embeddable":true,"href":"https:\/\/www.keramika.com\/srbija\/wp-json\/wp\/v2\/product_cat?post=90510"},{"taxonomy":"product_tag","embeddable":true,"href":"https:\/\/www.keramika.com\/srbija\/wp-json\/wp\/v2\/product_tag?post=90510"}],"curies":[{"name":"wp","href":"https:\/\/api.w.org\/{rel}","templated":true}]}}